{"id":5583,"date":"2022-12-02T14:04:35","date_gmt":"2022-12-02T13:04:35","guid":{"rendered":"https:\/\/scullys.eu\/shop\/non%20class\u00e9\/body-milk-lotion-bulgarian-rose\/"},"modified":"2024-10-01T00:01:21","modified_gmt":"2024-09-30T22:01:21","slug":"body-milk-lotion-bulgarian-rose","status":"publish","type":"product","link":"https:\/\/scullys.eu\/fr\/corps\/soins-du-corps-bulgares-rose\/body-milk-lotion-bulgarian-rose\/","title":{"rendered":"Lait Corporel Hydratation Intense &#8211; Huiles Essentielles de Rose de Bulgarie et Amande"},"content":{"rendered":"","protected":false},"excerpt":{"rendered":"<p>Lotion rafra\u00eechissante, l\u00e9g\u00e8re et cr\u00e9meuse, elle nourrit la peau tout en laissant une d\u00e9licate couche de parfum frais. Faite avec des huiles essentielles et enrichi avec de la vitamine E connue pour ses propri\u00e9t\u00e9s r\u00e9paratrices, hydratantes et adoucissantes pour la peau. A base de glyc\u00e9rine pour ne pas alt\u00e9rer le PH naturel de la peau.<br \/>\nLes roses de la meilleure qualit\u00e9 pour extraire l&rsquo;huile de rose proviennent de la vall\u00e9e des roses en Bulgarie, la Rosa Damascena Bulgare, en raison des conditions parfaites du sol et du climat de la r\u00e9gion. Chez Scullys, nous avons d\u00e9velopp\u00e9 notre propre parfum exclusif de rose bulgare.<\/p>\n","protected":false},"featured_media":5584,"template":"","meta":{"_acf_changed":false,"_kad_blocks_custom_css":"","_kad_blocks_head_custom_js":"","_kad_blocks_body_custom_js":"","_kad_blocks_footer_custom_js":""},"product_brand":[],"product_cat":[474,538,539,534,475,482,530,596],"product_tag":[],"class_list":{"0":"post-5583","1":"product","2":"type-product","3":"status-publish","4":"has-post-thumbnail","6":"product_cat-corps","7":"product_cat-soins-du-corps-bulgares-rose","8":"product_cat-classiques-soins-du-corps","9":"product_cat-huile-essentielle-soins-du-corps","10":"product_cat-hydratants-soins-du-corps","11":"product_cat-huile-essentielle","12":"product_cat-rose-fr","13":"product_cat-hydratants-a-la-rose","14":"pa_collection-classiques","15":"pa_fragrance-rose-bulgare","16":"pa_product-type-hydratants","18":"first","19":"instock","20":"purchasable","21":"product-type-simple"},"bundled_by":["5004"],"bundle_stock_status":"instock","bundle_stock_quantity":49,"bundle_virtual":false,"bundle_layout":"","bundle_add_to_cart_form_location":"","bundle_editable_in_cart":false,"bundle_sold_individually_context":"","bundle_item_grouping":"","bundle_min_size":"","bundle_max_size":"","bundled_items":[],"bundle_sell_ids":[],"acf":[],"taxonomy_info":{"product_cat":[{"value":474,"label":"Corps et Bain"},{"value":538,"label":"rose bulgare"},{"value":539,"label":"classiques"},{"value":534,"label":"Huile Essentielle"},{"value":475,"label":"cr\u00e8mes hydratantes"},{"value":482,"label":"Huile Essentielle"},{"value":530,"label":"Rose"},{"value":596,"label":"Hydratants \u00e0 la rose"}],"pa_collection":[{"value":607,"label":"classiques"}],"pa_fragrance":[{"value":627,"label":"rose bulgare"}],"pa_product-type":[{"value":623,"label":"hydratants"}]},"featured_image_src_large":["https:\/\/scullys.eu\/wp-content\/uploads\/2022\/12\/Body_Lotion_300ml_Rose-1-1024x1024.png",1024,1024,true],"author_info":[],"comment_info":"","_links":{"self":[{"href":"https:\/\/scullys.eu\/fr\/wp-json\/wp\/v2\/product\/5583","targetHints":{"allow":["GET"]}}],"collection":[{"href":"https:\/\/scullys.eu\/fr\/wp-json\/wp\/v2\/product"}],"about":[{"href":"https:\/\/scullys.eu\/fr\/wp-json\/wp\/v2\/types\/product"}],"wp:featuredmedia":[{"embeddable":true,"href":"https:\/\/scullys.eu\/fr\/wp-json\/wp\/v2\/media\/5584"}],"wp:attachment":[{"href":"https:\/\/scullys.eu\/fr\/wp-json\/wp\/v2\/media?parent=5583"}],"wp:term":[{"taxonomy":"product_brand","embeddable":true,"href":"https:\/\/scullys.eu\/fr\/wp-json\/wp\/v2\/product_brand?post=5583"},{"taxonomy":"product_cat","embeddable":true,"href":"https:\/\/scullys.eu\/fr\/wp-json\/wp\/v2\/product_cat?post=5583"},{"taxonomy":"product_tag","embeddable":true,"href":"https:\/\/scullys.eu\/fr\/wp-json\/wp\/v2\/product_tag?post=5583"}],"curies":[{"name":"wp","href":"https:\/\/api.w.org\/{rel}","templated":true}]}}