{"id":5573,"date":"2022-12-02T14:04:35","date_gmt":"2022-12-02T13:04:35","guid":{"rendered":"https:\/\/scullys.eu\/shop\/non%20class\u00e9\/hand-wash-lavender\/"},"modified":"2024-10-01T00:01:20","modified_gmt":"2024-09-30T22:01:20","slug":"hand-wash-lavender","status":"publish","type":"product","link":"https:\/\/scullys.eu\/fr\/soins-des-mains\/classiques-soins-des-mains\/hand-wash-lavender\/","title":{"rendered":"D\u00e9tergent Mains Hydratation Souple &#8211; Huile Essentielle de Lavande Purifiante"},"content":{"rendered":"","protected":false},"excerpt":{"rendered":"<p>Savon liquide doux, d\u00e9licat \u00e0 utiliser souvent au quotidien. A base de glyc\u00e9rine pour ne pas alt\u00e9rer le PH naturel de la peau.<\/p>\n","protected":false},"featured_media":5574,"template":"","meta":{"_acf_changed":false,"_kad_blocks_custom_css":"","_kad_blocks_head_custom_js":"","_kad_blocks_body_custom_js":"","_kad_blocks_footer_custom_js":""},"product_brand":[],"product_cat":[547,554,497,498,586,507,515],"product_tag":[],"class_list":{"0":"post-5573","1":"product","2":"type-product","3":"status-publish","4":"has-post-thumbnail","6":"product_cat-soins-des-mains","7":"product_cat-classiques-soins-des-mains","8":"product_cat-lavage-a-la-main-soins-des-mains","9":"product_cat-lavende-soins-des-mains","10":"product_cat-lavende","11":"product_cat-gel-douche-a-la-lavande","12":"product_cat-lavender-massage-23-fr","13":"pa_collection-classiques","14":"pa_fragrance-lavende","15":"pa_product-type-lavage-a-la-main","17":"first","18":"instock","19":"purchasable","20":"product-type-simple"},"bundled_by":["4994"],"bundle_stock_status":"instock","bundle_stock_quantity":89,"bundle_virtual":false,"bundle_layout":"","bundle_add_to_cart_form_location":"","bundle_editable_in_cart":false,"bundle_sold_individually_context":"","bundle_item_grouping":"","bundle_min_size":"","bundle_max_size":"","bundled_items":[],"bundle_sell_ids":[],"acf":[],"taxonomy_info":{"product_cat":[{"value":547,"label":"Mains"},{"value":554,"label":"classiques"},{"value":497,"label":"D\u00e9tergent Mains"},{"value":498,"label":"lavande"},{"value":586,"label":"Lavende"},{"value":507,"label":"Gel douche \u00e0 la lavande"},{"value":515,"label":"Lavender massage [disabled]"}],"pa_collection":[{"value":607,"label":"classiques"}],"pa_fragrance":[{"value":622,"label":"lavende"}],"pa_product-type":[{"value":644,"label":"lavage \u00e0 la main"}]},"featured_image_src_large":["https:\/\/scullys.eu\/wp-content\/uploads\/2022\/12\/Lavender_HandWash_300ml_WhiteBG-1024x1024.png",1024,1024,true],"author_info":[],"comment_info":"","_links":{"self":[{"href":"https:\/\/scullys.eu\/fr\/wp-json\/wp\/v2\/product\/5573","targetHints":{"allow":["GET"]}}],"collection":[{"href":"https:\/\/scullys.eu\/fr\/wp-json\/wp\/v2\/product"}],"about":[{"href":"https:\/\/scullys.eu\/fr\/wp-json\/wp\/v2\/types\/product"}],"wp:featuredmedia":[{"embeddable":true,"href":"https:\/\/scullys.eu\/fr\/wp-json\/wp\/v2\/media\/5574"}],"wp:attachment":[{"href":"https:\/\/scullys.eu\/fr\/wp-json\/wp\/v2\/media?parent=5573"}],"wp:term":[{"taxonomy":"product_brand","embeddable":true,"href":"https:\/\/scullys.eu\/fr\/wp-json\/wp\/v2\/product_brand?post=5573"},{"taxonomy":"product_cat","embeddable":true,"href":"https:\/\/scullys.eu\/fr\/wp-json\/wp\/v2\/product_cat?post=5573"},{"taxonomy":"product_tag","embeddable":true,"href":"https:\/\/scullys.eu\/fr\/wp-json\/wp\/v2\/product_tag?post=5573"}],"curies":[{"name":"wp","href":"https:\/\/api.w.org\/{rel}","templated":true}]}}