{"id":5552,"date":"2022-12-02T14:04:35","date_gmt":"2022-12-02T13:04:35","guid":{"rendered":"https:\/\/scullys.eu\/shop\/non%20class\u00e9\/glycerine-soap-white-gardenia\/"},"modified":"2024-10-01T00:01:19","modified_gmt":"2024-09-30T22:01:19","slug":"glycerine-soap-white-gardenia","status":"publish","type":"product","link":"https:\/\/scullys.eu\/fr\/gardenia\/pain-de-savon-gardenia\/glycerine-soap-white-gardenia\/","title":{"rendered":"Savon \u00e0 la Glyc\u00e9rine Protection Peau &#8211; Avec Huile Essentielle de Gardenia Blanc"},"content":{"rendered":"","protected":false},"excerpt":{"rendered":"<p>Le savon \u00e0 base de glyc\u00e9rine a la capacit\u00e9 de nettoyer sans \u00e9liminer les huiles naturelles de la peau, ce qui donne une peau lisse et soyeuse. Particuli\u00e8rement b\u00e9n\u00e9fique pour les peaux s\u00e8ches. Fait avec de l&rsquo;huile essentielle de gard\u00e9nia. Chez Scullys, nous sommes tr\u00e8s fiers de nos 30 ans d&rsquo;histoire, et tous nos savons \u00e0 la glyc\u00e9rine sont encore produits en utilisant la forme et le design du moule artisanal qui a \u00e9t\u00e9 con\u00e7u \u00e0 l&rsquo;origine pour notre premier \u00ab\u00a0Savon \u00e0 la lavande de Scully\u00a0\u00bb. C&rsquo;\u00e9tait aussi le premier nom de notre entreprise, et c&rsquo;est ainsi que nous continuons \u00e0 nommer tous nos savons \u00e0 base de glyc\u00e9rine parfum\u00e9s.<\/p>\n","protected":false},"featured_media":5553,"template":"","meta":{"_acf_changed":false,"_kad_blocks_custom_css":"","_kad_blocks_head_custom_js":"","_kad_blocks_body_custom_js":"","_kad_blocks_footer_custom_js":""},"product_brand":[],"product_cat":[483,569,547,554,503,504],"product_tag":[],"class_list":{"0":"post-5552","1":"product","2":"type-product","3":"status-publish","4":"has-post-thumbnail","6":"product_cat-gardenia","7":"product_cat-pain-de-savon-gardenia","8":"product_cat-soins-des-mains","9":"product_cat-classiques-soins-des-mains","10":"product_cat-pain-de-savon-soins-des-mains","11":"product_cat-gardenia-blanc-soins-des-mains","12":"pa_collection-classiques","13":"pa_fragrance-gardenia-blanc","14":"pa_product-type-pain-de-savon","16":"first","17":"instock","18":"purchasable","19":"product-type-simple"},"bundled_by":[],"bundle_stock_status":"instock","bundle_stock_quantity":131,"bundle_virtual":false,"bundle_layout":"","bundle_add_to_cart_form_location":"","bundle_editable_in_cart":false,"bundle_sold_individually_context":"","bundle_item_grouping":"","bundle_min_size":"","bundle_max_size":"","bundled_items":[],"bundle_sell_ids":[],"acf":[],"taxonomy_info":{"product_cat":[{"value":483,"label":"Gardenia"},{"value":569,"label":"Savon Gardenia"},{"value":547,"label":"Mains"},{"value":554,"label":"classiques"},{"value":503,"label":"pain de savon"},{"value":504,"label":"gard\u00e9nia blanc"}],"pa_collection":[{"value":607,"label":"classiques"}],"pa_fragrance":[{"value":631,"label":"gard\u00e9nia blanc"}],"pa_product-type":[{"value":634,"label":"pain de savon"}]},"featured_image_src_large":["https:\/\/scullys.eu\/wp-content\/uploads\/2022\/12\/Gardenia_Glycerine_Soap_Boxed-scaled-1-1024x1024.png",1024,1024,true],"author_info":[],"comment_info":"","_links":{"self":[{"href":"https:\/\/scullys.eu\/fr\/wp-json\/wp\/v2\/product\/5552","targetHints":{"allow":["GET"]}}],"collection":[{"href":"https:\/\/scullys.eu\/fr\/wp-json\/wp\/v2\/product"}],"about":[{"href":"https:\/\/scullys.eu\/fr\/wp-json\/wp\/v2\/types\/product"}],"wp:featuredmedia":[{"embeddable":true,"href":"https:\/\/scullys.eu\/fr\/wp-json\/wp\/v2\/media\/5553"}],"wp:attachment":[{"href":"https:\/\/scullys.eu\/fr\/wp-json\/wp\/v2\/media?parent=5552"}],"wp:term":[{"taxonomy":"product_brand","embeddable":true,"href":"https:\/\/scullys.eu\/fr\/wp-json\/wp\/v2\/product_brand?post=5552"},{"taxonomy":"product_cat","embeddable":true,"href":"https:\/\/scullys.eu\/fr\/wp-json\/wp\/v2\/product_cat?post=5552"},{"taxonomy":"product_tag","embeddable":true,"href":"https:\/\/scullys.eu\/fr\/wp-json\/wp\/v2\/product_tag?post=5552"}],"curies":[{"name":"wp","href":"https:\/\/api.w.org\/{rel}","templated":true}]}}