{"id":5543,"date":"2022-12-02T14:04:35","date_gmt":"2022-12-02T13:04:35","guid":{"rendered":"https:\/\/scullys.eu\/shop\/non%20class\u00e9\/moisturising-soap-white-gardenia\/"},"modified":"2024-10-01T00:01:16","modified_gmt":"2024-09-30T22:01:16","slug":"moisturising-soap-white-gardenia","status":"publish","type":"product","link":"https:\/\/scullys.eu\/fr\/corps\/douche-bain-soin-du-corps\/moisturising-soap-white-gardenia\/","title":{"rendered":"Savon Hydratant mains&#038;corps &#8211; Avec Huiles Essentielles de Gard\u00e9nia Blanc et Germe de Bl\u00e9"},"content":{"rendered":"","protected":false},"excerpt":{"rendered":"<p>Savon artisanal, extra-doux, \u00e0 base v\u00e9g\u00e9tale, enrichi d&rsquo;huile de germe de bl\u00e9, d&rsquo;huiles essentielles, de vitamine E et de beurre de karit\u00e9, r\u00e9put\u00e9 pour ses propri\u00e9t\u00e9s hydratantes et apaisantes pour la peau. La formule douce et profond\u00e9ment hydratante de ce savon en fait un produit id\u00e9al pour tous les types de peau, notamment les peaux s\u00e8ches, et sans danger pour un usage quotidien fr\u00e9quent.<\/p>\n","protected":false},"featured_media":5544,"template":"","meta":{"_acf_changed":false,"_kad_blocks_custom_css":"","_kad_blocks_head_custom_js":"","_kad_blocks_body_custom_js":"","_kad_blocks_footer_custom_js":""},"product_brand":[],"product_cat":[474,478,539,475,481,483,486,562,569,547,554,499,503,504,600],"product_tag":[],"class_list":{"0":"post-5543","1":"product","2":"type-product","3":"status-publish","4":"has-post-thumbnail","6":"product_cat-corps","7":"product_cat-douche-bain-soin-du-corps","8":"product_cat-classiques-soins-du-corps","9":"product_cat-hydratants-soins-du-corps","10":"product_cat-blanc-gardenia-soins-du-corps","11":"product_cat-gardenia","12":"product_cat-hydratants-au-gardenia","13":"product_cat-gel-douche-et-bain-gardenia","14":"product_cat-pain-de-savon-gardenia","15":"product_cat-soins-des-mains","16":"product_cat-classiques-soins-des-mains","17":"product_cat-cremes-hydratantes-soins-des-mains","18":"product_cat-pain-de-savon-soins-des-mains","19":"product_cat-gardenia-blanc-soins-des-mains","20":"product_cat-savons","21":"pa_collection-classiques","22":"pa_fragrance-gardenia-blanc","23":"pa_product-type-pain-de-savon","25":"first","26":"instock","27":"purchasable","28":"product-type-simple"},"bundled_by":[],"bundle_stock_status":"instock","bundle_stock_quantity":77,"bundle_virtual":false,"bundle_layout":"","bundle_add_to_cart_form_location":"","bundle_editable_in_cart":false,"bundle_sold_individually_context":"","bundle_item_grouping":"","bundle_min_size":"","bundle_max_size":"","bundled_items":[],"bundle_sell_ids":[],"acf":[],"taxonomy_info":{"product_cat":[{"value":474,"label":"Corps et Bain"},{"value":478,"label":"douche et bain"},{"value":539,"label":"classiques"},{"value":475,"label":"cr\u00e8mes hydratantes"},{"value":481,"label":"gard\u00e9nia blanc"},{"value":483,"label":"Gardenia"},{"value":486,"label":"Hydratants au gard\u00e9nia"},{"value":562,"label":"Gel douche et bain Gardenia"},{"value":569,"label":"Savon Gardenia"},{"value":547,"label":"Mains"},{"value":554,"label":"classiques"},{"value":499,"label":"cr\u00e8mes hydratantes"},{"value":503,"label":"pain de savon"},{"value":504,"label":"gard\u00e9nia blanc"},{"value":600,"label":"Savons"}],"pa_collection":[{"value":607,"label":"classiques"}],"pa_fragrance":[{"value":631,"label":"gard\u00e9nia blanc"}],"pa_product-type":[{"value":634,"label":"pain de savon"}]},"featured_image_src_large":["https:\/\/scullys.eu\/wp-content\/uploads\/2022\/12\/Gardenia_single_Moist_soap-scaled-1-1024x1024.png",1024,1024,true],"author_info":[],"comment_info":"","_links":{"self":[{"href":"https:\/\/scullys.eu\/fr\/wp-json\/wp\/v2\/product\/5543","targetHints":{"allow":["GET"]}}],"collection":[{"href":"https:\/\/scullys.eu\/fr\/wp-json\/wp\/v2\/product"}],"about":[{"href":"https:\/\/scullys.eu\/fr\/wp-json\/wp\/v2\/types\/product"}],"wp:featuredmedia":[{"embeddable":true,"href":"https:\/\/scullys.eu\/fr\/wp-json\/wp\/v2\/media\/5544"}],"wp:attachment":[{"href":"https:\/\/scullys.eu\/fr\/wp-json\/wp\/v2\/media?parent=5543"}],"wp:term":[{"taxonomy":"product_brand","embeddable":true,"href":"https:\/\/scullys.eu\/fr\/wp-json\/wp\/v2\/product_brand?post=5543"},{"taxonomy":"product_cat","embeddable":true,"href":"https:\/\/scullys.eu\/fr\/wp-json\/wp\/v2\/product_cat?post=5543"},{"taxonomy":"product_tag","embeddable":true,"href":"https:\/\/scullys.eu\/fr\/wp-json\/wp\/v2\/product_tag?post=5543"}],"curies":[{"name":"wp","href":"https:\/\/api.w.org\/{rel}","templated":true}]}}