{"id":5533,"date":"2022-12-02T14:04:35","date_gmt":"2022-12-02T13:04:35","guid":{"rendered":"https:\/\/scullys.eu\/shop\/non%20class\u00e9\/hand-wash-white-gardenia\/"},"modified":"2024-10-01T00:01:15","modified_gmt":"2024-09-30T22:01:15","slug":"hand-wash-white-gardenia","status":"publish","type":"product","link":"https:\/\/scullys.eu\/fr\/gardenia\/gardenia-lavage-a-la-main\/hand-wash-white-gardenia\/","title":{"rendered":"D\u00e9tergent Mains Hydratation Souple &#8211; Huile Essentielle de Gardenia Blanc"},"content":{"rendered":"","protected":false},"excerpt":{"rendered":"<p>Savon liquide doux, d\u00e9licat \u00e0 utiliser souvent au quotidien. A base de glyc\u00e9rine pour ne pas alt\u00e9rer le PH naturel de la peau.<\/p>\n","protected":false},"featured_media":5534,"template":"","meta":{"_acf_changed":false,"_kad_blocks_custom_css":"","_kad_blocks_head_custom_js":"","_kad_blocks_body_custom_js":"","_kad_blocks_footer_custom_js":""},"product_brand":[],"product_cat":[483,485,547,554,497,504],"product_tag":[],"class_list":{"0":"post-5533","1":"product","2":"type-product","3":"status-publish","4":"has-post-thumbnail","6":"product_cat-gardenia","7":"product_cat-gardenia-lavage-a-la-main","8":"product_cat-soins-des-mains","9":"product_cat-classiques-soins-des-mains","10":"product_cat-lavage-a-la-main-soins-des-mains","11":"product_cat-gardenia-blanc-soins-des-mains","12":"pa_collection-classiques","13":"pa_fragrance-gardenia-blanc","14":"pa_product-type-lavage-a-la-main","16":"first","17":"instock","18":"purchasable","19":"product-type-simple"},"bundled_by":[],"bundle_stock_status":"instock","bundle_stock_quantity":90,"bundle_virtual":false,"bundle_layout":"","bundle_add_to_cart_form_location":"","bundle_editable_in_cart":false,"bundle_sold_individually_context":"","bundle_item_grouping":"","bundle_min_size":"","bundle_max_size":"","bundled_items":[],"bundle_sell_ids":[],"acf":[],"taxonomy_info":{"product_cat":[{"value":483,"label":"Gardenia"},{"value":485,"label":"D\u00e9tergent Mains Gardenia"},{"value":547,"label":"Mains"},{"value":554,"label":"classiques"},{"value":497,"label":"D\u00e9tergent Mains"},{"value":504,"label":"gard\u00e9nia blanc"}],"pa_collection":[{"value":607,"label":"classiques"}],"pa_fragrance":[{"value":631,"label":"gard\u00e9nia blanc"}],"pa_product-type":[{"value":644,"label":"lavage \u00e0 la main"}]},"featured_image_src_large":["https:\/\/scullys.eu\/wp-content\/uploads\/2022\/12\/Gardenia_HandWash_300ml_WhiteBG-1024x1024.png",1024,1024,true],"author_info":[],"comment_info":"","_links":{"self":[{"href":"https:\/\/scullys.eu\/fr\/wp-json\/wp\/v2\/product\/5533","targetHints":{"allow":["GET"]}}],"collection":[{"href":"https:\/\/scullys.eu\/fr\/wp-json\/wp\/v2\/product"}],"about":[{"href":"https:\/\/scullys.eu\/fr\/wp-json\/wp\/v2\/types\/product"}],"wp:featuredmedia":[{"embeddable":true,"href":"https:\/\/scullys.eu\/fr\/wp-json\/wp\/v2\/media\/5534"}],"wp:attachment":[{"href":"https:\/\/scullys.eu\/fr\/wp-json\/wp\/v2\/media?parent=5533"}],"wp:term":[{"taxonomy":"product_brand","embeddable":true,"href":"https:\/\/scullys.eu\/fr\/wp-json\/wp\/v2\/product_brand?post=5533"},{"taxonomy":"product_cat","embeddable":true,"href":"https:\/\/scullys.eu\/fr\/wp-json\/wp\/v2\/product_cat?post=5533"},{"taxonomy":"product_tag","embeddable":true,"href":"https:\/\/scullys.eu\/fr\/wp-json\/wp\/v2\/product_tag?post=5533"}],"curies":[{"name":"wp","href":"https:\/\/api.w.org\/{rel}","templated":true}]}}