{"id":5528,"date":"2022-12-02T14:04:35","date_gmt":"2022-12-02T13:04:35","guid":{"rendered":"https:\/\/scullys.eu\/shop\/non%20class\u00e9\/shower-and-bath-wash-lavender\/"},"modified":"2024-10-01T00:01:13","modified_gmt":"2024-09-30T22:01:13","slug":"shower-and-bath-wash-lavender","status":"publish","type":"product","link":"https:\/\/scullys.eu\/fr\/corps\/douche-bain-soin-du-corps\/shower-and-bath-wash-lavender\/","title":{"rendered":"Gel douche et bain doux &#8211; Huile Essentielle de Lavande Purifiante"},"content":{"rendered":"","protected":false},"excerpt":{"rendered":"<p>Gel liquide nettoyant en douceur aux huiles essentielles pures. A base de glyc\u00e9rine, pour nettoyer sans enlever les huiles naturelles de la peau. Id\u00e9al pour les peaux s\u00e8ches et tous les types de peau<\/p>\n","protected":false},"featured_media":5529,"template":"","meta":{"_acf_changed":false,"_kad_blocks_custom_css":"","_kad_blocks_head_custom_js":"","_kad_blocks_body_custom_js":"","_kad_blocks_footer_custom_js":""},"product_brand":[],"product_cat":[474,478,539,534,541,482,586,515,510],"product_tag":[],"class_list":{"0":"post-5528","1":"product","2":"type-product","3":"status-publish","4":"has-post-thumbnail","6":"product_cat-corps","7":"product_cat-douche-bain-soin-du-corps","8":"product_cat-classiques-soins-du-corps","9":"product_cat-huile-essentielle-soins-du-corps","10":"product_cat-soins-du-corps-a-la-lavande","11":"product_cat-huile-essentielle","12":"product_cat-lavende","13":"product_cat-lavender-massage-23-fr","14":"product_cat-bain-et-douche-a-la-lavande","15":"pa_collection-classiques","16":"pa_fragrance-lavende","17":"pa_product-type-douche-et-bain","19":"first","20":"instock","21":"purchasable","22":"product-type-simple"},"bundled_by":["5000"],"bundle_stock_status":"instock","bundle_stock_quantity":76,"bundle_virtual":false,"bundle_layout":"","bundle_add_to_cart_form_location":"","bundle_editable_in_cart":false,"bundle_sold_individually_context":"","bundle_item_grouping":"","bundle_min_size":"","bundle_max_size":"","bundled_items":[],"bundle_sell_ids":[],"acf":[],"taxonomy_info":{"product_cat":[{"value":474,"label":"Corps et Bain"},{"value":478,"label":"douche et bain"},{"value":539,"label":"classiques"},{"value":534,"label":"Huile Essentielle"},{"value":541,"label":"lavande"},{"value":482,"label":"Huile Essentielle"},{"value":586,"label":"Lavende"},{"value":515,"label":"Lavender massage [disabled]"},{"value":510,"label":"Bain et douche \u00e0 la lavande"}],"pa_collection":[{"value":607,"label":"classiques"}],"pa_fragrance":[{"value":622,"label":"lavende"}],"pa_product-type":[{"value":639,"label":"douche et bain"}]},"featured_image_src_large":["https:\/\/scullys.eu\/wp-content\/uploads\/2022\/12\/Lavender_Bath_Wash_New-scaled-1-1024x1024.png",1024,1024,true],"author_info":[],"comment_info":"","_links":{"self":[{"href":"https:\/\/scullys.eu\/fr\/wp-json\/wp\/v2\/product\/5528","targetHints":{"allow":["GET"]}}],"collection":[{"href":"https:\/\/scullys.eu\/fr\/wp-json\/wp\/v2\/product"}],"about":[{"href":"https:\/\/scullys.eu\/fr\/wp-json\/wp\/v2\/types\/product"}],"wp:featuredmedia":[{"embeddable":true,"href":"https:\/\/scullys.eu\/fr\/wp-json\/wp\/v2\/media\/5529"}],"wp:attachment":[{"href":"https:\/\/scullys.eu\/fr\/wp-json\/wp\/v2\/media?parent=5528"}],"wp:term":[{"taxonomy":"product_brand","embeddable":true,"href":"https:\/\/scullys.eu\/fr\/wp-json\/wp\/v2\/product_brand?post=5528"},{"taxonomy":"product_cat","embeddable":true,"href":"https:\/\/scullys.eu\/fr\/wp-json\/wp\/v2\/product_cat?post=5528"},{"taxonomy":"product_tag","embeddable":true,"href":"https:\/\/scullys.eu\/fr\/wp-json\/wp\/v2\/product_tag?post=5528"}],"curies":[{"name":"wp","href":"https:\/\/api.w.org\/{rel}","templated":true}]}}