{"id":5523,"date":"2022-12-02T14:04:35","date_gmt":"2022-12-02T13:04:35","guid":{"rendered":"https:\/\/scullys.eu\/shop\/non%20class\u00e9\/shower-and-bath-wash-bulgarian-rose\/"},"modified":"2024-10-01T00:01:13","modified_gmt":"2024-09-30T22:01:13","slug":"shower-and-bath-wash-bulgarian-rose","status":"publish","type":"product","link":"https:\/\/scullys.eu\/fr\/corps\/douche-bain-soin-du-corps\/shower-and-bath-wash-bulgarian-rose\/","title":{"rendered":"Gel Douche et Bain Doux &#8211; Huile Essentielle de Rose Bulgare"},"content":{"rendered":"","protected":false},"excerpt":{"rendered":"<p>Gel liquide nettoyant en douceur aux huiles essentielles pures. A base de glyc\u00e9rine, pour nettoyer sans enlever les huiles naturelles de la peau. Id\u00e9al pour les peaux s\u00e8ches et tous les types de peau. Les roses de la meilleure qualit\u00e9 pour extraire l&rsquo;huile de rose proviennent de la vall\u00e9e des roses en Bulgarie, la Rosa Damascena de Bulgarie, en raison des conditions parfaites du sol et du climat de la r\u00e9gion. Chez Scullys, nous avons d\u00e9velopp\u00e9 notre propre fragrance exclusive de rose bulgare.<\/p>\n","protected":false},"featured_media":5524,"template":"","meta":{"_acf_changed":false,"_kad_blocks_custom_css":"","_kad_blocks_head_custom_js":"","_kad_blocks_body_custom_js":"","_kad_blocks_footer_custom_js":""},"product_brand":[],"product_cat":[474,478,538,539,534,482,530,597],"product_tag":[],"class_list":{"0":"post-5523","1":"product","2":"type-product","3":"status-publish","4":"has-post-thumbnail","6":"product_cat-corps","7":"product_cat-douche-bain-soin-du-corps","8":"product_cat-soins-du-corps-bulgares-rose","9":"product_cat-classiques-soins-du-corps","10":"product_cat-huile-essentielle-soins-du-corps","11":"product_cat-huile-essentielle","12":"product_cat-rose-fr","13":"product_cat-gel-douche-et-bain-a-la-rose","14":"pa_collection-classiques","15":"pa_fragrance-rose-bulgare","16":"pa_product-type-douche-et-bain","18":"first","19":"instock","20":"purchasable","21":"product-type-simple"},"bundled_by":["4999","5004"],"bundle_stock_status":"instock","bundle_stock_quantity":78,"bundle_virtual":false,"bundle_layout":"","bundle_add_to_cart_form_location":"","bundle_editable_in_cart":false,"bundle_sold_individually_context":"","bundle_item_grouping":"","bundle_min_size":"","bundle_max_size":"","bundled_items":[],"bundle_sell_ids":[],"acf":[],"taxonomy_info":{"product_cat":[{"value":474,"label":"Corps et Bain"},{"value":478,"label":"douche et bain"},{"value":538,"label":"rose bulgare"},{"value":539,"label":"classiques"},{"value":534,"label":"Huile Essentielle"},{"value":482,"label":"Huile Essentielle"},{"value":530,"label":"Rose"},{"value":597,"label":"Gel douche et bain \u00e0 la rose"}],"pa_collection":[{"value":607,"label":"classiques"}],"pa_fragrance":[{"value":627,"label":"rose bulgare"}],"pa_product-type":[{"value":639,"label":"douche et bain"}]},"featured_image_src_large":["https:\/\/scullys.eu\/wp-content\/uploads\/2022\/12\/Rose_Bath_Wash_New-scaled-1-1024x1024.png",1024,1024,true],"author_info":[],"comment_info":"","_links":{"self":[{"href":"https:\/\/scullys.eu\/fr\/wp-json\/wp\/v2\/product\/5523","targetHints":{"allow":["GET"]}}],"collection":[{"href":"https:\/\/scullys.eu\/fr\/wp-json\/wp\/v2\/product"}],"about":[{"href":"https:\/\/scullys.eu\/fr\/wp-json\/wp\/v2\/types\/product"}],"wp:featuredmedia":[{"embeddable":true,"href":"https:\/\/scullys.eu\/fr\/wp-json\/wp\/v2\/media\/5524"}],"wp:attachment":[{"href":"https:\/\/scullys.eu\/fr\/wp-json\/wp\/v2\/media?parent=5523"}],"wp:term":[{"taxonomy":"product_brand","embeddable":true,"href":"https:\/\/scullys.eu\/fr\/wp-json\/wp\/v2\/product_brand?post=5523"},{"taxonomy":"product_cat","embeddable":true,"href":"https:\/\/scullys.eu\/fr\/wp-json\/wp\/v2\/product_cat?post=5523"},{"taxonomy":"product_tag","embeddable":true,"href":"https:\/\/scullys.eu\/fr\/wp-json\/wp\/v2\/product_tag?post=5523"}],"curies":[{"name":"wp","href":"https:\/\/api.w.org\/{rel}","templated":true}]}}