{"id":5498,"date":"2022-12-02T14:04:35","date_gmt":"2022-12-02T13:04:35","guid":{"rendered":"https:\/\/scullys.eu\/shop\/non%20class\u00e9\/moisturising-soap-blush-peony-artisan-rose\/"},"modified":"2023-03-16T17:30:31","modified_gmt":"2023-03-16T16:30:31","slug":"moisturising-soap-blush-peony-artisan-rose","status":"publish","type":"product","link":"https:\/\/scullys.eu\/fr\/pivoine-rouge\/hydratants-blush-peony\/moisturising-soap-blush-peony-artisan-rose\/","title":{"rendered":"Savon Hydratant mains&#038;corps &#8211; Avec Huiles Essentielles de Pivoine, Rose, Germe de Bl\u00e9, Bois de Santal, Jasmin et Ylang Ylang."},"content":{"rendered":"","protected":false},"excerpt":{"rendered":"<p>Savon artisanal, extra-doux, \u00e0 base v\u00e9g\u00e9tale, enrichi d&rsquo;huile de germe de bl\u00e9, d&rsquo;huiles essentielles, de vitamine E et de beurre de karit\u00e9, r\u00e9put\u00e9 pour ses propri\u00e9t\u00e9s hydratantes et apaisantes pour la peau. La formule douce et profond\u00e9ment hydratante de ce savon en fait un produit id\u00e9al pour tous les types de peau, notamment les peaux s\u00e8ches, et sans danger pour un usage quotidien fr\u00e9quent.<\/p>\n","protected":false},"featured_media":5499,"template":"","meta":{"_acf_changed":false,"_kad_blocks_custom_css":"","_kad_blocks_head_custom_js":"","_kad_blocks_body_custom_js":"","_kad_blocks_footer_custom_js":""},"product_brand":[],"product_cat":[466,468,470,471,474,478,537,539,475,547,552,550,554,499,503,530,596,597,598,600],"product_tag":[],"class_list":{"0":"post-5498","1":"product","2":"type-product","3":"status-publish","4":"has-post-thumbnail","6":"product_cat-pivoine-rouge","7":"product_cat-hydratants-blush-peony","8":"product_cat-douche-et-bain-blush-peony","9":"product_cat-pain-de-savon-blush-peony","10":"product_cat-corps","11":"product_cat-douche-bain-soin-du-corps","12":"product_cat-soins-du-corps-blush-peony","13":"product_cat-classiques-soins-du-corps","14":"product_cat-hydratants-soins-du-corps","15":"product_cat-soins-des-mains","16":"product_cat-pivoine-blush-soins-des-mains","17":"product_cat-pivoine-blush-rose-artisanale-soins-des-mains","18":"product_cat-classiques-soins-des-mains","19":"product_cat-cremes-hydratantes-soins-des-mains","20":"product_cat-pain-de-savon-soins-des-mains","21":"product_cat-rose-fr","22":"product_cat-hydratants-a-la-rose","23":"product_cat-gel-douche-et-bain-a-la-rose","24":"product_cat-savon-a-la-rose","25":"product_cat-savons","26":"pa_collection-classiques","27":"pa_fragrance-pivoine-blush-rose-artisanale","28":"pa_product-type-pain-de-savon","30":"first","31":"instock","32":"purchasable","33":"product-type-simple"},"bundled_by":["4991","5004"],"bundle_stock_status":"instock","bundle_stock_quantity":76,"bundle_virtual":false,"bundle_layout":"","bundle_add_to_cart_form_location":"","bundle_editable_in_cart":false,"bundle_sold_individually_context":"","bundle_item_grouping":"","bundle_min_size":"","bundle_max_size":"","bundled_items":[],"bundle_sell_ids":[],"acf":[],"taxonomy_info":{"product_cat":[{"value":466,"label":"Pivoine Rouge"},{"value":468,"label":"Hydratants Blush Peony"},{"value":470,"label":"Douche et Bain Blush Peony"},{"value":471,"label":"Savon Blush Peony"},{"value":474,"label":"Corps et Bain"},{"value":478,"label":"douche et bain"},{"value":537,"label":"pivoine blush"},{"value":539,"label":"classiques"},{"value":475,"label":"cr\u00e8mes hydratantes"},{"value":547,"label":"Mains"},{"value":552,"label":"pivoine blush"},{"value":550,"label":"pivoine blush &amp; rose artisanale"},{"value":554,"label":"classiques"},{"value":499,"label":"cr\u00e8mes hydratantes"},{"value":503,"label":"pain de savon"},{"value":530,"label":"Rose"},{"value":596,"label":"Hydratants \u00e0 la rose"},{"value":597,"label":"Gel douche et bain \u00e0 la rose"},{"value":598,"label":"Savon \u00e0 la rose"},{"value":600,"label":"Savons"}],"pa_collection":[{"value":607,"label":"classiques"}],"pa_fragrance":[{"value":642,"label":"pivoine blush &amp; rose artisanale"}],"pa_product-type":[{"value":634,"label":"pain de savon"}]},"featured_image_src_large":["https:\/\/scullys.eu\/wp-content\/uploads\/2022\/12\/Peony_Artisan_Rose_Soap-scaled-1-1024x1024.png",1024,1024,true],"author_info":[],"comment_info":"","_links":{"self":[{"href":"https:\/\/scullys.eu\/fr\/wp-json\/wp\/v2\/product\/5498","targetHints":{"allow":["GET"]}}],"collection":[{"href":"https:\/\/scullys.eu\/fr\/wp-json\/wp\/v2\/product"}],"about":[{"href":"https:\/\/scullys.eu\/fr\/wp-json\/wp\/v2\/types\/product"}],"wp:featuredmedia":[{"embeddable":true,"href":"https:\/\/scullys.eu\/fr\/wp-json\/wp\/v2\/media\/5499"}],"wp:attachment":[{"href":"https:\/\/scullys.eu\/fr\/wp-json\/wp\/v2\/media?parent=5498"}],"wp:term":[{"taxonomy":"product_brand","embeddable":true,"href":"https:\/\/scullys.eu\/fr\/wp-json\/wp\/v2\/product_brand?post=5498"},{"taxonomy":"product_cat","embeddable":true,"href":"https:\/\/scullys.eu\/fr\/wp-json\/wp\/v2\/product_cat?post=5498"},{"taxonomy":"product_tag","embeddable":true,"href":"https:\/\/scullys.eu\/fr\/wp-json\/wp\/v2\/product_tag?post=5498"}],"curies":[{"name":"wp","href":"https:\/\/api.w.org\/{rel}","templated":true}]}}