{"id":5486,"date":"2022-12-02T14:04:35","date_gmt":"2022-12-02T13:04:35","guid":{"rendered":"https:\/\/scullys.eu\/shop\/non%20class\u00e9\/moisturising-soap-lavender\/"},"modified":"2024-10-01T00:01:00","modified_gmt":"2024-09-30T22:01:00","slug":"moisturising-soap-lavender","status":"publish","type":"product","link":"https:\/\/scullys.eu\/fr\/corps\/douche-bain-soin-du-corps\/moisturising-soap-lavender\/","title":{"rendered":"Savon Hydratant mains&#038;corps &#8211; Avec Huiles Essentielles de Lavande et Germe de Bl\u00e9"},"content":{"rendered":"","protected":false},"excerpt":{"rendered":"<p>Savon artisanal, extra-doux, \u00e0 base v\u00e9g\u00e9tale, enrichi d&rsquo;huile de germe de bl\u00e9, d&rsquo;huiles essentielles, de vitamine E et de beurre de karit\u00e9, r\u00e9put\u00e9 pour ses propri\u00e9t\u00e9s hydratantes et apaisantes pour la peau. La formule douce et profond\u00e9ment hydratante de ce savon en fait un produit id\u00e9al pour tous les types de peau, notamment les peaux s\u00e8ches, et sans danger pour un usage quotidien fr\u00e9quent.<\/p>\n","protected":false},"featured_media":5487,"template":"","meta":{"_acf_changed":false,"_kad_blocks_custom_css":"","_kad_blocks_head_custom_js":"","_kad_blocks_body_custom_js":"","_kad_blocks_footer_custom_js":""},"product_brand":[],"product_cat":[474,478,539,541,475,547,554,498,499,503,586,515,508,510,511,600],"product_tag":[],"class_list":{"0":"post-5486","1":"product","2":"type-product","3":"status-publish","4":"has-post-thumbnail","6":"product_cat-corps","7":"product_cat-douche-bain-soin-du-corps","8":"product_cat-classiques-soins-du-corps","9":"product_cat-soins-du-corps-a-la-lavande","10":"product_cat-hydratants-soins-du-corps","11":"product_cat-soins-des-mains","12":"product_cat-classiques-soins-des-mains","13":"product_cat-lavende-soins-des-mains","14":"product_cat-cremes-hydratantes-soins-des-mains","15":"product_cat-pain-de-savon-soins-des-mains","16":"product_cat-lavende","17":"product_cat-lavender-massage-23-fr","18":"product_cat-hydratants-a-la-lavande","19":"product_cat-bain-et-douche-a-la-lavande","20":"product_cat-pain-de-savon-a-la-lavande","21":"product_cat-savons","22":"pa_collection-classiques","23":"pa_fragrance-lavende","24":"pa_product-type-pain-de-savon","26":"first","27":"instock","28":"purchasable","29":"product-type-simple"},"bundled_by":["4994","5000"],"bundle_stock_status":"instock","bundle_stock_quantity":77,"bundle_virtual":false,"bundle_layout":"","bundle_add_to_cart_form_location":"","bundle_editable_in_cart":false,"bundle_sold_individually_context":"","bundle_item_grouping":"","bundle_min_size":"","bundle_max_size":"","bundled_items":[],"bundle_sell_ids":[],"acf":[],"taxonomy_info":{"product_cat":[{"value":474,"label":"Corps et Bain"},{"value":478,"label":"douche et bain"},{"value":539,"label":"classiques"},{"value":541,"label":"lavande"},{"value":475,"label":"cr\u00e8mes hydratantes"},{"value":547,"label":"Mains"},{"value":554,"label":"classiques"},{"value":498,"label":"lavande"},{"value":499,"label":"cr\u00e8mes hydratantes"},{"value":503,"label":"pain de savon"},{"value":586,"label":"Lavende"},{"value":515,"label":"Lavender massage [disabled]"},{"value":508,"label":"Hydratants \u00e0 la lavande"},{"value":510,"label":"Bain et douche \u00e0 la lavande"},{"value":511,"label":"Pain de savon \u00e0 la lavande"},{"value":600,"label":"Savons"}],"pa_collection":[{"value":607,"label":"classiques"}],"pa_fragrance":[{"value":622,"label":"lavende"}],"pa_product-type":[{"value":634,"label":"pain de savon"}]},"featured_image_src_large":["https:\/\/scullys.eu\/wp-content\/uploads\/2022\/12\/Lavender_single_Moist_soap-scaled-1-1024x1024.png",1024,1024,true],"author_info":[],"comment_info":"","_links":{"self":[{"href":"https:\/\/scullys.eu\/fr\/wp-json\/wp\/v2\/product\/5486","targetHints":{"allow":["GET"]}}],"collection":[{"href":"https:\/\/scullys.eu\/fr\/wp-json\/wp\/v2\/product"}],"about":[{"href":"https:\/\/scullys.eu\/fr\/wp-json\/wp\/v2\/types\/product"}],"wp:featuredmedia":[{"embeddable":true,"href":"https:\/\/scullys.eu\/fr\/wp-json\/wp\/v2\/media\/5487"}],"wp:attachment":[{"href":"https:\/\/scullys.eu\/fr\/wp-json\/wp\/v2\/media?parent=5486"}],"wp:term":[{"taxonomy":"product_brand","embeddable":true,"href":"https:\/\/scullys.eu\/fr\/wp-json\/wp\/v2\/product_brand?post=5486"},{"taxonomy":"product_cat","embeddable":true,"href":"https:\/\/scullys.eu\/fr\/wp-json\/wp\/v2\/product_cat?post=5486"},{"taxonomy":"product_tag","embeddable":true,"href":"https:\/\/scullys.eu\/fr\/wp-json\/wp\/v2\/product_tag?post=5486"}],"curies":[{"name":"wp","href":"https:\/\/api.w.org\/{rel}","templated":true}]}}