{"id":5480,"date":"2022-12-02T14:04:45","date_gmt":"2022-12-02T13:04:45","guid":{"rendered":"https:\/\/scullys.eu\/shop\/non%20class\u00e9\/hand-body-cream-lavender\/"},"modified":"2024-10-01T00:01:22","modified_gmt":"2024-09-30T22:01:22","slug":"hand-body-cream-lavender","status":"publish","type":"product","link":"https:\/\/scullys.eu\/fr\/corps\/classiques-soins-du-corps\/hand-body-cream-lavender\/","title":{"rendered":"Cr\u00e8me Main et Corps &#8211; Huile Essentielle de Lavande Revitalisante"},"content":{"rendered":"","protected":false},"excerpt":{"rendered":"<p>Cette cr\u00e8me non grasse et \u00e0 absorption rapide est parfaite pour tous les types de peau. Il s&rsquo;agit du traitement parfait pour les zones de peau rugueuse et s\u00e8che, avec des huiles essentielles, lanoline et de la vitamine E qui aideront \u00e0 r\u00e9parer et \u00e0 gu\u00e9rir naturellement la peau s\u00e8che et endommag\u00e9e. A base de glyc\u00e9rine pour ne pas alt\u00e9rer le PH naturel de la peau.<\/p>\n","protected":false},"featured_media":5481,"template":"","meta":{"_acf_changed":false,"_kad_blocks_custom_css":"","_kad_blocks_head_custom_js":"","_kad_blocks_body_custom_js":"","_kad_blocks_footer_custom_js":""},"product_brand":[],"product_cat":[474,539,541,475,547,554,498,499,586,515,508],"product_tag":[],"class_list":{"0":"post-5480","1":"product","2":"type-product","3":"status-publish","4":"has-post-thumbnail","6":"product_cat-corps","7":"product_cat-classiques-soins-du-corps","8":"product_cat-soins-du-corps-a-la-lavande","9":"product_cat-hydratants-soins-du-corps","10":"product_cat-soins-des-mains","11":"product_cat-classiques-soins-des-mains","12":"product_cat-lavende-soins-des-mains","13":"product_cat-cremes-hydratantes-soins-des-mains","14":"product_cat-lavende","15":"product_cat-lavender-massage-23-fr","16":"product_cat-hydratants-a-la-lavande","17":"pa_collection-classiques","18":"pa_fragrance-lavende","19":"pa_product-type-hydratants","21":"first","22":"instock","23":"purchasable","24":"product-type-simple"},"bundled_by":[],"bundle_stock_status":"instock","bundle_stock_quantity":48,"bundle_virtual":false,"bundle_layout":"","bundle_add_to_cart_form_location":"","bundle_editable_in_cart":false,"bundle_sold_individually_context":"","bundle_item_grouping":"","bundle_min_size":"","bundle_max_size":"","bundled_items":[],"bundle_sell_ids":[],"acf":[],"taxonomy_info":{"product_cat":[{"value":474,"label":"Corps et Bain"},{"value":539,"label":"classiques"},{"value":541,"label":"lavande"},{"value":475,"label":"cr\u00e8mes hydratantes"},{"value":547,"label":"Mains"},{"value":554,"label":"classiques"},{"value":498,"label":"lavande"},{"value":499,"label":"cr\u00e8mes hydratantes"},{"value":586,"label":"Lavende"},{"value":515,"label":"Lavender massage [disabled]"},{"value":508,"label":"Hydratants \u00e0 la lavande"}],"pa_collection":[{"value":607,"label":"classiques"}],"pa_fragrance":[{"value":622,"label":"lavende"}],"pa_product-type":[{"value":623,"label":"hydratants"}]},"featured_image_src_large":["https:\/\/scullys.eu\/wp-content\/uploads\/2022\/12\/130g_lav_hand_bodycream_pet_alum2-scaled-1-1024x1024.png",1024,1024,true],"author_info":[],"comment_info":"","_links":{"self":[{"href":"https:\/\/scullys.eu\/fr\/wp-json\/wp\/v2\/product\/5480","targetHints":{"allow":["GET"]}}],"collection":[{"href":"https:\/\/scullys.eu\/fr\/wp-json\/wp\/v2\/product"}],"about":[{"href":"https:\/\/scullys.eu\/fr\/wp-json\/wp\/v2\/types\/product"}],"wp:featuredmedia":[{"embeddable":true,"href":"https:\/\/scullys.eu\/fr\/wp-json\/wp\/v2\/media\/5481"}],"wp:attachment":[{"href":"https:\/\/scullys.eu\/fr\/wp-json\/wp\/v2\/media?parent=5480"}],"wp:term":[{"taxonomy":"product_brand","embeddable":true,"href":"https:\/\/scullys.eu\/fr\/wp-json\/wp\/v2\/product_brand?post=5480"},{"taxonomy":"product_cat","embeddable":true,"href":"https:\/\/scullys.eu\/fr\/wp-json\/wp\/v2\/product_cat?post=5480"},{"taxonomy":"product_tag","embeddable":true,"href":"https:\/\/scullys.eu\/fr\/wp-json\/wp\/v2\/product_tag?post=5480"}],"curies":[{"name":"wp","href":"https:\/\/api.w.org\/{rel}","templated":true}]}}