{"id":5475,"date":"2022-12-02T14:04:45","date_gmt":"2022-12-02T13:04:45","guid":{"rendered":"https:\/\/scullys.eu\/shop\/non%20class\u00e9\/talcum-powder-lavender\/"},"modified":"2024-10-01T00:01:22","modified_gmt":"2024-09-30T22:01:22","slug":"talcum-powder-lavender","status":"publish","type":"product","link":"https:\/\/scullys.eu\/fr\/corps\/classiques-soins-du-corps\/talcum-powder-lavender\/","title":{"rendered":"Talc en poudre &#8211; Huile Essentielle de Lavande Biologique"},"content":{"rendered":"","protected":false},"excerpt":{"rendered":"<p>Un talc rafra\u00eechissant, naturellement parfum\u00e9, infus\u00e9 d&rsquo;huiles essentielles.<\/p>\n","protected":false},"featured_media":5476,"template":"","meta":{"_acf_changed":false,"_kad_blocks_custom_css":"","_kad_blocks_head_custom_js":"","_kad_blocks_body_custom_js":"","_kad_blocks_footer_custom_js":""},"product_brand":[],"product_cat":[474,539,541,480,586,515,513],"product_tag":[],"class_list":{"0":"post-5475","1":"product","2":"type-product","3":"status-publish","4":"has-post-thumbnail","6":"product_cat-corps","7":"product_cat-classiques-soins-du-corps","8":"product_cat-soins-du-corps-a-la-lavande","9":"product_cat-talc-poudre-soin-du-corps","10":"product_cat-lavende","11":"product_cat-lavender-massage-23-fr","12":"product_cat-poudre-de-talc-a-la-lavande","13":"pa_collection-classiques","14":"pa_fragrance-lavende","15":"pa_product-type-talc","17":"first","18":"instock","19":"purchasable","20":"product-type-simple"},"bundled_by":[],"bundle_stock_status":"instock","bundle_stock_quantity":47,"bundle_virtual":false,"bundle_layout":"","bundle_add_to_cart_form_location":"","bundle_editable_in_cart":false,"bundle_sold_individually_context":"","bundle_item_grouping":"","bundle_min_size":"","bundle_max_size":"","bundled_items":[],"bundle_sell_ids":[],"acf":[],"taxonomy_info":{"product_cat":[{"value":474,"label":"Corps et Bain"},{"value":539,"label":"classiques"},{"value":541,"label":"lavande"},{"value":480,"label":"talc"},{"value":586,"label":"Lavende"},{"value":515,"label":"Lavender massage [disabled]"},{"value":513,"label":"Poudre de talc \u00e0 la lavande"}],"pa_collection":[{"value":607,"label":"classiques"}],"pa_fragrance":[{"value":622,"label":"lavende"}],"pa_product-type":[{"value":636,"label":"talc"}]},"featured_image_src_large":["https:\/\/scullys.eu\/wp-content\/uploads\/2022\/12\/Lavender_Talcum_Powder_130gm_WB-scaled-1-1024x1024.png",1024,1024,true],"author_info":[],"comment_info":"","_links":{"self":[{"href":"https:\/\/scullys.eu\/fr\/wp-json\/wp\/v2\/product\/5475","targetHints":{"allow":["GET"]}}],"collection":[{"href":"https:\/\/scullys.eu\/fr\/wp-json\/wp\/v2\/product"}],"about":[{"href":"https:\/\/scullys.eu\/fr\/wp-json\/wp\/v2\/types\/product"}],"wp:featuredmedia":[{"embeddable":true,"href":"https:\/\/scullys.eu\/fr\/wp-json\/wp\/v2\/media\/5476"}],"wp:attachment":[{"href":"https:\/\/scullys.eu\/fr\/wp-json\/wp\/v2\/media?parent=5475"}],"wp:term":[{"taxonomy":"product_brand","embeddable":true,"href":"https:\/\/scullys.eu\/fr\/wp-json\/wp\/v2\/product_brand?post=5475"},{"taxonomy":"product_cat","embeddable":true,"href":"https:\/\/scullys.eu\/fr\/wp-json\/wp\/v2\/product_cat?post=5475"},{"taxonomy":"product_tag","embeddable":true,"href":"https:\/\/scullys.eu\/fr\/wp-json\/wp\/v2\/product_tag?post=5475"}],"curies":[{"name":"wp","href":"https:\/\/api.w.org\/{rel}","templated":true}]}}