{"id":5470,"date":"2022-12-02T14:04:45","date_gmt":"2022-12-02T13:04:45","guid":{"rendered":"https:\/\/scullys.eu\/shop\/non%20class\u00e9\/relaxing-massage-wax-lavender\/"},"modified":"2024-10-01T00:01:21","modified_gmt":"2024-09-30T22:01:21","slug":"relaxing-massage-wax-lavender","status":"publish","type":"product","link":"https:\/\/scullys.eu\/fr\/corps\/classiques-soins-du-corps\/relaxing-massage-wax-lavender\/","title":{"rendered":"Cire \u00e0 Massage Relaxante &#8211; Avec Huiles Naturelles de Lavande et Amande"},"content":{"rendered":"","protected":false},"excerpt":{"rendered":"<p>Sur une base de cire d&rsquo;abeille enrichie d&rsquo;huiles essentielles de Lavande et d&rsquo;Amande, cette cire de massage est l&rsquo;alternative id\u00e9ale \u00e0 une huile de massage sous forme solide. Il est facilement absorb\u00e9, id\u00e9al pour un massage indulgent, relaxant et purifiant de la peau. Notre cire de massage est \u00e9galement id\u00e9ale pour une utilisation apr\u00e8s un sport ou toute autre activit\u00e9 intense afin de favoriser la relaxation musculaire.<\/p>\n","protected":false},"featured_media":5471,"template":"","meta":{"_acf_changed":false,"_kad_blocks_custom_css":"","_kad_blocks_head_custom_js":"","_kad_blocks_body_custom_js":"","_kad_blocks_footer_custom_js":""},"product_brand":[],"product_cat":[474,539,534,541,542,482,586,516,515,518],"product_tag":[],"class_list":{"0":"post-5470","1":"product","2":"type-product","3":"status-publish","4":"has-post-thumbnail","6":"product_cat-corps","7":"product_cat-classiques-soins-du-corps","8":"product_cat-huile-essentielle-soins-du-corps","9":"product_cat-soins-du-corps-a-la-lavande","10":"product_cat-massage-soins-corporels","11":"product_cat-huile-essentielle","12":"product_cat-lavende","13":"product_cat-massage-a-la-lavande","14":"product_cat-lavender-massage-23-fr","15":"product_cat-massage-fr","16":"pa_collection-classiques-fr","17":"pa_product-type-massage-fr","19":"first","20":"instock","21":"purchasable","22":"product-type-simple"},"bundled_by":["5017"],"bundle_stock_status":"instock","bundle_stock_quantity":72,"bundle_virtual":false,"bundle_layout":"","bundle_add_to_cart_form_location":"","bundle_editable_in_cart":false,"bundle_sold_individually_context":"","bundle_item_grouping":"","bundle_min_size":"","bundle_max_size":"","bundled_items":[],"bundle_sell_ids":[],"acf":[],"taxonomy_info":{"product_cat":[{"value":474,"label":"Corps et Bain"},{"value":539,"label":"classiques"},{"value":534,"label":"Huile Essentielle"},{"value":541,"label":"lavande"},{"value":542,"label":"massage"},{"value":482,"label":"Huile Essentielle"},{"value":586,"label":"Lavende"},{"value":516,"label":"Massage \u00e0 la lavande"},{"value":515,"label":"Lavender massage [disabled]"},{"value":518,"label":"Massage"}],"pa_collection":[{"value":662,"label":"classiques"}],"pa_product-type":[{"value":641,"label":"massage"}]},"featured_image_src_large":["https:\/\/scullys.eu\/wp-content\/uploads\/2022\/12\/130g_lav_massage_wax_alum1-scaled-1-1024x1024.png",1024,1024,true],"author_info":[],"comment_info":"","_links":{"self":[{"href":"https:\/\/scullys.eu\/fr\/wp-json\/wp\/v2\/product\/5470","targetHints":{"allow":["GET"]}}],"collection":[{"href":"https:\/\/scullys.eu\/fr\/wp-json\/wp\/v2\/product"}],"about":[{"href":"https:\/\/scullys.eu\/fr\/wp-json\/wp\/v2\/types\/product"}],"wp:featuredmedia":[{"embeddable":true,"href":"https:\/\/scullys.eu\/fr\/wp-json\/wp\/v2\/media\/5471"}],"wp:attachment":[{"href":"https:\/\/scullys.eu\/fr\/wp-json\/wp\/v2\/media?parent=5470"}],"wp:term":[{"taxonomy":"product_brand","embeddable":true,"href":"https:\/\/scullys.eu\/fr\/wp-json\/wp\/v2\/product_brand?post=5470"},{"taxonomy":"product_cat","embeddable":true,"href":"https:\/\/scullys.eu\/fr\/wp-json\/wp\/v2\/product_cat?post=5470"},{"taxonomy":"product_tag","embeddable":true,"href":"https:\/\/scullys.eu\/fr\/wp-json\/wp\/v2\/product_tag?post=5470"}],"curies":[{"name":"wp","href":"https:\/\/api.w.org\/{rel}","templated":true}]}}