{"id":5462,"date":"2022-12-02T14:04:45","date_gmt":"2022-12-02T13:04:45","guid":{"rendered":"https:\/\/scullys.eu\/shop\/non%20class\u00e9\/hand-cream-mini-tube-white-gardenia\/"},"modified":"2024-10-01T00:01:18","modified_gmt":"2024-09-30T22:01:18","slug":"hand-cream-mini-tube-white-gardenia","status":"publish","type":"product","link":"https:\/\/scullys.eu\/fr\/gardenia\/hydratants-au-gardenia\/hand-cream-mini-tube-white-gardenia\/","title":{"rendered":"Cr\u00e8me pour les Mains Hydratation Naturelle Mini Tube &#8211; Huile Essentielle de Gardenia Blanc et Vitamine E"},"content":{"rendered":"","protected":false},"excerpt":{"rendered":"<p>Cr\u00e8me non grasse et \u00e0 absorption rapide, parfaite pour tous les types de peau. Aide \u00e0 r\u00e9parer et \u00e0 hydrater les peaux s\u00e8ches et ab\u00eem\u00e9es gr\u00e2ce aux huiles essentielles et \u00e0 la vitamine E. A base de glyc\u00e9rine et de lanoline, n&rsquo;alt\u00e8re pas le PH naturel de la peau. Pratique \u00e0 transporter dans votre sac \u00e0 main, votre sac et en voyage.<\/p>\n","protected":false},"featured_media":5755,"template":"","meta":{"_acf_changed":false,"_kad_blocks_custom_css":"","_kad_blocks_head_custom_js":"","_kad_blocks_body_custom_js":"","_kad_blocks_footer_custom_js":""},"product_brand":[],"product_cat":[483,486,547,554,499,504],"product_tag":[],"class_list":{"0":"post-5462","1":"product","2":"type-product","3":"status-publish","4":"has-post-thumbnail","6":"product_cat-gardenia","7":"product_cat-hydratants-au-gardenia","8":"product_cat-soins-des-mains","9":"product_cat-classiques-soins-des-mains","10":"product_cat-cremes-hydratantes-soins-des-mains","11":"product_cat-gardenia-blanc-soins-des-mains","12":"pa_collection-classiques","13":"pa_fragrance-gardenia-blanc","14":"pa_product-type-hydratants","16":"first","17":"instock","18":"purchasable","19":"product-type-simple"},"bundled_by":[],"bundle_stock_status":"instock","bundle_stock_quantity":100,"bundle_virtual":false,"bundle_layout":"","bundle_add_to_cart_form_location":"","bundle_editable_in_cart":false,"bundle_sold_individually_context":"","bundle_item_grouping":"","bundle_min_size":"","bundle_max_size":"","bundled_items":[],"bundle_sell_ids":[],"acf":[],"taxonomy_info":{"product_cat":[{"value":483,"label":"Gardenia"},{"value":486,"label":"Hydratants au gard\u00e9nia"},{"value":547,"label":"Mains"},{"value":554,"label":"classiques"},{"value":499,"label":"cr\u00e8mes hydratantes"},{"value":504,"label":"gard\u00e9nia blanc"}],"pa_collection":[{"value":607,"label":"classiques"}],"pa_fragrance":[{"value":631,"label":"gard\u00e9nia blanc"}],"pa_product-type":[{"value":623,"label":"hydratants"}]},"featured_image_src_large":["https:\/\/scullys.eu\/wp-content\/uploads\/2022\/12\/Gardenia_30g_HC_tube_WB-scaled-2-1024x1024.png",1024,1024,true],"author_info":[],"comment_info":"","_links":{"self":[{"href":"https:\/\/scullys.eu\/fr\/wp-json\/wp\/v2\/product\/5462","targetHints":{"allow":["GET"]}}],"collection":[{"href":"https:\/\/scullys.eu\/fr\/wp-json\/wp\/v2\/product"}],"about":[{"href":"https:\/\/scullys.eu\/fr\/wp-json\/wp\/v2\/types\/product"}],"wp:featuredmedia":[{"embeddable":true,"href":"https:\/\/scullys.eu\/fr\/wp-json\/wp\/v2\/media\/5755"}],"wp:attachment":[{"href":"https:\/\/scullys.eu\/fr\/wp-json\/wp\/v2\/media?parent=5462"}],"wp:term":[{"taxonomy":"product_brand","embeddable":true,"href":"https:\/\/scullys.eu\/fr\/wp-json\/wp\/v2\/product_brand?post=5462"},{"taxonomy":"product_cat","embeddable":true,"href":"https:\/\/scullys.eu\/fr\/wp-json\/wp\/v2\/product_cat?post=5462"},{"taxonomy":"product_tag","embeddable":true,"href":"https:\/\/scullys.eu\/fr\/wp-json\/wp\/v2\/product_tag?post=5462"}],"curies":[{"name":"wp","href":"https:\/\/api.w.org\/{rel}","templated":true}]}}