{"id":5438,"date":"2022-12-02T14:04:45","date_gmt":"2022-12-02T13:04:45","guid":{"rendered":"https:\/\/scullys.eu\/shop\/non%20class\u00e9\/bath-body-oil-lavender\/"},"modified":"2024-10-01T00:01:14","modified_gmt":"2024-09-30T22:01:14","slug":"bath-body-oil-lavender","status":"publish","type":"product","link":"https:\/\/scullys.eu\/fr\/corps\/douche-bain-soin-du-corps\/bath-body-oil-lavender\/","title":{"rendered":"Huile Naturelle de Bain et pour le Corps &#8211; Huiles Essentielles de Lavande et d&rsquo;Amande"},"content":{"rendered":"","protected":false},"excerpt":{"rendered":"<p>Huile corporelle l\u00e9g\u00e8re et facile \u00e0 absorber, sur une base d&rsquo;d&rsquo;amande et enrichie d&rsquo;huile essentielle de lavande. Pour tous les types de peau et en particulier pour les peaux s\u00e8ches. Avec les propri\u00e9t\u00e9s exceptionnelles et naturelles des Huiles Essentielles de Lavande et d&rsquo;Amande.<\/p>\n","protected":false},"featured_media":5439,"template":"","meta":{"_acf_changed":false,"_kad_blocks_custom_css":"","_kad_blocks_head_custom_js":"","_kad_blocks_body_custom_js":"","_kad_blocks_footer_custom_js":""},"product_brand":[],"product_cat":[474,478,539,534,541,542,475,482,586,516,515,508,510,518],"product_tag":[],"class_list":{"0":"post-5438","1":"product","2":"type-product","3":"status-publish","4":"has-post-thumbnail","6":"product_cat-corps","7":"product_cat-douche-bain-soin-du-corps","8":"product_cat-classiques-soins-du-corps","9":"product_cat-huile-essentielle-soins-du-corps","10":"product_cat-soins-du-corps-a-la-lavande","11":"product_cat-massage-soins-corporels","12":"product_cat-hydratants-soins-du-corps","13":"product_cat-huile-essentielle","14":"product_cat-lavende","15":"product_cat-massage-a-la-lavande","16":"product_cat-lavender-massage-23-fr","17":"product_cat-hydratants-a-la-lavande","18":"product_cat-bain-et-douche-a-la-lavande","19":"product_cat-massage-fr","20":"pa_collection-classiques-fr","22":"first","23":"instock","24":"purchasable","25":"product-type-simple"},"bundled_by":["5000","5017"],"bundle_stock_status":"instock","bundle_stock_quantity":59,"bundle_virtual":false,"bundle_layout":"","bundle_add_to_cart_form_location":"","bundle_editable_in_cart":false,"bundle_sold_individually_context":"","bundle_item_grouping":"","bundle_min_size":"","bundle_max_size":"","bundled_items":[],"bundle_sell_ids":[],"acf":[],"taxonomy_info":{"product_cat":[{"value":474,"label":"Corps et Bain"},{"value":478,"label":"douche et bain"},{"value":539,"label":"classiques"},{"value":534,"label":"Huile Essentielle"},{"value":541,"label":"lavande"},{"value":542,"label":"massage"},{"value":475,"label":"cr\u00e8mes hydratantes"},{"value":482,"label":"Huile Essentielle"},{"value":586,"label":"Lavende"},{"value":516,"label":"Massage \u00e0 la lavande"},{"value":515,"label":"Lavender massage [disabled]"},{"value":508,"label":"Hydratants \u00e0 la lavande"},{"value":510,"label":"Bain et douche \u00e0 la lavande"},{"value":518,"label":"Massage"}],"pa_collection":[{"value":662,"label":"classiques"}]},"featured_image_src_large":["https:\/\/scullys.eu\/wp-content\/uploads\/2022\/12\/650-Lavender_bath_bodyoil_300ml-scaled-2-1024x1024.png",1024,1024,true],"author_info":[],"comment_info":"","_links":{"self":[{"href":"https:\/\/scullys.eu\/fr\/wp-json\/wp\/v2\/product\/5438","targetHints":{"allow":["GET"]}}],"collection":[{"href":"https:\/\/scullys.eu\/fr\/wp-json\/wp\/v2\/product"}],"about":[{"href":"https:\/\/scullys.eu\/fr\/wp-json\/wp\/v2\/types\/product"}],"wp:featuredmedia":[{"embeddable":true,"href":"https:\/\/scullys.eu\/fr\/wp-json\/wp\/v2\/media\/5439"}],"wp:attachment":[{"href":"https:\/\/scullys.eu\/fr\/wp-json\/wp\/v2\/media?parent=5438"}],"wp:term":[{"taxonomy":"product_brand","embeddable":true,"href":"https:\/\/scullys.eu\/fr\/wp-json\/wp\/v2\/product_brand?post=5438"},{"taxonomy":"product_cat","embeddable":true,"href":"https:\/\/scullys.eu\/fr\/wp-json\/wp\/v2\/product_cat?post=5438"},{"taxonomy":"product_tag","embeddable":true,"href":"https:\/\/scullys.eu\/fr\/wp-json\/wp\/v2\/product_tag?post=5438"}],"curies":[{"name":"wp","href":"https:\/\/api.w.org\/{rel}","templated":true}]}}