{"id":5427,"date":"2022-12-02T14:04:45","date_gmt":"2022-12-02T13:04:45","guid":{"rendered":"https:\/\/scullys.eu\/shop\/non%20class\u00e9\/talcum-powder-bulgarian-rose\/"},"modified":"2024-10-11T01:29:59","modified_gmt":"2024-10-10T23:29:59","slug":"talcum-powder-bulgarian-rose","status":"publish","type":"product","link":"https:\/\/scullys.eu\/fr\/corps\/soins-du-corps-bulgares-rose\/talcum-powder-bulgarian-rose\/","title":{"rendered":"Talc en Poudre &#8211; Huile Essentielle de Rose Bulgare"},"content":{"rendered":"","protected":false},"excerpt":{"rendered":"<p>Un talc rafra\u00eechissant, naturellement parfum\u00e9, infus\u00e9 d&rsquo;huiles essentielles. Les roses de meilleure qualit\u00e9 pour extraire l&rsquo;huile de rose proviennent de la vall\u00e9e des roses en Bulgarie, la Rosa Damascena bulgare, en raison des conditions parfaites du sol et du climat de la r\u00e9gion. La rose bulgare est mondialement connue en parfumerie pour son parfum d\u00e9licat, et chez Scullys nous avons d\u00e9velopp\u00e9 notre propre fragrance exclusive de rose bulgare.<\/p>\n","protected":false},"featured_media":5428,"template":"","meta":{"_acf_changed":false,"_kad_blocks_custom_css":"","_kad_blocks_head_custom_js":"","_kad_blocks_body_custom_js":"","_kad_blocks_footer_custom_js":""},"product_brand":[],"product_cat":[474,538,539,480,530,566],"product_tag":[],"class_list":{"0":"post-5427","1":"product","2":"type-product","3":"status-publish","4":"has-post-thumbnail","6":"product_cat-corps","7":"product_cat-soins-du-corps-bulgares-rose","8":"product_cat-classiques-soins-du-corps","9":"product_cat-talc-poudre-soin-du-corps","10":"product_cat-rose-fr","11":"product_cat-rose-talc","12":"pa_collection-classiques","13":"pa_fragrance-rose-bulgare","14":"pa_product-type-talc","16":"first","17":"instock","18":"purchasable","19":"product-type-simple"},"bundled_by":[],"bundle_stock_status":"instock","bundle_stock_quantity":43,"bundle_virtual":false,"bundle_layout":"","bundle_add_to_cart_form_location":"","bundle_editable_in_cart":false,"bundle_sold_individually_context":"","bundle_item_grouping":"","bundle_min_size":"","bundle_max_size":"","bundled_items":[],"bundle_sell_ids":[],"acf":[],"taxonomy_info":{"product_cat":[{"value":474,"label":"Corps et Bain"},{"value":538,"label":"rose bulgare"},{"value":539,"label":"classiques"},{"value":480,"label":"talc"},{"value":530,"label":"Rose"},{"value":566,"label":"Rose talc"}],"pa_collection":[{"value":607,"label":"classiques"}],"pa_fragrance":[{"value":627,"label":"rose bulgare"}],"pa_product-type":[{"value":636,"label":"talc"}]},"featured_image_src_large":["https:\/\/scullys.eu\/wp-content\/uploads\/2022\/12\/Rose_Talcum_Powder_130gm_WB-scaled-1-1024x1024.png",1024,1024,true],"author_info":[],"comment_info":"","_links":{"self":[{"href":"https:\/\/scullys.eu\/fr\/wp-json\/wp\/v2\/product\/5427","targetHints":{"allow":["GET"]}}],"collection":[{"href":"https:\/\/scullys.eu\/fr\/wp-json\/wp\/v2\/product"}],"about":[{"href":"https:\/\/scullys.eu\/fr\/wp-json\/wp\/v2\/types\/product"}],"wp:featuredmedia":[{"embeddable":true,"href":"https:\/\/scullys.eu\/fr\/wp-json\/wp\/v2\/media\/5428"}],"wp:attachment":[{"href":"https:\/\/scullys.eu\/fr\/wp-json\/wp\/v2\/media?parent=5427"}],"wp:term":[{"taxonomy":"product_brand","embeddable":true,"href":"https:\/\/scullys.eu\/fr\/wp-json\/wp\/v2\/product_brand?post=5427"},{"taxonomy":"product_cat","embeddable":true,"href":"https:\/\/scullys.eu\/fr\/wp-json\/wp\/v2\/product_cat?post=5427"},{"taxonomy":"product_tag","embeddable":true,"href":"https:\/\/scullys.eu\/fr\/wp-json\/wp\/v2\/product_tag?post=5427"}],"curies":[{"name":"wp","href":"https:\/\/api.w.org\/{rel}","templated":true}]}}