{"id":5422,"date":"2022-12-02T14:04:45","date_gmt":"2022-12-02T13:04:45","guid":{"rendered":"https:\/\/scullys.eu\/shop\/non%20class\u00e9\/sensual-massage-wax-bulgarian-rose\/"},"modified":"2024-10-01T00:01:05","modified_gmt":"2024-09-30T22:01:05","slug":"sensual-massage-wax-bulgarian-rose","status":"publish","type":"product","link":"https:\/\/scullys.eu\/fr\/corps\/soins-du-corps-bulgares-rose\/sensual-massage-wax-bulgarian-rose\/","title":{"rendered":"Cire \u00e0 Massage Voluptueuse &#8211; Avec Huiles Naturelles de Rose Bulgare, Amande, Bois de Santal, Jasmin et Ylang-Ylang"},"content":{"rendered":"","protected":false},"excerpt":{"rendered":"<p>Sur une base de cire d&rsquo;abeille et de beurre de karit\u00e9, enrichie d&rsquo;un m\u00e9lange exceptionnel d&rsquo;huiles essentielles, cette cire de massage est une alternative id\u00e9ale \u00e0 une huile de massage sous forme solide. Il est facilement absorb\u00e9, id\u00e9al pour un massage sensuel et relaxant. Notre cire de massage est \u00e9galement id\u00e9ale pour une utilisation apr\u00e8s un sport ou toute autre activit\u00e9 intense afin de favoriser la relaxation musculaire.<br \/>\nLes roses de la meilleure qualit\u00e9 pour extraire l&rsquo;huile de rose proviennent de la vall\u00e9e des roses en Bulgarie, Rosa Damascena Bulgare, en raison des conditions parfaites du sol et du climat de la r\u00e9gion. Chez Scullys, nous avons d\u00e9velopp\u00e9 notre propre parfum exclusif de rose bulgare.<\/p>\n","protected":false},"featured_media":5423,"template":"","meta":{"_acf_changed":false,"_kad_blocks_custom_css":"","_kad_blocks_head_custom_js":"","_kad_blocks_body_custom_js":"","_kad_blocks_footer_custom_js":""},"product_brand":[],"product_cat":[474,538,539,534,542,482,518,530,595],"product_tag":[],"class_list":{"0":"post-5422","1":"product","2":"type-product","3":"status-publish","4":"has-post-thumbnail","6":"product_cat-corps","7":"product_cat-soins-du-corps-bulgares-rose","8":"product_cat-classiques-soins-du-corps","9":"product_cat-huile-essentielle-soins-du-corps","10":"product_cat-massage-soins-corporels","11":"product_cat-huile-essentielle","12":"product_cat-massage-fr","13":"product_cat-rose-fr","14":"product_cat-rose-massage-fr","15":"pa_collection-classiques","16":"pa_fragrance-rose-bulgare","17":"pa_product-type-massage-fr","19":"first","20":"instock","21":"purchasable","22":"product-type-simple"},"bundled_by":["5004"],"bundle_stock_status":"instock","bundle_stock_quantity":70,"bundle_virtual":false,"bundle_layout":"","bundle_add_to_cart_form_location":"","bundle_editable_in_cart":false,"bundle_sold_individually_context":"","bundle_item_grouping":"","bundle_min_size":"","bundle_max_size":"","bundled_items":[],"bundle_sell_ids":[],"acf":[],"taxonomy_info":{"product_cat":[{"value":474,"label":"Corps et Bain"},{"value":538,"label":"rose bulgare"},{"value":539,"label":"classiques"},{"value":534,"label":"Huile Essentielle"},{"value":542,"label":"massage"},{"value":482,"label":"Huile Essentielle"},{"value":518,"label":"Massage"},{"value":530,"label":"Rose"},{"value":595,"label":"Rose Massage"}],"pa_collection":[{"value":607,"label":"classiques"}],"pa_fragrance":[{"value":627,"label":"rose bulgare"}],"pa_product-type":[{"value":641,"label":"massage"}]},"featured_image_src_large":["https:\/\/scullys.eu\/wp-content\/uploads\/2022\/12\/130g_rose_massage_wax_alum1-scaled-2-1024x1024.png",1024,1024,true],"author_info":[],"comment_info":"","_links":{"self":[{"href":"https:\/\/scullys.eu\/fr\/wp-json\/wp\/v2\/product\/5422","targetHints":{"allow":["GET"]}}],"collection":[{"href":"https:\/\/scullys.eu\/fr\/wp-json\/wp\/v2\/product"}],"about":[{"href":"https:\/\/scullys.eu\/fr\/wp-json\/wp\/v2\/types\/product"}],"wp:featuredmedia":[{"embeddable":true,"href":"https:\/\/scullys.eu\/fr\/wp-json\/wp\/v2\/media\/5423"}],"wp:attachment":[{"href":"https:\/\/scullys.eu\/fr\/wp-json\/wp\/v2\/media?parent=5422"}],"wp:term":[{"taxonomy":"product_brand","embeddable":true,"href":"https:\/\/scullys.eu\/fr\/wp-json\/wp\/v2\/product_brand?post=5422"},{"taxonomy":"product_cat","embeddable":true,"href":"https:\/\/scullys.eu\/fr\/wp-json\/wp\/v2\/product_cat?post=5422"},{"taxonomy":"product_tag","embeddable":true,"href":"https:\/\/scullys.eu\/fr\/wp-json\/wp\/v2\/product_tag?post=5422"}],"curies":[{"name":"wp","href":"https:\/\/api.w.org\/{rel}","templated":true}]}}