{"id":5404,"date":"2022-12-02T14:04:45","date_gmt":"2022-12-02T13:04:45","guid":{"rendered":"https:\/\/scullys.eu\/shop\/non%20class\u00e9\/body-balm-blush-peony\/"},"modified":"2024-10-01T00:01:02","modified_gmt":"2024-09-30T22:01:02","slug":"body-balm-blush-peony","status":"publish","type":"product","link":"https:\/\/scullys.eu\/fr\/pivoine-rouge\/hydratants-blush-peony\/body-balm-blush-peony\/","title":{"rendered":"Baume pour le Corps Hydratation Intense &#8211; 100% Ingr\u00e9dients Naturels, avec Huiles de Pivoine Rose, Amande, Abricot, Jasmin ey Coco"},"content":{"rendered":"","protected":false},"excerpt":{"rendered":"<p>R\u00e9alis\u00e9 avec un m\u00e9lange d&rsquo;huile de noix de coco, d&rsquo;huile d&rsquo;amande, d&rsquo;huile d&rsquo;abricot et d&rsquo;extraits naturels de plantes, ce baume naturel peut \u00eatre utilis\u00e9 en toute s\u00e9curit\u00e9 sur tout le corps. Sur une base de beurre de karit\u00e9, et de cire de soja et cire d&rsquo;abeille naturelles qui n&rsquo;alt\u00e8rent pas l&rsquo;\u00e9quilibre naturel de la peau.<br \/>\nPour tous ceux qui pr\u00e9f\u00e8rent le baume \u00e0 la cr\u00e8me.<\/p>\n","protected":false},"featured_media":5405,"template":"","meta":{"_acf_changed":false,"_kad_blocks_custom_css":"","_kad_blocks_head_custom_js":"","_kad_blocks_body_custom_js":"","_kad_blocks_footer_custom_js":""},"product_brand":[],"product_cat":[466,468,474,537,539,534,475,482],"product_tag":[],"class_list":{"0":"post-5404","1":"product","2":"type-product","3":"status-publish","4":"has-post-thumbnail","6":"product_cat-pivoine-rouge","7":"product_cat-hydratants-blush-peony","8":"product_cat-corps","9":"product_cat-soins-du-corps-blush-peony","10":"product_cat-classiques-soins-du-corps","11":"product_cat-huile-essentielle-soins-du-corps","12":"product_cat-hydratants-soins-du-corps","13":"product_cat-huile-essentielle","14":"pa_collection-classiques","15":"pa_fragrance-pivoine-blush","16":"pa_product-type-hydratants","18":"first","19":"instock","20":"purchasable","21":"product-type-simple"},"bundled_by":["5006"],"bundle_stock_status":"instock","bundle_stock_quantity":25,"bundle_virtual":false,"bundle_layout":"","bundle_add_to_cart_form_location":"","bundle_editable_in_cart":false,"bundle_sold_individually_context":"","bundle_item_grouping":"","bundle_min_size":"","bundle_max_size":"","bundled_items":[],"bundle_sell_ids":[],"acf":[],"taxonomy_info":{"product_cat":[{"value":466,"label":"Pivoine Rouge"},{"value":468,"label":"Hydratants Blush Peony"},{"value":474,"label":"Corps et Bain"},{"value":537,"label":"pivoine blush"},{"value":539,"label":"classiques"},{"value":534,"label":"Huile Essentielle"},{"value":475,"label":"cr\u00e8mes hydratantes"},{"value":482,"label":"Huile Essentielle"}],"pa_collection":[{"value":607,"label":"classiques"}],"pa_fragrance":[{"value":625,"label":"pivoine blush"}],"pa_product-type":[{"value":623,"label":"hydratants"}]},"featured_image_src_large":["https:\/\/scullys.eu\/wp-content\/uploads\/2022\/12\/body_balm_2021_1-scaled-1-1024x1024.png",1024,1024,true],"author_info":[],"comment_info":"","_links":{"self":[{"href":"https:\/\/scullys.eu\/fr\/wp-json\/wp\/v2\/product\/5404","targetHints":{"allow":["GET"]}}],"collection":[{"href":"https:\/\/scullys.eu\/fr\/wp-json\/wp\/v2\/product"}],"about":[{"href":"https:\/\/scullys.eu\/fr\/wp-json\/wp\/v2\/types\/product"}],"wp:featuredmedia":[{"embeddable":true,"href":"https:\/\/scullys.eu\/fr\/wp-json\/wp\/v2\/media\/5405"}],"wp:attachment":[{"href":"https:\/\/scullys.eu\/fr\/wp-json\/wp\/v2\/media?parent=5404"}],"wp:term":[{"taxonomy":"product_brand","embeddable":true,"href":"https:\/\/scullys.eu\/fr\/wp-json\/wp\/v2\/product_brand?post=5404"},{"taxonomy":"product_cat","embeddable":true,"href":"https:\/\/scullys.eu\/fr\/wp-json\/wp\/v2\/product_cat?post=5404"},{"taxonomy":"product_tag","embeddable":true,"href":"https:\/\/scullys.eu\/fr\/wp-json\/wp\/v2\/product_tag?post=5404"}],"curies":[{"name":"wp","href":"https:\/\/api.w.org\/{rel}","templated":true}]}}