{"id":5392,"date":"2022-12-02T14:04:45","date_gmt":"2022-12-02T13:04:45","guid":{"rendered":"https:\/\/scullys.eu\/shop\/non%20class\u00e9\/talcum-powder-blush-peony\/"},"modified":"2024-10-01T00:01:00","modified_gmt":"2024-09-30T22:01:00","slug":"talcum-powder-blush-peony","status":"publish","type":"product","link":"https:\/\/scullys.eu\/fr\/pivoine-rouge\/poudre-de-talc-blush-peony\/talcum-powder-blush-peony\/","title":{"rendered":"Talc en Poudre &#8211; Huiles Essentielles de Pivoine Rose et Jasmin"},"content":{"rendered":"","protected":false},"excerpt":{"rendered":"<p>Un talc rafra\u00eechissant, naturellement parfum\u00e9, infus\u00e9 d&rsquo;huiles essentielles.<\/p>\n","protected":false},"featured_media":5393,"template":"","meta":{"_acf_changed":false,"_kad_blocks_custom_css":"","_kad_blocks_head_custom_js":"","_kad_blocks_body_custom_js":"","_kad_blocks_footer_custom_js":""},"product_brand":[],"product_cat":[466,472,474,537,539,480],"product_tag":[],"class_list":{"0":"post-5392","1":"product","2":"type-product","3":"status-publish","4":"has-post-thumbnail","6":"product_cat-pivoine-rouge","7":"product_cat-poudre-de-talc-blush-peony","8":"product_cat-corps","9":"product_cat-soins-du-corps-blush-peony","10":"product_cat-classiques-soins-du-corps","11":"product_cat-talc-poudre-soin-du-corps","13":"first","14":"instock","15":"purchasable","16":"product-type-simple"},"bundled_by":[],"bundle_stock_status":"instock","bundle_stock_quantity":100,"bundle_virtual":false,"bundle_layout":"","bundle_add_to_cart_form_location":"","bundle_editable_in_cart":false,"bundle_sold_individually_context":"","bundle_item_grouping":"","bundle_min_size":"","bundle_max_size":"","bundled_items":[],"bundle_sell_ids":[],"acf":[],"taxonomy_info":{"product_cat":[{"value":466,"label":"Pivoine Rouge"},{"value":472,"label":"Poudre de talc Blush Peony"},{"value":474,"label":"Corps et Bain"},{"value":537,"label":"pivoine blush"},{"value":539,"label":"classiques"},{"value":480,"label":"talc"}]},"featured_image_src_large":["https:\/\/scullys.eu\/wp-content\/uploads\/2022\/12\/Blush_Peony_Talcum_Powder_130gm_WB-scaled-1-1024x1024.png",1024,1024,true],"author_info":[],"comment_info":"","_links":{"self":[{"href":"https:\/\/scullys.eu\/fr\/wp-json\/wp\/v2\/product\/5392","targetHints":{"allow":["GET"]}}],"collection":[{"href":"https:\/\/scullys.eu\/fr\/wp-json\/wp\/v2\/product"}],"about":[{"href":"https:\/\/scullys.eu\/fr\/wp-json\/wp\/v2\/types\/product"}],"wp:featuredmedia":[{"embeddable":true,"href":"https:\/\/scullys.eu\/fr\/wp-json\/wp\/v2\/media\/5393"}],"wp:attachment":[{"href":"https:\/\/scullys.eu\/fr\/wp-json\/wp\/v2\/media?parent=5392"}],"wp:term":[{"taxonomy":"product_brand","embeddable":true,"href":"https:\/\/scullys.eu\/fr\/wp-json\/wp\/v2\/product_brand?post=5392"},{"taxonomy":"product_cat","embeddable":true,"href":"https:\/\/scullys.eu\/fr\/wp-json\/wp\/v2\/product_cat?post=5392"},{"taxonomy":"product_tag","embeddable":true,"href":"https:\/\/scullys.eu\/fr\/wp-json\/wp\/v2\/product_tag?post=5392"}],"curies":[{"name":"wp","href":"https:\/\/api.w.org\/{rel}","templated":true}]}}