{"id":5391,"date":"2022-12-02T14:04:56","date_gmt":"2022-12-02T13:04:56","guid":{"rendered":"https:\/\/scullys.eu\/shop\/non%20class\u00e9\/natural-healing-balm\/"},"modified":"2024-10-01T00:01:24","modified_gmt":"2024-09-30T22:01:24","slug":"natural-healing-balm","status":"publish","type":"product","link":"https:\/\/scullys.eu\/fr\/corps\/jardiniers-soins-du-corps\/natural-healing-balm\/","title":{"rendered":"Traitement Naturel Baume Polyvalent &#8211; 100% Ingr\u00e9dients Naturels"},"content":{"rendered":"","protected":false},"excerpt":{"rendered":"<p>Un baume unique et polyvalent, indispensable dans tous les foyers. R\u00e9alis\u00e9 avec la formule exclusive enti\u00e8rement naturelle de Scullys avec les propri\u00e9t\u00e9s r\u00e9paratrices, protectrices, calmantes et curatives des huiles naturelles d&rsquo;amande, de noyau d&rsquo;abricot et de chamomille, sur une base de beurre de karit\u00e9 et de cire de carnauba. Aide \u00e0 soulager l&rsquo;ecz\u00e9ma, les piq\u00fbres d&rsquo;insectes, les \u00e9ruptions cutan\u00e9es et autres affections de la peau. Id\u00e9al \u00e9galement comme hydratant intensif pour r\u00e9parer les peaux tr\u00e8s s\u00e8ches et ab\u00eem\u00e9es. Il ne s&rsquo;agit pas d&rsquo;un m\u00e9dicament ou d&rsquo;une drogue et il ne provoquera aucun effet secondaire.<\/p>\n","protected":false},"featured_media":5194,"template":"","meta":{"_acf_changed":false,"_kad_blocks_custom_css":"","_kad_blocks_head_custom_js":"","_kad_blocks_body_custom_js":"","_kad_blocks_footer_custom_js":""},"product_brand":[],"product_cat":[474,540,536,475,476,559,587,590,519,526,527,528],"product_tag":[],"class_list":{"0":"post-5391","1":"product","2":"type-product","3":"status-publish","4":"has-post-thumbnail","6":"product_cat-corps","7":"product_cat-jardiniers-soins-du-corps","8":"product_cat-homme-corps-bain","9":"product_cat-hydratants-soins-du-corps","10":"product_cat-soins-naturels-de-guerison-corps","11":"product_cat-homme","12":"product_cat-corps-fr","13":"product_cat-cremes-hydratantes-homme","14":"product_cat-traitement-naturel","15":"product_cat-cremes-hydratantes-traitement-naturel","16":"product_cat-traitement-naturel-traitement-naturel","17":"product_cat-plein-air","18":"pa_collection-guerison-naturelle","20":"first","21":"instock","22":"purchasable","23":"product-type-simple"},"bundled_by":["5033"],"bundle_stock_status":"instock","bundle_stock_quantity":142,"bundle_virtual":false,"bundle_layout":"","bundle_add_to_cart_form_location":"","bundle_editable_in_cart":false,"bundle_sold_individually_context":"","bundle_item_grouping":"","bundle_min_size":"","bundle_max_size":"","bundled_items":[],"bundle_sell_ids":[],"acf":[],"taxonomy_info":{"product_cat":[{"value":474,"label":"Corps et Bain"},{"value":540,"label":"du jardinier"},{"value":536,"label":"Homme"},{"value":475,"label":"cr\u00e8mes hydratantes"},{"value":476,"label":"Traitement Naturel"},{"value":559,"label":"Homme"},{"value":587,"label":"Corps"},{"value":590,"label":"cr\u00e8mes hydratantes"},{"value":519,"label":"Traitement Naturel"},{"value":526,"label":"cr\u00e8mes hydratantes"},{"value":527,"label":"traitement naturel"},{"value":528,"label":"En plein air"}],"pa_collection":[{"value":611,"label":"gu\u00e9rison naturelle"}]},"featured_image_src_large":["https:\/\/scullys.eu\/wp-content\/uploads\/2022\/12\/Natrual_Healing_Balm_80gm-2-1024x1024.png",1024,1024,true],"author_info":[],"comment_info":"","_links":{"self":[{"href":"https:\/\/scullys.eu\/fr\/wp-json\/wp\/v2\/product\/5391","targetHints":{"allow":["GET"]}}],"collection":[{"href":"https:\/\/scullys.eu\/fr\/wp-json\/wp\/v2\/product"}],"about":[{"href":"https:\/\/scullys.eu\/fr\/wp-json\/wp\/v2\/types\/product"}],"wp:featuredmedia":[{"embeddable":true,"href":"https:\/\/scullys.eu\/fr\/wp-json\/wp\/v2\/media\/5194"}],"wp:attachment":[{"href":"https:\/\/scullys.eu\/fr\/wp-json\/wp\/v2\/media?parent=5391"}],"wp:term":[{"taxonomy":"product_brand","embeddable":true,"href":"https:\/\/scullys.eu\/fr\/wp-json\/wp\/v2\/product_brand?post=5391"},{"taxonomy":"product_cat","embeddable":true,"href":"https:\/\/scullys.eu\/fr\/wp-json\/wp\/v2\/product_cat?post=5391"},{"taxonomy":"product_tag","embeddable":true,"href":"https:\/\/scullys.eu\/fr\/wp-json\/wp\/v2\/product_tag?post=5391"}],"curies":[{"name":"wp","href":"https:\/\/api.w.org\/{rel}","templated":true}]}}