{"id":5390,"date":"2022-12-02T14:04:56","date_gmt":"2022-12-02T13:04:56","guid":{"rendered":"https:\/\/scullys.eu\/shop\/non%20class\u00e9\/organic-essential-oil-of-lavender\/"},"modified":"2024-10-01T00:01:24","modified_gmt":"2024-09-30T22:01:24","slug":"organic-essential-oil-of-lavender","status":"publish","type":"product","link":"https:\/\/scullys.eu\/fr\/corps\/huile-essentielle-soins-du-corps\/organic-essential-oil-of-lavender\/","title":{"rendered":"Traitement Naturel Huile Essentielle de Lavande Biologique"},"content":{"rendered":"","protected":false},"excerpt":{"rendered":"<p>Huile essentielle de lavande (Lavandula Angustifolia) 100% pure et biologique, obtenue par distillation \u00e0 la vapeur des fleurs de lavande fra\u00eechement cueillies et cultiv\u00e9es initialement dans notre propre ferme Scullys. L&rsquo;huile essentielle de lavande est probablement l&rsquo;huile le plus polyvalent de touts les huiles essentielles. Il favorise la relaxation, est un d\u00e9sinfectant naturel et il est reconnu pour traiter l&rsquo;anxi\u00e9t\u00e9, les infections fongiques, les allergies, la d\u00e9pression, l&rsquo;insomnie, l&rsquo;ecz\u00e9ma, les naus\u00e9es et les crampes menstruelles. Elle est id\u00e9ale pour \u00eatre ajout\u00e9e \u00e0 notre Spray pour Tissues d&rsquo;Ambiance ou de Linge SCULLYS, ou \u00e0 tout autre produit de notre collection de lavande SCULLYS.<br \/>\nIl ne s&rsquo;agit pas d&rsquo;un m\u00e9dicament ou d&rsquo;une drogue et il n&rsquo;y aura pas d&rsquo;effets secondaires.<\/p>\n","protected":false},"featured_media":5216,"template":"","meta":{"_acf_changed":false,"_kad_blocks_custom_css":"","_kad_blocks_head_custom_js":"","_kad_blocks_body_custom_js":"","_kad_blocks_footer_custom_js":""},"product_brand":[],"product_cat":[474,534,541,476,482,505,580,586,515,519,523,527],"product_tag":[],"class_list":{"0":"post-5390","1":"product","2":"type-product","3":"status-publish","4":"has-post-thumbnail","6":"product_cat-corps","7":"product_cat-huile-essentielle-soins-du-corps","8":"product_cat-soins-du-corps-a-la-lavande","9":"product_cat-soins-naturels-de-guerison-corps","10":"product_cat-huile-essentielle","11":"product_cat-maison","12":"product_cat-lavende-maison","13":"product_cat-lavende","14":"product_cat-lavender-massage-23-fr","15":"product_cat-traitement-naturel","16":"product_cat-lavender-natural-healing-fr","17":"product_cat-traitement-naturel-traitement-naturel","18":"pa_collection-guerison-naturelle","19":"pa_fragrance-lavende","21":"first","22":"instock","23":"purchasable","24":"product-type-simple"},"bundled_by":["5000","5033"],"bundle_stock_status":"instock","bundle_stock_quantity":49,"bundle_virtual":false,"bundle_layout":"","bundle_add_to_cart_form_location":"","bundle_editable_in_cart":false,"bundle_sold_individually_context":"","bundle_item_grouping":"","bundle_min_size":"","bundle_max_size":"","bundled_items":[],"bundle_sell_ids":[],"acf":[],"taxonomy_info":{"product_cat":[{"value":474,"label":"Corps et Bain"},{"value":534,"label":"Huile Essentielle"},{"value":541,"label":"lavande"},{"value":476,"label":"Traitement Naturel"},{"value":482,"label":"Huile Essentielle"},{"value":505,"label":"Maison"},{"value":580,"label":"lavende"},{"value":586,"label":"Lavende"},{"value":515,"label":"Lavender massage [disabled]"},{"value":519,"label":"Traitement Naturel"},{"value":523,"label":"lavender"},{"value":527,"label":"traitement naturel"}],"pa_collection":[{"value":611,"label":"gu\u00e9rison naturelle"}],"pa_fragrance":[{"value":622,"label":"lavende"}]},"featured_image_src_large":["https:\/\/scullys.eu\/wp-content\/uploads\/2022\/12\/Lavender_Essential_Oil_New-scaled-2-1024x1024.png",1024,1024,true],"author_info":[],"comment_info":"","_links":{"self":[{"href":"https:\/\/scullys.eu\/fr\/wp-json\/wp\/v2\/product\/5390","targetHints":{"allow":["GET"]}}],"collection":[{"href":"https:\/\/scullys.eu\/fr\/wp-json\/wp\/v2\/product"}],"about":[{"href":"https:\/\/scullys.eu\/fr\/wp-json\/wp\/v2\/types\/product"}],"wp:featuredmedia":[{"embeddable":true,"href":"https:\/\/scullys.eu\/fr\/wp-json\/wp\/v2\/media\/5216"}],"wp:attachment":[{"href":"https:\/\/scullys.eu\/fr\/wp-json\/wp\/v2\/media?parent=5390"}],"wp:term":[{"taxonomy":"product_brand","embeddable":true,"href":"https:\/\/scullys.eu\/fr\/wp-json\/wp\/v2\/product_brand?post=5390"},{"taxonomy":"product_cat","embeddable":true,"href":"https:\/\/scullys.eu\/fr\/wp-json\/wp\/v2\/product_cat?post=5390"},{"taxonomy":"product_tag","embeddable":true,"href":"https:\/\/scullys.eu\/fr\/wp-json\/wp\/v2\/product_tag?post=5390"}],"curies":[{"name":"wp","href":"https:\/\/api.w.org\/{rel}","templated":true}]}}