{"id":5389,"date":"2022-12-02T14:04:56","date_gmt":"2022-12-02T13:04:56","guid":{"rendered":"https:\/\/scullys.eu\/shop\/non%20class\u00e9\/natural-healing-sleep-aid-lavender\/"},"modified":"2024-10-01T00:01:24","modified_gmt":"2024-09-30T22:01:24","slug":"natural-healing-sleep-aid-lavender","status":"publish","type":"product","link":"https:\/\/scullys.eu\/fr\/corps\/huile-essentielle-soins-du-corps\/natural-healing-sleep-aid-lavender\/","title":{"rendered":"Traitement Naturelle Aide au Sommeil &#8211; Huile Essentielle de Lavande"},"content":{"rendered":"","protected":false},"excerpt":{"rendered":"<p>Le m\u00e9lange exclusif et enti\u00e8rement naturel de cire de Carnauba, de cire de Candelilla et de cire d&rsquo;abeille infus\u00e9e avec des huiles naturelles de Lavande et de Min\u00e9ral a \u00e9t\u00e9 utilis\u00e9 pour cr\u00e9er cet aide-sommeil qui est une alternative naturelle aux traitements m\u00e9dicamenteux conventionnels. La lavande est une herbe calmante et relaxante utilis\u00e9e pour l&rsquo;insomnie, l&rsquo;anxi\u00e9t\u00e9 et le soulagement naturel du stress. Il ne s&rsquo;agit pas d&rsquo;un m\u00e9dicament ou d&rsquo;une drogue et il n&rsquo;y aura pas d&rsquo;effets secondaires.<\/p>\n","protected":false},"featured_media":5213,"template":"","meta":{"_acf_changed":false,"_kad_blocks_custom_css":"","_kad_blocks_head_custom_js":"","_kad_blocks_body_custom_js":"","_kad_blocks_footer_custom_js":""},"product_brand":[],"product_cat":[474,534,541,476,482,586,519,523,527],"product_tag":[],"class_list":{"0":"post-5389","1":"product","2":"type-product","3":"status-publish","4":"has-post-thumbnail","6":"product_cat-corps","7":"product_cat-huile-essentielle-soins-du-corps","8":"product_cat-soins-du-corps-a-la-lavande","9":"product_cat-soins-naturels-de-guerison-corps","10":"product_cat-huile-essentielle","11":"product_cat-lavende","12":"product_cat-traitement-naturel","13":"product_cat-lavender-natural-healing-fr","14":"product_cat-traitement-naturel-traitement-naturel","15":"pa_collection-guerison-naturelle","16":"pa_fragrance-lavende","18":"first","19":"instock","20":"purchasable","21":"product-type-simple"},"bundled_by":["5033"],"bundle_stock_status":"instock","bundle_stock_quantity":115,"bundle_virtual":false,"bundle_layout":"","bundle_add_to_cart_form_location":"","bundle_editable_in_cart":false,"bundle_sold_individually_context":"","bundle_item_grouping":"","bundle_min_size":"","bundle_max_size":"","bundled_items":[],"bundle_sell_ids":[],"acf":[],"taxonomy_info":{"product_cat":[{"value":474,"label":"Corps et Bain"},{"value":534,"label":"Huile Essentielle"},{"value":541,"label":"lavande"},{"value":476,"label":"Traitement Naturel"},{"value":482,"label":"Huile Essentielle"},{"value":586,"label":"Lavende"},{"value":519,"label":"Traitement Naturel"},{"value":523,"label":"lavender"},{"value":527,"label":"traitement naturel"}],"pa_collection":[{"value":611,"label":"gu\u00e9rison naturelle"}],"pa_fragrance":[{"value":622,"label":"lavende"}]},"featured_image_src_large":["https:\/\/scullys.eu\/wp-content\/uploads\/2022\/12\/Lavender_Sleep_Aid_15gm-2-1024x1024.png",1024,1024,true],"author_info":[],"comment_info":"","_links":{"self":[{"href":"https:\/\/scullys.eu\/fr\/wp-json\/wp\/v2\/product\/5389","targetHints":{"allow":["GET"]}}],"collection":[{"href":"https:\/\/scullys.eu\/fr\/wp-json\/wp\/v2\/product"}],"about":[{"href":"https:\/\/scullys.eu\/fr\/wp-json\/wp\/v2\/types\/product"}],"wp:featuredmedia":[{"embeddable":true,"href":"https:\/\/scullys.eu\/fr\/wp-json\/wp\/v2\/media\/5213"}],"wp:attachment":[{"href":"https:\/\/scullys.eu\/fr\/wp-json\/wp\/v2\/media?parent=5389"}],"wp:term":[{"taxonomy":"product_brand","embeddable":true,"href":"https:\/\/scullys.eu\/fr\/wp-json\/wp\/v2\/product_brand?post=5389"},{"taxonomy":"product_cat","embeddable":true,"href":"https:\/\/scullys.eu\/fr\/wp-json\/wp\/v2\/product_cat?post=5389"},{"taxonomy":"product_tag","embeddable":true,"href":"https:\/\/scullys.eu\/fr\/wp-json\/wp\/v2\/product_tag?post=5389"}],"curies":[{"name":"wp","href":"https:\/\/api.w.org\/{rel}","templated":true}]}}