{"id":5388,"date":"2022-12-02T14:04:56","date_gmt":"2022-12-02T13:04:56","guid":{"rendered":"https:\/\/scullys.eu\/shop\/non%20class\u00e9\/natural-healing-muscle-balm\/"},"modified":"2024-10-01T00:01:23","modified_gmt":"2024-09-30T22:01:23","slug":"natural-healing-muscle-balm","status":"publish","type":"product","link":"https:\/\/scullys.eu\/fr\/corps\/huile-essentielle-soins-du-corps\/natural-healing-muscle-balm\/","title":{"rendered":"Traitement Naturel Baume pour les Muscles &#8211; 100% Ingr\u00e9dients Naturels avec Huiles Essentielles"},"content":{"rendered":"","protected":false},"excerpt":{"rendered":"<p>Un baume soignant, apaisant et rafra\u00eechissant \u00e0 base de cires naturelles, de beurres et d&rsquo;extraits de plantes avec un m\u00e9lange parfait d&rsquo;huiles essentielles de Lavande, de Menthe Poivr\u00e9e, de Noix de Coco et d&rsquo;amande pour aider \u00e0 r\u00e9duire l&rsquo;inflammation, am\u00e9liorer la circulation et restaurer la fonction musculaire. R\u00e9alis\u00e9 avec la formule exclusive enti\u00e8rement naturelle de Scullys, ce baume est \u00e9galement id\u00e9al \u00e0 utiliser avant et\/ou apr\u00e8s toute activit\u00e9 physique et sportive. Il ne s&rsquo;agit pas d&rsquo;un m\u00e9dicament ou d&rsquo;une drogue et il n&rsquo;y aura pas d&rsquo;effets secondaires.<\/p>\n","protected":false},"featured_media":5206,"template":"","meta":{"_acf_changed":false,"_kad_blocks_custom_css":"","_kad_blocks_head_custom_js":"","_kad_blocks_body_custom_js":"","_kad_blocks_footer_custom_js":""},"product_brand":[],"product_cat":[474,534,541,542,536,476,477,586,516,508,518,559,587,519,523,524,526,527,528,529],"product_tag":[],"class_list":{"0":"post-5388","1":"product","2":"type-product","3":"status-publish","4":"has-post-thumbnail","6":"product_cat-corps","7":"product_cat-huile-essentielle-soins-du-corps","8":"product_cat-soins-du-corps-a-la-lavande","9":"product_cat-massage-soins-corporels","10":"product_cat-homme-corps-bain","11":"product_cat-soins-naturels-de-guerison-corps","12":"product_cat-soins-du-corps-en-plein-air","13":"product_cat-lavende","14":"product_cat-massage-a-la-lavande","15":"product_cat-hydratants-a-la-lavande","16":"product_cat-massage-fr","17":"product_cat-homme","18":"product_cat-corps-fr","19":"product_cat-traitement-naturel","20":"product_cat-lavender-natural-healing-fr","21":"product_cat-massage-traitement-naturel","22":"product_cat-cremes-hydratantes-traitement-naturel","23":"product_cat-traitement-naturel-traitement-naturel","24":"product_cat-plein-air","25":"product_cat-lavende-plein-air","26":"pa_collection-guerison-naturelle","28":"first","29":"instock","30":"purchasable","31":"product-type-simple"},"bundled_by":["5033"],"bundle_stock_status":"instock","bundle_stock_quantity":144,"bundle_virtual":false,"bundle_layout":"","bundle_add_to_cart_form_location":"","bundle_editable_in_cart":false,"bundle_sold_individually_context":"","bundle_item_grouping":"","bundle_min_size":"","bundle_max_size":"","bundled_items":[],"bundle_sell_ids":[],"acf":[],"taxonomy_info":{"product_cat":[{"value":474,"label":"Corps et Bain"},{"value":534,"label":"Huile Essentielle"},{"value":541,"label":"lavande"},{"value":542,"label":"massage"},{"value":536,"label":"Homme"},{"value":476,"label":"Traitement Naturel"},{"value":477,"label":"en plein air"},{"value":586,"label":"Lavende"},{"value":516,"label":"Massage \u00e0 la lavande"},{"value":508,"label":"Hydratants \u00e0 la lavande"},{"value":518,"label":"Massage"},{"value":559,"label":"Homme"},{"value":587,"label":"Corps"},{"value":519,"label":"Traitement Naturel"},{"value":523,"label":"lavender"},{"value":524,"label":"massage"},{"value":526,"label":"cr\u00e8mes hydratantes"},{"value":527,"label":"traitement naturel"},{"value":528,"label":"En plein air"},{"value":529,"label":"lavende"}],"pa_collection":[{"value":611,"label":"gu\u00e9rison naturelle"}]},"featured_image_src_large":["https:\/\/scullys.eu\/wp-content\/uploads\/2022\/12\/Natrual_Muscle_Balm_80gm-2-1024x1024.png",1024,1024,true],"author_info":[],"comment_info":"","_links":{"self":[{"href":"https:\/\/scullys.eu\/fr\/wp-json\/wp\/v2\/product\/5388","targetHints":{"allow":["GET"]}}],"collection":[{"href":"https:\/\/scullys.eu\/fr\/wp-json\/wp\/v2\/product"}],"about":[{"href":"https:\/\/scullys.eu\/fr\/wp-json\/wp\/v2\/types\/product"}],"wp:featuredmedia":[{"embeddable":true,"href":"https:\/\/scullys.eu\/fr\/wp-json\/wp\/v2\/media\/5206"}],"wp:attachment":[{"href":"https:\/\/scullys.eu\/fr\/wp-json\/wp\/v2\/media?parent=5388"}],"wp:term":[{"taxonomy":"product_brand","embeddable":true,"href":"https:\/\/scullys.eu\/fr\/wp-json\/wp\/v2\/product_brand?post=5388"},{"taxonomy":"product_cat","embeddable":true,"href":"https:\/\/scullys.eu\/fr\/wp-json\/wp\/v2\/product_cat?post=5388"},{"taxonomy":"product_tag","embeddable":true,"href":"https:\/\/scullys.eu\/fr\/wp-json\/wp\/v2\/product_tag?post=5388"}],"curies":[{"name":"wp","href":"https:\/\/api.w.org\/{rel}","templated":true}]}}