{"id":5383,"date":"2022-12-02T14:04:56","date_gmt":"2022-12-02T13:04:56","guid":{"rendered":"https:\/\/scullys.eu\/shop\/non%20class\u00e9\/gardeners-moisturizing-soap-lavender-with-olive-oil\/"},"modified":"2024-10-01T00:01:23","modified_gmt":"2024-09-30T22:01:23","slug":"gardeners-moisturizing-soap-lavender-with-olive-oil","status":"publish","type":"product","link":"https:\/\/scullys.eu\/fr\/corps\/douche-bain-soin-du-corps\/gardeners-moisturizing-soap-lavender-with-olive-oil\/","title":{"rendered":"Savon Hydratant Gardener&rsquo;s mains&#038;corps &#8211; Avec Huiles Naturelles de Lavande, d&rsquo;Olive et de Germe de Bl\u00e9"},"content":{"rendered":"","protected":false},"excerpt":{"rendered":"<p>Savon nettoyant et hydratant en profondeur, \u00e0 base d&rsquo;huile d&rsquo;olive, d&rsquo;huile de germe de bl\u00e9, d&rsquo;huile essentielle de lavande et de vitamine E. Il \u00e9limine les taches tenaces en douceur, sans dess\u00e9cher ni alt\u00e9rer l&rsquo;\u00e9quilibre naturel de la peau. A base de glyc\u00e9rine, n&rsquo;alt\u00e8re pas le PH de la peau. Parfait pour les peaux fatigu\u00e9es, ab\u00eem\u00e9es et endurcies.<\/p>\n","protected":false},"featured_media":5384,"template":"","meta":{"_acf_changed":false,"_kad_blocks_custom_css":"","_kad_blocks_head_custom_js":"","_kad_blocks_body_custom_js":"","_kad_blocks_footer_custom_js":""},"product_brand":[],"product_cat":[474,478,540,541,475,477,547,555,498,499,501,503,586,508,510,511,528,529,600],"product_tag":[],"class_list":{"0":"post-5383","1":"product","2":"type-product","3":"status-publish","4":"has-post-thumbnail","6":"product_cat-corps","7":"product_cat-douche-bain-soin-du-corps","8":"product_cat-jardiniers-soins-du-corps","9":"product_cat-soins-du-corps-a-la-lavande","10":"product_cat-hydratants-soins-du-corps","11":"product_cat-soins-du-corps-en-plein-air","12":"product_cat-soins-des-mains","13":"product_cat-du-jardinier-soins-des-mains","14":"product_cat-lavende-soins-des-mains","15":"product_cat-cremes-hydratantes-soins-des-mains","16":"product_cat-en-plein-air-soins-des-mains","17":"product_cat-pain-de-savon-soins-des-mains","18":"product_cat-lavende","19":"product_cat-hydratants-a-la-lavande","20":"product_cat-bain-et-douche-a-la-lavande","21":"product_cat-pain-de-savon-a-la-lavande","22":"product_cat-plein-air","23":"product_cat-lavende-plein-air","24":"product_cat-savons","25":"pa_collection-du-jardinier","26":"pa_fragrance-lavende","27":"pa_product-type-plein-air","29":"first","30":"instock","31":"purchasable","32":"product-type-simple"},"bundled_by":["5025"],"bundle_stock_status":"instock","bundle_stock_quantity":191,"bundle_virtual":false,"bundle_layout":"","bundle_add_to_cart_form_location":"","bundle_editable_in_cart":false,"bundle_sold_individually_context":"","bundle_item_grouping":"","bundle_min_size":"","bundle_max_size":"","bundled_items":[],"bundle_sell_ids":[],"acf":[],"taxonomy_info":{"product_cat":[{"value":474,"label":"Corps et Bain"},{"value":478,"label":"douche et bain"},{"value":540,"label":"du jardinier"},{"value":541,"label":"lavande"},{"value":475,"label":"cr\u00e8mes hydratantes"},{"value":477,"label":"en plein air"},{"value":547,"label":"Mains"},{"value":555,"label":"du jardinier"},{"value":498,"label":"lavande"},{"value":499,"label":"cr\u00e8mes hydratantes"},{"value":501,"label":"en plein air"},{"value":503,"label":"pain de savon"},{"value":586,"label":"Lavende"},{"value":508,"label":"Hydratants \u00e0 la lavande"},{"value":510,"label":"Bain et douche \u00e0 la lavande"},{"value":511,"label":"Pain de savon \u00e0 la lavande"},{"value":528,"label":"En plein air"},{"value":529,"label":"lavende"},{"value":600,"label":"Savons"}],"pa_collection":[{"value":608,"label":"du jardinier"}],"pa_fragrance":[{"value":622,"label":"lavende"}],"pa_product-type":[{"value":640,"label":"plein air"}]},"featured_image_src_large":["https:\/\/scullys.eu\/wp-content\/uploads\/2022\/12\/gardeners_soap1-scaled-1-1024x1024.png",1024,1024,true],"author_info":[],"comment_info":"","_links":{"self":[{"href":"https:\/\/scullys.eu\/fr\/wp-json\/wp\/v2\/product\/5383","targetHints":{"allow":["GET"]}}],"collection":[{"href":"https:\/\/scullys.eu\/fr\/wp-json\/wp\/v2\/product"}],"about":[{"href":"https:\/\/scullys.eu\/fr\/wp-json\/wp\/v2\/types\/product"}],"wp:featuredmedia":[{"embeddable":true,"href":"https:\/\/scullys.eu\/fr\/wp-json\/wp\/v2\/media\/5384"}],"wp:attachment":[{"href":"https:\/\/scullys.eu\/fr\/wp-json\/wp\/v2\/media?parent=5383"}],"wp:term":[{"taxonomy":"product_brand","embeddable":true,"href":"https:\/\/scullys.eu\/fr\/wp-json\/wp\/v2\/product_brand?post=5383"},{"taxonomy":"product_cat","embeddable":true,"href":"https:\/\/scullys.eu\/fr\/wp-json\/wp\/v2\/product_cat?post=5383"},{"taxonomy":"product_tag","embeddable":true,"href":"https:\/\/scullys.eu\/fr\/wp-json\/wp\/v2\/product_tag?post=5383"}],"curies":[{"name":"wp","href":"https:\/\/api.w.org\/{rel}","templated":true}]}}