{"id":5373,"date":"2022-12-02T14:04:56","date_gmt":"2022-12-02T13:04:56","guid":{"rendered":"https:\/\/scullys.eu\/shop\/non%20class\u00e9\/natural-healing-massage-oil-lavender-mix\/"},"modified":"2024-10-01T00:01:21","modified_gmt":"2024-09-30T22:01:21","slug":"natural-healing-massage-oil-lavender-mix","status":"publish","type":"product","link":"https:\/\/scullys.eu\/fr\/corps\/huile-essentielle-soins-du-corps\/natural-healing-massage-oil-lavender-mix\/","title":{"rendered":"Traitement Naturel Huile de Massage Hydratante &#8211; 100% Huiles Essentielles de Lavande, G\u00e9ranium, Citron et Amande"},"content":{"rendered":"","protected":false},"excerpt":{"rendered":"<p>La formule exclusive enti\u00e8rement naturelle de Scullys a \u00e9t\u00e9 utilis\u00e9e pour r\u00e9aliser cette huile de massage aromatique qui est id\u00e9ale pour un usage g\u00e9n\u00e9ral. Contient des huiles essentielles pures de lavande, de g\u00e9ranium et de citron dans une base d&rsquo;huile d&rsquo;amande douce, connue pour ses propri\u00e9t\u00e9s naturelles apaisantes, relaxantes, soignantes et purifiantes. Il ne s&rsquo;agit pas d&rsquo;un m\u00e9dicament ou d&rsquo;une drogue et il n&rsquo;y aura pas d&rsquo;effets secondaires.<\/p>\n","protected":false},"featured_media":5203,"template":"","meta":{"_acf_changed":false,"_kad_blocks_custom_css":"","_kad_blocks_head_custom_js":"","_kad_blocks_body_custom_js":"","_kad_blocks_footer_custom_js":""},"product_brand":[],"product_cat":[474,534,540,541,542,536,475,476,482,586,516,508,518,559,587,590,519,523,524,526,527,528,529],"product_tag":[],"class_list":{"0":"post-5373","1":"product","2":"type-product","3":"status-publish","4":"has-post-thumbnail","6":"product_cat-corps","7":"product_cat-huile-essentielle-soins-du-corps","8":"product_cat-jardiniers-soins-du-corps","9":"product_cat-soins-du-corps-a-la-lavande","10":"product_cat-massage-soins-corporels","11":"product_cat-homme-corps-bain","12":"product_cat-hydratants-soins-du-corps","13":"product_cat-soins-naturels-de-guerison-corps","14":"product_cat-huile-essentielle","15":"product_cat-lavende","16":"product_cat-massage-a-la-lavande","17":"product_cat-hydratants-a-la-lavande","18":"product_cat-massage-fr","19":"product_cat-homme","20":"product_cat-corps-fr","21":"product_cat-cremes-hydratantes-homme","22":"product_cat-traitement-naturel","23":"product_cat-lavender-natural-healing-fr","24":"product_cat-massage-traitement-naturel","25":"product_cat-cremes-hydratantes-traitement-naturel","26":"product_cat-traitement-naturel-traitement-naturel","27":"product_cat-plein-air","28":"product_cat-lavende-plein-air","29":"pa_product-type-massage-fr","31":"first","32":"instock","33":"purchasable","34":"product-type-simple"},"bundled_by":["5017","5033"],"bundle_stock_status":"instock","bundle_stock_quantity":83,"bundle_virtual":false,"bundle_layout":"","bundle_add_to_cart_form_location":"","bundle_editable_in_cart":false,"bundle_sold_individually_context":"","bundle_item_grouping":"","bundle_min_size":"","bundle_max_size":"","bundled_items":[],"bundle_sell_ids":[],"acf":[],"taxonomy_info":{"product_cat":[{"value":474,"label":"Corps et Bain"},{"value":534,"label":"Huile Essentielle"},{"value":540,"label":"du jardinier"},{"value":541,"label":"lavande"},{"value":542,"label":"massage"},{"value":536,"label":"Homme"},{"value":475,"label":"cr\u00e8mes hydratantes"},{"value":476,"label":"Traitement Naturel"},{"value":482,"label":"Huile Essentielle"},{"value":586,"label":"Lavende"},{"value":516,"label":"Massage \u00e0 la lavande"},{"value":508,"label":"Hydratants \u00e0 la lavande"},{"value":518,"label":"Massage"},{"value":559,"label":"Homme"},{"value":587,"label":"Corps"},{"value":590,"label":"cr\u00e8mes hydratantes"},{"value":519,"label":"Traitement Naturel"},{"value":523,"label":"lavender"},{"value":524,"label":"massage"},{"value":526,"label":"cr\u00e8mes hydratantes"},{"value":527,"label":"traitement naturel"},{"value":528,"label":"En plein air"},{"value":529,"label":"lavende"}],"pa_product-type":[{"value":641,"label":"massage"}]},"featured_image_src_large":["https:\/\/scullys.eu\/wp-content\/uploads\/2022\/12\/Massage-Oil_Apothecary_bottle_Nov2022-1-1024x1024.png",1024,1024,true],"author_info":[],"comment_info":"","_links":{"self":[{"href":"https:\/\/scullys.eu\/fr\/wp-json\/wp\/v2\/product\/5373","targetHints":{"allow":["GET"]}}],"collection":[{"href":"https:\/\/scullys.eu\/fr\/wp-json\/wp\/v2\/product"}],"about":[{"href":"https:\/\/scullys.eu\/fr\/wp-json\/wp\/v2\/types\/product"}],"wp:featuredmedia":[{"embeddable":true,"href":"https:\/\/scullys.eu\/fr\/wp-json\/wp\/v2\/media\/5203"}],"wp:attachment":[{"href":"https:\/\/scullys.eu\/fr\/wp-json\/wp\/v2\/media?parent=5373"}],"wp:term":[{"taxonomy":"product_brand","embeddable":true,"href":"https:\/\/scullys.eu\/fr\/wp-json\/wp\/v2\/product_brand?post=5373"},{"taxonomy":"product_cat","embeddable":true,"href":"https:\/\/scullys.eu\/fr\/wp-json\/wp\/v2\/product_cat?post=5373"},{"taxonomy":"product_tag","embeddable":true,"href":"https:\/\/scullys.eu\/fr\/wp-json\/wp\/v2\/product_tag?post=5373"}],"curies":[{"name":"wp","href":"https:\/\/api.w.org\/{rel}","templated":true}]}}