{"id":5368,"date":"2022-12-02T14:04:56","date_gmt":"2022-12-02T13:04:56","guid":{"rendered":"https:\/\/scullys.eu\/shop\/non%20class\u00e9\/gardeners-foot-leg-cream-mini-tube-lavender-peppermint\/"},"modified":"2024-10-01T00:01:18","modified_gmt":"2024-09-30T22:01:18","slug":"gardeners-foot-leg-cream-mini-tube-lavender-peppermint","status":"publish","type":"product","link":"https:\/\/scullys.eu\/fr\/corps\/jardiniers-soins-du-corps\/gardeners-foot-leg-cream-mini-tube-lavender-peppermint\/","title":{"rendered":"Cr\u00e8me pour Pieds et Jambes Gardener&rsquo;s, mini-tube &#8211; Avec Huiles Essentielles de Lavande et Menthe Poivr\u00e9e"},"content":{"rendered":"","protected":false},"excerpt":{"rendered":"<p>Cr\u00e8me d\u00e9odorante, apaisante et soignante aux huiles essentielles de menthe poivr\u00e9e et de lavande, lanoline et \u00e0 la vitamine E. Parfaite pour aider \u00e0 soulager les muscles, les jambes et les pieds endoloris ou fatigu\u00e9s. Sans parab\u00e8nes, cette cr\u00e8me non grasse et \u00e0 absorption rapide est parfaite pour tous les types de peau. \u00c0 base de glyc\u00e9rine, elle n&rsquo;alt\u00e8re pas le PH naturel de la peau. Pratique \u00e0 transporter lors de vos activit\u00e9s en plein air<\/p>\n","protected":false},"featured_media":5758,"template":"","meta":{"_acf_changed":false,"_kad_blocks_custom_css":"","_kad_blocks_head_custom_js":"","_kad_blocks_body_custom_js":"","_kad_blocks_footer_custom_js":""},"product_brand":[],"product_cat":[474,540,541,536,475,477,586,515,508,528,529],"product_tag":[],"class_list":{"0":"post-5368","1":"product","2":"type-product","3":"status-publish","4":"has-post-thumbnail","6":"product_cat-corps","7":"product_cat-jardiniers-soins-du-corps","8":"product_cat-soins-du-corps-a-la-lavande","9":"product_cat-homme-corps-bain","10":"product_cat-hydratants-soins-du-corps","11":"product_cat-soins-du-corps-en-plein-air","12":"product_cat-lavende","13":"product_cat-lavender-massage-23-fr","14":"product_cat-hydratants-a-la-lavande","15":"product_cat-plein-air","16":"product_cat-lavende-plein-air","17":"pa_product-type-plein-air","19":"first","20":"instock","21":"purchasable","22":"product-type-simple"},"bundled_by":[],"bundle_stock_status":"instock","bundle_stock_quantity":109,"bundle_virtual":false,"bundle_layout":"","bundle_add_to_cart_form_location":"","bundle_editable_in_cart":false,"bundle_sold_individually_context":"","bundle_item_grouping":"","bundle_min_size":"","bundle_max_size":"","bundled_items":[],"bundle_sell_ids":[],"acf":[],"taxonomy_info":{"product_cat":[{"value":474,"label":"Corps et Bain"},{"value":540,"label":"du jardinier"},{"value":541,"label":"lavande"},{"value":536,"label":"Homme"},{"value":475,"label":"cr\u00e8mes hydratantes"},{"value":477,"label":"en plein air"},{"value":586,"label":"Lavende"},{"value":515,"label":"Lavender massage [disabled]"},{"value":508,"label":"Hydratants \u00e0 la lavande"},{"value":528,"label":"En plein air"},{"value":529,"label":"lavende"}],"pa_product-type":[{"value":640,"label":"plein air"}]},"featured_image_src_large":["https:\/\/scullys.eu\/wp-content\/uploads\/2022\/12\/Gardeners_FootLegCream_30g_front-2-1024x1024.png",1024,1024,true],"author_info":[],"comment_info":"","_links":{"self":[{"href":"https:\/\/scullys.eu\/fr\/wp-json\/wp\/v2\/product\/5368","targetHints":{"allow":["GET"]}}],"collection":[{"href":"https:\/\/scullys.eu\/fr\/wp-json\/wp\/v2\/product"}],"about":[{"href":"https:\/\/scullys.eu\/fr\/wp-json\/wp\/v2\/types\/product"}],"wp:featuredmedia":[{"embeddable":true,"href":"https:\/\/scullys.eu\/fr\/wp-json\/wp\/v2\/media\/5758"}],"wp:attachment":[{"href":"https:\/\/scullys.eu\/fr\/wp-json\/wp\/v2\/media?parent=5368"}],"wp:term":[{"taxonomy":"product_brand","embeddable":true,"href":"https:\/\/scullys.eu\/fr\/wp-json\/wp\/v2\/product_brand?post=5368"},{"taxonomy":"product_cat","embeddable":true,"href":"https:\/\/scullys.eu\/fr\/wp-json\/wp\/v2\/product_cat?post=5368"},{"taxonomy":"product_tag","embeddable":true,"href":"https:\/\/scullys.eu\/fr\/wp-json\/wp\/v2\/product_tag?post=5368"}],"curies":[{"name":"wp","href":"https:\/\/api.w.org\/{rel}","templated":true}]}}