{"id":5367,"date":"2022-12-02T14:04:56","date_gmt":"2022-12-02T13:04:56","guid":{"rendered":"https:\/\/scullys.eu\/shop\/non%20class\u00e9\/natural-healing-lip-balm\/"},"modified":"2024-10-01T00:01:17","modified_gmt":"2024-09-30T22:01:17","slug":"natural-healing-lip-balm","status":"publish","type":"product","link":"https:\/\/scullys.eu\/fr\/corps\/jardiniers-soins-du-corps\/natural-healing-lip-balm\/","title":{"rendered":"Traitement Naturel Baume \u00e0 L\u00e8vres &#8211; 100% Naturel avec Vanille et Huile d&rsquo;Amande"},"content":{"rendered":"","protected":false},"excerpt":{"rendered":"<p>Baume \u00e0 l\u00e8vres naturel, nourrissant et hydratant, \u00e0 base de cire de soja, d&rsquo;huile d&rsquo;amande et d&rsquo;extraits de vanille. Id\u00e9al pour apaiser les l\u00e8vres s\u00e8ches et fendill\u00e9es. Il ne s&rsquo;agit pas d&rsquo;un m\u00e9dicament ou d&rsquo;une drogue et il n&rsquo;y aura pas d&rsquo;effets secondaires.<\/p>\n","protected":false},"featured_media":5200,"template":"","meta":{"_acf_changed":false,"_kad_blocks_custom_css":"","_kad_blocks_head_custom_js":"","_kad_blocks_body_custom_js":"","_kad_blocks_footer_custom_js":""},"product_brand":[],"product_cat":[474,540,475,476,477,517,559,519,526,527,528],"product_tag":[],"class_list":{"0":"post-5367","1":"product","2":"type-product","3":"status-publish","4":"has-post-thumbnail","6":"product_cat-corps","7":"product_cat-jardiniers-soins-du-corps","8":"product_cat-hydratants-soins-du-corps","9":"product_cat-soins-naturels-de-guerison-corps","10":"product_cat-soins-du-corps-en-plein-air","11":"product_cat-soins-des-levres","12":"product_cat-homme","13":"product_cat-traitement-naturel","14":"product_cat-cremes-hydratantes-traitement-naturel","15":"product_cat-traitement-naturel-traitement-naturel","16":"product_cat-plein-air","17":"pa_collection-guerison-naturelle","19":"first","20":"instock","21":"purchasable","22":"product-type-simple"},"bundled_by":["5004","5006","5025","5033"],"bundle_stock_status":"instock","bundle_stock_quantity":320,"bundle_virtual":false,"bundle_layout":"","bundle_add_to_cart_form_location":"","bundle_editable_in_cart":false,"bundle_sold_individually_context":"","bundle_item_grouping":"","bundle_min_size":"","bundle_max_size":"","bundled_items":[],"bundle_sell_ids":[],"acf":[],"taxonomy_info":{"product_cat":[{"value":474,"label":"Corps et Bain"},{"value":540,"label":"du jardinier"},{"value":475,"label":"cr\u00e8mes hydratantes"},{"value":476,"label":"Traitement Naturel"},{"value":477,"label":"en plein air"},{"value":517,"label":"Soins des l\u00e8vres"},{"value":559,"label":"Homme"},{"value":519,"label":"Traitement Naturel"},{"value":526,"label":"cr\u00e8mes hydratantes"},{"value":527,"label":"traitement naturel"},{"value":528,"label":"En plein air"}],"pa_collection":[{"value":611,"label":"gu\u00e9rison naturelle"}]},"featured_image_src_large":["https:\/\/scullys.eu\/wp-content\/uploads\/2022\/12\/Natrual_Lip_Balm_15gm-1-1024x1024.png",1024,1024,true],"author_info":[],"comment_info":"","_links":{"self":[{"href":"https:\/\/scullys.eu\/fr\/wp-json\/wp\/v2\/product\/5367","targetHints":{"allow":["GET"]}}],"collection":[{"href":"https:\/\/scullys.eu\/fr\/wp-json\/wp\/v2\/product"}],"about":[{"href":"https:\/\/scullys.eu\/fr\/wp-json\/wp\/v2\/types\/product"}],"wp:featuredmedia":[{"embeddable":true,"href":"https:\/\/scullys.eu\/fr\/wp-json\/wp\/v2\/media\/5200"}],"wp:attachment":[{"href":"https:\/\/scullys.eu\/fr\/wp-json\/wp\/v2\/media?parent=5367"}],"wp:term":[{"taxonomy":"product_brand","embeddable":true,"href":"https:\/\/scullys.eu\/fr\/wp-json\/wp\/v2\/product_brand?post=5367"},{"taxonomy":"product_cat","embeddable":true,"href":"https:\/\/scullys.eu\/fr\/wp-json\/wp\/v2\/product_cat?post=5367"},{"taxonomy":"product_tag","embeddable":true,"href":"https:\/\/scullys.eu\/fr\/wp-json\/wp\/v2\/product_tag?post=5367"}],"curies":[{"name":"wp","href":"https:\/\/api.w.org\/{rel}","templated":true}]}}