{"id":5362,"date":"2022-12-02T14:04:56","date_gmt":"2022-12-02T13:04:56","guid":{"rendered":"https:\/\/scullys.eu\/shop\/non%20class\u00e9\/bath-body-oil-bulgarian-rose\/"},"modified":"2024-10-01T00:01:16","modified_gmt":"2024-09-30T22:01:16","slug":"bath-body-oil-bulgarian-rose","status":"publish","type":"product","link":"https:\/\/scullys.eu\/fr\/corps\/douche-bain-soin-du-corps\/bath-body-oil-bulgarian-rose\/","title":{"rendered":"Huile Naturelle de Bain et pour le Corps &#8211; Huiles Essentielles de Rose Bulgare, Amande, Bois de Santal et Ylang-Ylang"},"content":{"rendered":"","protected":false},"excerpt":{"rendered":"<p>Huile corporelle l\u00e9g\u00e8re et facilement absorb\u00e9e, sur une base d&rsquo;huile d&rsquo;amande et riche en en huiles essentielles. Pour tous les types de peau et en particulier pour les peaux s\u00e8ches. <\/p>\n","protected":false},"featured_media":5363,"template":"","meta":{"_acf_changed":false,"_kad_blocks_custom_css":"","_kad_blocks_head_custom_js":"","_kad_blocks_body_custom_js":"","_kad_blocks_footer_custom_js":""},"product_brand":[],"product_cat":[474,478,538,539,534,542,475,482,530,595,596,597],"product_tag":[],"class_list":{"0":"post-5362","1":"product","2":"type-product","3":"status-publish","4":"has-post-thumbnail","6":"product_cat-corps","7":"product_cat-douche-bain-soin-du-corps","8":"product_cat-soins-du-corps-bulgares-rose","9":"product_cat-classiques-soins-du-corps","10":"product_cat-huile-essentielle-soins-du-corps","11":"product_cat-massage-soins-corporels","12":"product_cat-hydratants-soins-du-corps","13":"product_cat-huile-essentielle","14":"product_cat-rose-fr","15":"product_cat-rose-massage-fr","16":"product_cat-hydratants-a-la-rose","17":"product_cat-gel-douche-et-bain-a-la-rose","18":"pa_collection-classiques-fr","20":"first","21":"instock","22":"purchasable","23":"product-type-simple"},"bundled_by":["4999"],"bundle_stock_status":"instock","bundle_stock_quantity":37,"bundle_virtual":false,"bundle_layout":"","bundle_add_to_cart_form_location":"","bundle_editable_in_cart":false,"bundle_sold_individually_context":"","bundle_item_grouping":"","bundle_min_size":"","bundle_max_size":"","bundled_items":[],"bundle_sell_ids":[],"acf":[],"taxonomy_info":{"product_cat":[{"value":474,"label":"Corps et Bain"},{"value":478,"label":"douche et bain"},{"value":538,"label":"rose bulgare"},{"value":539,"label":"classiques"},{"value":534,"label":"Huile Essentielle"},{"value":542,"label":"massage"},{"value":475,"label":"cr\u00e8mes hydratantes"},{"value":482,"label":"Huile Essentielle"},{"value":530,"label":"Rose"},{"value":595,"label":"Rose Massage"},{"value":596,"label":"Hydratants \u00e0 la rose"},{"value":597,"label":"Gel douche et bain \u00e0 la rose"}],"pa_collection":[{"value":662,"label":"classiques"}]},"featured_image_src_large":["https:\/\/scullys.eu\/wp-content\/uploads\/2022\/12\/675-rose_bath_body_oil_pump_300ml-scaled-1-1024x1024.png",1024,1024,true],"author_info":[],"comment_info":"","_links":{"self":[{"href":"https:\/\/scullys.eu\/fr\/wp-json\/wp\/v2\/product\/5362","targetHints":{"allow":["GET"]}}],"collection":[{"href":"https:\/\/scullys.eu\/fr\/wp-json\/wp\/v2\/product"}],"about":[{"href":"https:\/\/scullys.eu\/fr\/wp-json\/wp\/v2\/types\/product"}],"wp:featuredmedia":[{"embeddable":true,"href":"https:\/\/scullys.eu\/fr\/wp-json\/wp\/v2\/media\/5363"}],"wp:attachment":[{"href":"https:\/\/scullys.eu\/fr\/wp-json\/wp\/v2\/media?parent=5362"}],"wp:term":[{"taxonomy":"product_brand","embeddable":true,"href":"https:\/\/scullys.eu\/fr\/wp-json\/wp\/v2\/product_brand?post=5362"},{"taxonomy":"product_cat","embeddable":true,"href":"https:\/\/scullys.eu\/fr\/wp-json\/wp\/v2\/product_cat?post=5362"},{"taxonomy":"product_tag","embeddable":true,"href":"https:\/\/scullys.eu\/fr\/wp-json\/wp\/v2\/product_tag?post=5362"}],"curies":[{"name":"wp","href":"https:\/\/api.w.org\/{rel}","templated":true}]}}