{"id":5346,"date":"2022-12-02T14:04:56","date_gmt":"2022-12-02T13:04:56","guid":{"rendered":"https:\/\/scullys.eu\/shop\/non%20class\u00e9\/bath-salts-bulgarian-rose\/"},"modified":"2024-10-01T00:01:13","modified_gmt":"2024-09-30T22:01:13","slug":"bath-salts-bulgarian-rose","status":"publish","type":"product","link":"https:\/\/scullys.eu\/fr\/corps\/douche-bain-soin-du-corps\/bath-salts-bulgarian-rose\/","title":{"rendered":"Sels de Bain &#8211; Huiles Essentielles de Rose Bulgare et Camomille"},"content":{"rendered":"","protected":false},"excerpt":{"rendered":"<p>Sels min\u00e9raux naturels de Nouvelle-Z\u00e9lande m\u00e9lang\u00e9s \u00e0 des huiles essentielles naturelles pour un bain apaisant et relaxant. Les sels sont connus pour nettoyer, purifier et gu\u00e9rir votre peau.<br \/>\nLes roses de la meilleure qualit\u00e9 pour extraire l&rsquo;huile de rose proviennent de la vall\u00e9e des roses en Bulgarie, Rosa Damascena Bulgare, en raison des conditions parfaites du sol et du climat de la r\u00e9gion. Chez Scullys, nous avons d\u00e9velopp\u00e9 notre propre parfum exclusif de rose de Bulgarie.<\/p>\n","protected":false},"featured_media":5347,"template":"","meta":{"_acf_changed":false,"_kad_blocks_custom_css":"","_kad_blocks_head_custom_js":"","_kad_blocks_body_custom_js":"","_kad_blocks_footer_custom_js":""},"product_brand":[],"product_cat":[474,478,533,538,539,534,530,597],"product_tag":[],"class_list":{"0":"post-5346","1":"product","2":"type-product","3":"status-publish","4":"has-post-thumbnail","6":"product_cat-corps","7":"product_cat-douche-bain-soin-du-corps","8":"product_cat-sels-de-bain-soins-du-corps","9":"product_cat-soins-du-corps-bulgares-rose","10":"product_cat-classiques-soins-du-corps","11":"product_cat-huile-essentielle-soins-du-corps","12":"product_cat-rose-fr","13":"product_cat-gel-douche-et-bain-a-la-rose","14":"pa_collection-classiques","15":"pa_fragrance-rose-bulgare","16":"pa_product-type-douche-et-bain","18":"first","19":"instock","20":"purchasable","21":"product-type-simple"},"bundled_by":["4999"],"bundle_stock_status":"instock","bundle_stock_quantity":69,"bundle_virtual":false,"bundle_layout":"","bundle_add_to_cart_form_location":"","bundle_editable_in_cart":false,"bundle_sold_individually_context":"","bundle_item_grouping":"","bundle_min_size":"","bundle_max_size":"","bundled_items":[],"bundle_sell_ids":[],"acf":[],"taxonomy_info":{"product_cat":[{"value":474,"label":"Corps et Bain"},{"value":478,"label":"douche et bain"},{"value":533,"label":"Sels de bain soins du corps"},{"value":538,"label":"rose bulgare"},{"value":539,"label":"classiques"},{"value":534,"label":"Huile Essentielle"},{"value":530,"label":"Rose"},{"value":597,"label":"Gel douche et bain \u00e0 la rose"}],"pa_collection":[{"value":607,"label":"classiques"}],"pa_fragrance":[{"value":627,"label":"rose bulgare"}],"pa_product-type":[{"value":639,"label":"douche et bain"}]},"featured_image_src_large":["https:\/\/scullys.eu\/wp-content\/uploads\/2022\/12\/Rose_Bath_Salts_250gm_WhiteBG-scaled-1-1024x1024.png",1024,1024,true],"author_info":[],"comment_info":"","_links":{"self":[{"href":"https:\/\/scullys.eu\/fr\/wp-json\/wp\/v2\/product\/5346","targetHints":{"allow":["GET"]}}],"collection":[{"href":"https:\/\/scullys.eu\/fr\/wp-json\/wp\/v2\/product"}],"about":[{"href":"https:\/\/scullys.eu\/fr\/wp-json\/wp\/v2\/types\/product"}],"wp:featuredmedia":[{"embeddable":true,"href":"https:\/\/scullys.eu\/fr\/wp-json\/wp\/v2\/media\/5347"}],"wp:attachment":[{"href":"https:\/\/scullys.eu\/fr\/wp-json\/wp\/v2\/media?parent=5346"}],"wp:term":[{"taxonomy":"product_brand","embeddable":true,"href":"https:\/\/scullys.eu\/fr\/wp-json\/wp\/v2\/product_brand?post=5346"},{"taxonomy":"product_cat","embeddable":true,"href":"https:\/\/scullys.eu\/fr\/wp-json\/wp\/v2\/product_cat?post=5346"},{"taxonomy":"product_tag","embeddable":true,"href":"https:\/\/scullys.eu\/fr\/wp-json\/wp\/v2\/product_tag?post=5346"}],"curies":[{"name":"wp","href":"https:\/\/api.w.org\/{rel}","templated":true}]}}