{"id":5336,"date":"2022-12-02T14:04:56","date_gmt":"2022-12-02T13:04:56","guid":{"rendered":"https:\/\/scullys.eu\/shop\/non%20class\u00e9\/hand-scrub-lavender-mix\/"},"modified":"2024-10-01T00:01:12","modified_gmt":"2024-09-30T22:01:12","slug":"hand-scrub-lavender-mix","status":"publish","type":"product","link":"https:\/\/scullys.eu\/fr\/soins-des-mains\/classiques-soins-des-mains\/hand-scrub-lavender-mix\/","title":{"rendered":"Exfoliant pour les Mains &#8211; Coque de Noix moulue avec Huiles Essentielles de Lavande, Pamplemousse, Citron et Amande"},"content":{"rendered":"","protected":false},"excerpt":{"rendered":"<p>Cet exfoliant unique utilise des fibres de bois et de coquilles de noix finement broy\u00e9es pour nettoyer en douceur les taches tenaces et \u00e9liminer les cellules mortes et les impuret\u00e9s de la peau. Avec les propri\u00e9t\u00e9s apaisantes et curatives des huiles essentielles de lavande, pamplemousse, citron et amande.<\/p>\n","protected":false},"featured_media":5337,"template":"","meta":{"_acf_changed":false,"_kad_blocks_custom_css":"","_kad_blocks_head_custom_js":"","_kad_blocks_body_custom_js":"","_kad_blocks_footer_custom_js":""},"product_brand":[],"product_cat":[547,554,555,498,502,586,515,509,528,529],"product_tag":[],"class_list":{"0":"post-5336","1":"product","2":"type-product","3":"status-publish","4":"has-post-thumbnail","6":"product_cat-soins-des-mains","7":"product_cat-classiques-soins-des-mains","8":"product_cat-du-jardinier-soins-des-mains","9":"product_cat-lavende-soins-des-mains","10":"product_cat-scrub-hand-care-fr","11":"product_cat-lavende","12":"product_cat-lavender-massage-23-fr","13":"product_cat-gommage-a-la-lavande","14":"product_cat-plein-air","15":"product_cat-lavende-plein-air","16":"pa_collection-classiques","17":"pa_fragrance-lavende","18":"pa_product-type-gommage","20":"first","21":"instock","22":"purchasable","23":"product-type-simple"},"bundled_by":["4994","5025"],"bundle_stock_status":"instock","bundle_stock_quantity":175,"bundle_virtual":false,"bundle_layout":"","bundle_add_to_cart_form_location":"","bundle_editable_in_cart":false,"bundle_sold_individually_context":"","bundle_item_grouping":"","bundle_min_size":"","bundle_max_size":"","bundled_items":[],"bundle_sell_ids":[],"acf":[],"taxonomy_info":{"product_cat":[{"value":547,"label":"Mains"},{"value":554,"label":"classiques"},{"value":555,"label":"du jardinier"},{"value":498,"label":"lavande"},{"value":502,"label":"scrub"},{"value":586,"label":"Lavende"},{"value":515,"label":"Lavender massage [disabled]"},{"value":509,"label":"Gommage \u00e0 la lavande"},{"value":528,"label":"En plein air"},{"value":529,"label":"lavende"}],"pa_collection":[{"value":607,"label":"classiques"}],"pa_fragrance":[{"value":622,"label":"lavende"}],"pa_product-type":[{"value":637,"label":"gommage"}]},"featured_image_src_large":["https:\/\/scullys.eu\/wp-content\/uploads\/2022\/12\/handscrub-scaled-1-1024x1024.png",1024,1024,true],"author_info":[],"comment_info":"","_links":{"self":[{"href":"https:\/\/scullys.eu\/fr\/wp-json\/wp\/v2\/product\/5336","targetHints":{"allow":["GET"]}}],"collection":[{"href":"https:\/\/scullys.eu\/fr\/wp-json\/wp\/v2\/product"}],"about":[{"href":"https:\/\/scullys.eu\/fr\/wp-json\/wp\/v2\/types\/product"}],"wp:featuredmedia":[{"embeddable":true,"href":"https:\/\/scullys.eu\/fr\/wp-json\/wp\/v2\/media\/5337"}],"wp:attachment":[{"href":"https:\/\/scullys.eu\/fr\/wp-json\/wp\/v2\/media?parent=5336"}],"wp:term":[{"taxonomy":"product_brand","embeddable":true,"href":"https:\/\/scullys.eu\/fr\/wp-json\/wp\/v2\/product_brand?post=5336"},{"taxonomy":"product_cat","embeddable":true,"href":"https:\/\/scullys.eu\/fr\/wp-json\/wp\/v2\/product_cat?post=5336"},{"taxonomy":"product_tag","embeddable":true,"href":"https:\/\/scullys.eu\/fr\/wp-json\/wp\/v2\/product_tag?post=5336"}],"curies":[{"name":"wp","href":"https:\/\/api.w.org\/{rel}","templated":true}]}}