{"id":5335,"date":"2022-12-02T14:04:56","date_gmt":"2022-12-02T13:04:56","guid":{"rendered":"https:\/\/scullys.eu\/shop\/non%20class\u00e9\/natural-healing-hay-balm\/"},"modified":"2024-10-01T00:01:10","modified_gmt":"2024-09-30T22:01:10","slug":"natural-healing-hay-balm","status":"publish","type":"product","link":"https:\/\/scullys.eu\/fr\/traitement-naturel\/traitement-naturel-traitement-naturel\/natural-healing-hay-balm\/","title":{"rendered":"Traitement Naturel Baume Pr\u00e9vention Allergies &#8211; 100% Naturel avec Huile d&rsquo;Amande et Cire d&rsquo;Abeille"},"content":{"rendered":"","protected":false},"excerpt":{"rendered":"<p>Ce baume de pr\u00e9vention des allergies est r\u00e9alis\u00e9 \u00e0 partir de cire d&rsquo;abeille et d&rsquo;huile d&rsquo;amande 100% naturelles et peut \u00eatre utilis\u00e9 pour r\u00e9duire la p\u00e9n\u00e9tration d&rsquo;allerg\u00e8nes tels que les pollens dans votre organisme. Il ne s&rsquo;agit pas d&rsquo;un m\u00e9dicament ou d&rsquo;une drogue et il ne provoquera pas de somnolence ou d&rsquo;effets secondaires.<\/p>\n","protected":false},"featured_media":5197,"template":"","meta":{"_acf_changed":false,"_kad_blocks_custom_css":"","_kad_blocks_head_custom_js":"","_kad_blocks_body_custom_js":"","_kad_blocks_footer_custom_js":""},"product_brand":[],"product_cat":[519,527,528],"product_tag":[],"class_list":{"0":"post-5335","1":"product","2":"type-product","3":"status-publish","4":"has-post-thumbnail","6":"product_cat-traitement-naturel","7":"product_cat-traitement-naturel-traitement-naturel","8":"product_cat-plein-air","9":"pa_collection-guerison-naturelle","11":"first","12":"instock","13":"purchasable","14":"product-type-simple"},"bundled_by":[],"bundle_stock_status":"instock","bundle_stock_quantity":19,"bundle_virtual":false,"bundle_layout":"","bundle_add_to_cart_form_location":"","bundle_editable_in_cart":false,"bundle_sold_individually_context":"","bundle_item_grouping":"","bundle_min_size":"","bundle_max_size":"","bundled_items":[],"bundle_sell_ids":[],"acf":[],"taxonomy_info":{"product_cat":[{"value":519,"label":"Traitement Naturel"},{"value":527,"label":"traitement naturel"},{"value":528,"label":"En plein air"}],"pa_collection":[{"value":611,"label":"gu\u00e9rison naturelle"}]},"featured_image_src_large":["https:\/\/scullys.eu\/wp-content\/uploads\/2022\/12\/Natrual_Hay_Balm_30gm_1-2-1024x1024.png",1024,1024,true],"author_info":[],"comment_info":"","_links":{"self":[{"href":"https:\/\/scullys.eu\/fr\/wp-json\/wp\/v2\/product\/5335","targetHints":{"allow":["GET"]}}],"collection":[{"href":"https:\/\/scullys.eu\/fr\/wp-json\/wp\/v2\/product"}],"about":[{"href":"https:\/\/scullys.eu\/fr\/wp-json\/wp\/v2\/types\/product"}],"wp:featuredmedia":[{"embeddable":true,"href":"https:\/\/scullys.eu\/fr\/wp-json\/wp\/v2\/media\/5197"}],"wp:attachment":[{"href":"https:\/\/scullys.eu\/fr\/wp-json\/wp\/v2\/media?parent=5335"}],"wp:term":[{"taxonomy":"product_brand","embeddable":true,"href":"https:\/\/scullys.eu\/fr\/wp-json\/wp\/v2\/product_brand?post=5335"},{"taxonomy":"product_cat","embeddable":true,"href":"https:\/\/scullys.eu\/fr\/wp-json\/wp\/v2\/product_cat?post=5335"},{"taxonomy":"product_tag","embeddable":true,"href":"https:\/\/scullys.eu\/fr\/wp-json\/wp\/v2\/product_tag?post=5335"}],"curies":[{"name":"wp","href":"https:\/\/api.w.org\/{rel}","templated":true}]}}