{"id":5334,"date":"2022-12-02T14:04:56","date_gmt":"2022-12-02T13:04:56","guid":{"rendered":"https:\/\/scullys.eu\/shop\/non%20class\u00e9\/natural-healing-nail-balm-blush-peony\/"},"modified":"2024-10-01T00:01:02","modified_gmt":"2024-09-30T22:01:02","slug":"natural-healing-nail-balm-blush-peony","status":"publish","type":"product","link":"https:\/\/scullys.eu\/fr\/pivoine-rouge\/hydratants-blush-peony\/natural-healing-nail-balm-blush-peony\/","title":{"rendered":"Traitement Naturel Baume pour les ongles &#8211; 100% Naturel avec Huiles Essentielles de Pivoine Rose et Coco"},"content":{"rendered":"","protected":false},"excerpt":{"rendered":"<p>Le baume \u00e0 ongles Scullys est fait \u00e0 partir d&rsquo;une base enrichissante enti\u00e8rement naturelle de beurre de karit\u00e9 et de cire d&rsquo;abeille, d\u00e9licatement m\u00e9lang\u00e9e avec des huiles de noix de coco et de pivoine et des extraits de plantes pour aider \u00e0 r\u00e9parer les ongles cassants et exfolier les cuticules. Il ne s&rsquo;agit pas d&rsquo;un m\u00e9dicament ou d&rsquo;une drogue et il n&rsquo;y aura pas d&rsquo;effets secondaires.<\/p>\n","protected":false},"featured_media":5209,"template":"","meta":{"_acf_changed":false,"_kad_blocks_custom_css":"","_kad_blocks_head_custom_js":"","_kad_blocks_body_custom_js":"","_kad_blocks_footer_custom_js":""},"product_brand":[],"product_cat":[466,468,469,547,552,554,499,549,519,521,526,527],"product_tag":[],"class_list":{"0":"post-5334","1":"product","2":"type-product","3":"status-publish","4":"has-post-thumbnail","6":"product_cat-pivoine-rouge","7":"product_cat-hydratants-blush-peony","8":"product_cat-soin-des-ongles-blush-peony","9":"product_cat-soins-des-mains","10":"product_cat-pivoine-blush-soins-des-mains","11":"product_cat-classiques-soins-des-mains","12":"product_cat-cremes-hydratantes-soins-des-mains","13":"product_cat-soins-des-ongles-et-des-mains","14":"product_cat-traitement-naturel","15":"product_cat-pivoine-blush-traitement-naturel","16":"product_cat-cremes-hydratantes-traitement-naturel","17":"product_cat-traitement-naturel-traitement-naturel","18":"pa_fragrance-pivoine-blush","20":"first","21":"instock","22":"purchasable","23":"product-type-simple"},"bundled_by":["4991","5006"],"bundle_stock_status":"instock","bundle_stock_quantity":69,"bundle_virtual":false,"bundle_layout":"","bundle_add_to_cart_form_location":"","bundle_editable_in_cart":false,"bundle_sold_individually_context":"","bundle_item_grouping":"","bundle_min_size":"","bundle_max_size":"","bundled_items":[],"bundle_sell_ids":[],"acf":[],"taxonomy_info":{"product_cat":[{"value":466,"label":"Pivoine Rouge"},{"value":468,"label":"Hydratants Blush Peony"},{"value":469,"label":"Soin des Ongles Blush Peony"},{"value":547,"label":"Mains"},{"value":552,"label":"pivoine blush"},{"value":554,"label":"classiques"},{"value":499,"label":"cr\u00e8mes hydratantes"},{"value":549,"label":"Soins des ongles"},{"value":519,"label":"Traitement Naturel"},{"value":521,"label":"pivoine blush"},{"value":526,"label":"cr\u00e8mes hydratantes"},{"value":527,"label":"traitement naturel"}],"pa_fragrance":[{"value":625,"label":"pivoine blush"}]},"featured_image_src_large":["https:\/\/scullys.eu\/wp-content\/uploads\/2022\/12\/nail_balm-scaled-2-1024x1024.png",1024,1024,true],"author_info":[],"comment_info":"","_links":{"self":[{"href":"https:\/\/scullys.eu\/fr\/wp-json\/wp\/v2\/product\/5334","targetHints":{"allow":["GET"]}}],"collection":[{"href":"https:\/\/scullys.eu\/fr\/wp-json\/wp\/v2\/product"}],"about":[{"href":"https:\/\/scullys.eu\/fr\/wp-json\/wp\/v2\/types\/product"}],"wp:featuredmedia":[{"embeddable":true,"href":"https:\/\/scullys.eu\/fr\/wp-json\/wp\/v2\/media\/5209"}],"wp:attachment":[{"href":"https:\/\/scullys.eu\/fr\/wp-json\/wp\/v2\/media?parent=5334"}],"wp:term":[{"taxonomy":"product_brand","embeddable":true,"href":"https:\/\/scullys.eu\/fr\/wp-json\/wp\/v2\/product_brand?post=5334"},{"taxonomy":"product_cat","embeddable":true,"href":"https:\/\/scullys.eu\/fr\/wp-json\/wp\/v2\/product_cat?post=5334"},{"taxonomy":"product_tag","embeddable":true,"href":"https:\/\/scullys.eu\/fr\/wp-json\/wp\/v2\/product_tag?post=5334"}],"curies":[{"name":"wp","href":"https:\/\/api.w.org\/{rel}","templated":true}]}}