{"id":5324,"date":"2022-12-02T14:05:07","date_gmt":"2022-12-02T13:05:07","guid":{"rendered":"https:\/\/scullys.eu\/shop\/non%20class\u00e9\/soy-wax-candle-white-gardenia\/"},"modified":"2024-10-01T00:01:27","modified_gmt":"2024-09-30T22:01:27","slug":"soy-wax-candle-white-gardenia","status":"publish","type":"product","link":"https:\/\/scullys.eu\/fr\/maison\/gardenia-maison\/soy-wax-candle-white-gardenia\/","title":{"rendered":"Bougie Parfum\u00e9e en cire de soja &#8211; Huile Essentielle de Gardenia"},"content":{"rendered":"","protected":false},"excerpt":{"rendered":"<p>Bougie en cire de soja enti\u00e8rement naturelle, vers\u00e9e \u00e0 la main et infus\u00e9e d&rsquo;huile essentielle de Gard\u00e9nia pour parfumer d\u00e9licatement et cr\u00e9er une ambiance rafra\u00eechissante dans votre maison ou votre bureau. En aromath\u00e9rapie, on attribue \u00e0 l&rsquo;huile de gard\u00e9nia des propri\u00e9t\u00e9s relaxantes et anti-stress, et ses qualit\u00e9s antibact\u00e9riennes pourraient nettoyer l&rsquo;air des agents pathog\u00e8nes en suspension et \u00e9liminer les odeurs, faisant de cette bougie un purificateur d&rsquo;air naturel tout en aidant votre corps et votre esprit \u00e0 se d\u00e9tendre.<\/p>\n","protected":false},"featured_media":5325,"template":"","meta":{"_acf_changed":false,"_kad_blocks_custom_css":"","_kad_blocks_head_custom_js":"","_kad_blocks_body_custom_js":"","_kad_blocks_footer_custom_js":""},"product_brand":[],"product_cat":[483,505,578,584,585],"product_tag":[],"class_list":{"0":"post-5324","1":"product","2":"type-product","3":"status-publish","4":"has-post-thumbnail","6":"product_cat-gardenia","7":"product_cat-maison","8":"product_cat-gardenia-maison","9":"product_cat-bougies-en-cire-de-soja-maison","10":"product_cat-gardenia-blanc-maison","11":"pa_fragrance-gardenia-blanc","12":"pa_product-type-bougies-en-cire-de-soja","14":"first","15":"instock","16":"purchasable","17":"product-type-simple"},"bundled_by":[],"bundle_stock_status":"instock","bundle_stock_quantity":149,"bundle_virtual":false,"bundle_layout":"","bundle_add_to_cart_form_location":"","bundle_editable_in_cart":false,"bundle_sold_individually_context":"","bundle_item_grouping":"","bundle_min_size":"","bundle_max_size":"","bundled_items":[],"bundle_sell_ids":[],"acf":[],"taxonomy_info":{"product_cat":[{"value":483,"label":"Gardenia"},{"value":505,"label":"Maison"},{"value":578,"label":"gard\u00e9nia"},{"value":584,"label":"bougies en cire de soja"},{"value":585,"label":"gard\u00e9nia blanc"}],"pa_fragrance":[{"value":631,"label":"gard\u00e9nia blanc"}],"pa_product-type":[{"value":629,"label":"bougies en cire de soja"}]},"featured_image_src_large":["https:\/\/scullys.eu\/wp-content\/uploads\/2022\/12\/Gardenia_Soy_Candle_180gm_WhiteBG-scaled-1-1024x1024.png",1024,1024,true],"author_info":[],"comment_info":"","_links":{"self":[{"href":"https:\/\/scullys.eu\/fr\/wp-json\/wp\/v2\/product\/5324","targetHints":{"allow":["GET"]}}],"collection":[{"href":"https:\/\/scullys.eu\/fr\/wp-json\/wp\/v2\/product"}],"about":[{"href":"https:\/\/scullys.eu\/fr\/wp-json\/wp\/v2\/types\/product"}],"wp:featuredmedia":[{"embeddable":true,"href":"https:\/\/scullys.eu\/fr\/wp-json\/wp\/v2\/media\/5325"}],"wp:attachment":[{"href":"https:\/\/scullys.eu\/fr\/wp-json\/wp\/v2\/media?parent=5324"}],"wp:term":[{"taxonomy":"product_brand","embeddable":true,"href":"https:\/\/scullys.eu\/fr\/wp-json\/wp\/v2\/product_brand?post=5324"},{"taxonomy":"product_cat","embeddable":true,"href":"https:\/\/scullys.eu\/fr\/wp-json\/wp\/v2\/product_cat?post=5324"},{"taxonomy":"product_tag","embeddable":true,"href":"https:\/\/scullys.eu\/fr\/wp-json\/wp\/v2\/product_tag?post=5324"}],"curies":[{"name":"wp","href":"https:\/\/api.w.org\/{rel}","templated":true}]}}