{"id":5308,"date":"2022-12-02T14:05:07","date_gmt":"2022-12-02T13:05:07","guid":{"rendered":"https:\/\/scullys.eu\/shop\/non%20class\u00e9\/mens-face-moisturiser-with-green-tea\/"},"modified":"2024-10-01T00:01:26","modified_gmt":"2024-09-30T22:01:26","slug":"mens-face-moisturiser-with-green-tea","status":"publish","type":"product","link":"https:\/\/scullys.eu\/fr\/corps\/homme-corps-bain\/mens-face-moisturiser-with-green-tea\/","title":{"rendered":"Hydratant Visage pour homme au Th\u00e9 Vert"},"content":{"rendered":"","protected":false},"excerpt":{"rendered":"<p>Hydratant naturel pour le visage, id\u00e9al pour tous les types de peau, l\u00e9ger et \u00e0 absorption rapide. Avec les propri\u00e9t\u00e9s naturelles du Th\u00e9 Vert, du Prunus Amygdalus Dulcis et de la Lanoline.<br \/>\nA base de glyc\u00e9rine pour ne pas alt\u00e9rer le PH naturel de la peau.<\/p>\n","protected":false},"featured_media":5309,"template":"","meta":{"_acf_changed":false,"_kad_blocks_custom_css":"","_kad_blocks_head_custom_js":"","_kad_blocks_body_custom_js":"","_kad_blocks_footer_custom_js":""},"product_brand":[],"product_cat":[474,536,475,559,590],"product_tag":[],"class_list":{"0":"post-5308","1":"product","2":"type-product","3":"status-publish","4":"has-post-thumbnail","6":"product_cat-corps","7":"product_cat-homme-corps-bain","8":"product_cat-hydratants-soins-du-corps","9":"product_cat-homme","10":"product_cat-cremes-hydratantes-homme","11":"pa_product-type-hydratants","13":"first","14":"instock","15":"purchasable","16":"product-type-simple"},"bundled_by":["5036"],"bundle_stock_status":"instock","bundle_stock_quantity":99,"bundle_virtual":false,"bundle_layout":"","bundle_add_to_cart_form_location":"","bundle_editable_in_cart":false,"bundle_sold_individually_context":"","bundle_item_grouping":"","bundle_min_size":"","bundle_max_size":"","bundled_items":[],"bundle_sell_ids":[],"acf":[],"taxonomy_info":{"product_cat":[{"value":474,"label":"Corps et Bain"},{"value":536,"label":"Homme"},{"value":475,"label":"cr\u00e8mes hydratantes"},{"value":559,"label":"Homme"},{"value":590,"label":"cr\u00e8mes hydratantes"}],"pa_product-type":[{"value":623,"label":"hydratants"}]},"featured_image_src_large":["https:\/\/scullys.eu\/wp-content\/uploads\/2022\/12\/Men_Face_Moisturiser_100ml_White-scaled-1-1024x1024.png",1024,1024,true],"author_info":[],"comment_info":"","_links":{"self":[{"href":"https:\/\/scullys.eu\/fr\/wp-json\/wp\/v2\/product\/5308","targetHints":{"allow":["GET"]}}],"collection":[{"href":"https:\/\/scullys.eu\/fr\/wp-json\/wp\/v2\/product"}],"about":[{"href":"https:\/\/scullys.eu\/fr\/wp-json\/wp\/v2\/types\/product"}],"wp:featuredmedia":[{"embeddable":true,"href":"https:\/\/scullys.eu\/fr\/wp-json\/wp\/v2\/media\/5309"}],"wp:attachment":[{"href":"https:\/\/scullys.eu\/fr\/wp-json\/wp\/v2\/media?parent=5308"}],"wp:term":[{"taxonomy":"product_brand","embeddable":true,"href":"https:\/\/scullys.eu\/fr\/wp-json\/wp\/v2\/product_brand?post=5308"},{"taxonomy":"product_cat","embeddable":true,"href":"https:\/\/scullys.eu\/fr\/wp-json\/wp\/v2\/product_cat?post=5308"},{"taxonomy":"product_tag","embeddable":true,"href":"https:\/\/scullys.eu\/fr\/wp-json\/wp\/v2\/product_tag?post=5308"}],"curies":[{"name":"wp","href":"https:\/\/api.w.org\/{rel}","templated":true}]}}