{"id":5303,"date":"2022-12-02T14:05:07","date_gmt":"2022-12-02T13:05:07","guid":{"rendered":"https:\/\/scullys.eu\/shop\/non%20class\u00e9\/mens-body-gel-wash-bay-tree-spice\/"},"modified":"2024-10-01T00:01:26","modified_gmt":"2024-09-30T22:01:26","slug":"mens-body-gel-wash-bay-tree-spice","status":"publish","type":"product","link":"https:\/\/scullys.eu\/fr\/corps\/douche-bain-soin-du-corps\/mens-body-gel-wash-bay-tree-spice\/","title":{"rendered":"Gel nettoyant douche pour homme &#8211; Laurier et \u00c9pices, Extraits de plantes et huiles essentielles"},"content":{"rendered":"","protected":false},"excerpt":{"rendered":"<p>Gel nettoyant relaxant \u00e0 utiliser sous la douche ou dans le bain. Avec les puissantes propri\u00e9t\u00e9s de l&rsquo;Aloe Vera, des huiles naturelles et des extraits de plantes pour un nettoyage naturel de la peau et une hydratation et une protection optimales. A base de glyc\u00e9rine pour ne pas alt\u00e9rer le PH naturel de la peau.<\/p>\n","protected":false},"featured_media":5304,"template":"","meta":{"_acf_changed":false,"_kad_blocks_custom_css":"","_kad_blocks_head_custom_js":"","_kad_blocks_body_custom_js":"","_kad_blocks_footer_custom_js":""},"product_brand":[],"product_cat":[474,478,536,559,587,592],"product_tag":[],"class_list":{"0":"post-5303","1":"product","2":"type-product","3":"status-publish","4":"has-post-thumbnail","6":"product_cat-corps","7":"product_cat-douche-bain-soin-du-corps","8":"product_cat-homme-corps-bain","9":"product_cat-homme","10":"product_cat-corps-fr","11":"product_cat-douche-et-bain-homme","12":"pa_collection-corps","13":"pa_product-type-douche-et-bain","15":"first","16":"instock","17":"purchasable","18":"product-type-simple"},"bundled_by":["5004","5036"],"bundle_stock_status":"instock","bundle_stock_quantity":141,"bundle_virtual":false,"bundle_layout":"","bundle_add_to_cart_form_location":"","bundle_editable_in_cart":false,"bundle_sold_individually_context":"","bundle_item_grouping":"","bundle_min_size":"","bundle_max_size":"","bundled_items":[],"bundle_sell_ids":[],"acf":[],"taxonomy_info":{"product_cat":[{"value":474,"label":"Corps et Bain"},{"value":478,"label":"douche et bain"},{"value":536,"label":"Homme"},{"value":559,"label":"Homme"},{"value":587,"label":"Corps"},{"value":592,"label":"douche et bain"}],"pa_collection":[{"value":606,"label":"Corps"}],"pa_product-type":[{"value":639,"label":"douche et bain"}]},"featured_image_src_large":["https:\/\/scullys.eu\/wp-content\/uploads\/2022\/12\/Men_Body_Gel_200ml_White-scaled-1-1024x1024.png",1024,1024,true],"author_info":[],"comment_info":"","_links":{"self":[{"href":"https:\/\/scullys.eu\/fr\/wp-json\/wp\/v2\/product\/5303","targetHints":{"allow":["GET"]}}],"collection":[{"href":"https:\/\/scullys.eu\/fr\/wp-json\/wp\/v2\/product"}],"about":[{"href":"https:\/\/scullys.eu\/fr\/wp-json\/wp\/v2\/types\/product"}],"wp:featuredmedia":[{"embeddable":true,"href":"https:\/\/scullys.eu\/fr\/wp-json\/wp\/v2\/media\/5304"}],"wp:attachment":[{"href":"https:\/\/scullys.eu\/fr\/wp-json\/wp\/v2\/media?parent=5303"}],"wp:term":[{"taxonomy":"product_brand","embeddable":true,"href":"https:\/\/scullys.eu\/fr\/wp-json\/wp\/v2\/product_brand?post=5303"},{"taxonomy":"product_cat","embeddable":true,"href":"https:\/\/scullys.eu\/fr\/wp-json\/wp\/v2\/product_cat?post=5303"},{"taxonomy":"product_tag","embeddable":true,"href":"https:\/\/scullys.eu\/fr\/wp-json\/wp\/v2\/product_tag?post=5303"}],"curies":[{"name":"wp","href":"https:\/\/api.w.org\/{rel}","templated":true}]}}