{"id":5288,"date":"2022-12-02T14:05:07","date_gmt":"2022-12-02T13:05:07","guid":{"rendered":"https:\/\/scullys.eu\/shop\/non%20class\u00e9\/mens-talcum-powder-green-tea\/"},"modified":"2024-10-01T00:01:25","modified_gmt":"2024-09-30T22:01:25","slug":"mens-talcum-powder-green-tea","status":"publish","type":"product","link":"https:\/\/scullys.eu\/fr\/corps\/homme-corps-bain\/mens-talcum-powder-green-tea\/","title":{"rendered":"Talc en poudre pour homme &#8211; Th\u00e9 Vert"},"content":{"rendered":"","protected":false},"excerpt":{"rendered":"<p>Cette poudre de luxe vous fera sentir frais et sec pendant la journ\u00e9e, en vous prot\u00e9geant contre la transpiration et les odeurs corporelles. Non seulement il absorbe l&rsquo;humidit\u00e9, mais il apaise et soulage la peau s\u00e8che et irrit\u00e9e.<\/p>\n","protected":false},"featured_media":5289,"template":"","meta":{"_acf_changed":false,"_kad_blocks_custom_css":"","_kad_blocks_head_custom_js":"","_kad_blocks_body_custom_js":"","_kad_blocks_footer_custom_js":""},"product_brand":[],"product_cat":[474,536,480,559,587,594],"product_tag":[],"class_list":{"0":"post-5288","1":"product","2":"type-product","3":"status-publish","4":"has-post-thumbnail","6":"product_cat-corps","7":"product_cat-homme-corps-bain","8":"product_cat-talc-poudre-soin-du-corps","9":"product_cat-homme","10":"product_cat-corps-fr","11":"product_cat-talc-homme","12":"pa_collection-corps","13":"pa_product-type-talc","15":"first","16":"instock","17":"purchasable","18":"product-type-simple"},"bundled_by":[],"bundle_stock_status":"instock","bundle_stock_quantity":100,"bundle_virtual":false,"bundle_layout":"","bundle_add_to_cart_form_location":"","bundle_editable_in_cart":false,"bundle_sold_individually_context":"","bundle_item_grouping":"","bundle_min_size":"","bundle_max_size":"","bundled_items":[],"bundle_sell_ids":[],"acf":[],"taxonomy_info":{"product_cat":[{"value":474,"label":"Corps et Bain"},{"value":536,"label":"Homme"},{"value":480,"label":"talc"},{"value":559,"label":"Homme"},{"value":587,"label":"Corps"},{"value":594,"label":"talc"}],"pa_collection":[{"value":606,"label":"Corps"}],"pa_product-type":[{"value":636,"label":"talc"}]},"featured_image_src_large":["https:\/\/scullys.eu\/wp-content\/uploads\/2022\/12\/Men_talcum_130g_White-scaled-1-1024x1024.png",1024,1024,true],"author_info":[],"comment_info":"","_links":{"self":[{"href":"https:\/\/scullys.eu\/fr\/wp-json\/wp\/v2\/product\/5288","targetHints":{"allow":["GET"]}}],"collection":[{"href":"https:\/\/scullys.eu\/fr\/wp-json\/wp\/v2\/product"}],"about":[{"href":"https:\/\/scullys.eu\/fr\/wp-json\/wp\/v2\/types\/product"}],"wp:featuredmedia":[{"embeddable":true,"href":"https:\/\/scullys.eu\/fr\/wp-json\/wp\/v2\/media\/5289"}],"wp:attachment":[{"href":"https:\/\/scullys.eu\/fr\/wp-json\/wp\/v2\/media?parent=5288"}],"wp:term":[{"taxonomy":"product_brand","embeddable":true,"href":"https:\/\/scullys.eu\/fr\/wp-json\/wp\/v2\/product_brand?post=5288"},{"taxonomy":"product_cat","embeddable":true,"href":"https:\/\/scullys.eu\/fr\/wp-json\/wp\/v2\/product_cat?post=5288"},{"taxonomy":"product_tag","embeddable":true,"href":"https:\/\/scullys.eu\/fr\/wp-json\/wp\/v2\/product_tag?post=5288"}],"curies":[{"name":"wp","href":"https:\/\/api.w.org\/{rel}","templated":true}]}}