{"id":5282,"date":"2022-12-02T14:05:07","date_gmt":"2022-12-02T13:05:07","guid":{"rendered":"https:\/\/scullys.eu\/shop\/non%20class\u00e9\/mens-moisturizing-body-balm\/"},"modified":"2024-10-01T00:01:25","modified_gmt":"2024-09-30T22:01:25","slug":"mens-moisturizing-body-balm","status":"publish","type":"product","link":"https:\/\/scullys.eu\/fr\/corps\/huile-essentielle-soins-du-corps\/mens-moisturizing-body-balm\/","title":{"rendered":"Baume Corporel hydratant pour homme &#8211; 100% Naturel avec Huiles Essentielles de Noix de Coco, Amande, Abricot et Laurier"},"content":{"rendered":"","protected":false},"excerpt":{"rendered":"<p>Alternative naturelle aux cr\u00e8mes et aux lotions. Notre baume hautement concentr\u00e9 va nourrir, hydrater et r\u00e9parer les peaux s\u00e8ches et ab\u00eem\u00e9es. R\u00e9alis\u00e9 \u00e0 partir d&rsquo;une base de cire d&rsquo;abeille, de cire de soja et de beurre de karit\u00e9 enrichie d&rsquo;huiles naturelles de noix de coco, d&rsquo;amande et d&rsquo;abricot connues pour leurs propri\u00e9t\u00e9s r\u00e9paratrices, apaisantes et profond\u00e9ment hydratantes pour la peau.<br \/>\nAide \u00e9galement \u00e0 restaurer l&rsquo;\u00e9clat et l&rsquo;apparence des tatouages.<\/p>\n","protected":false},"featured_media":5283,"template":"","meta":{"_acf_changed":false,"_kad_blocks_custom_css":"","_kad_blocks_head_custom_js":"","_kad_blocks_body_custom_js":"","_kad_blocks_footer_custom_js":""},"product_brand":[],"product_cat":[474,534,536,475,482,559,587,590],"product_tag":[],"class_list":{"0":"post-5282","1":"product","2":"type-product","3":"status-publish","4":"has-post-thumbnail","6":"product_cat-corps","7":"product_cat-huile-essentielle-soins-du-corps","8":"product_cat-homme-corps-bain","9":"product_cat-hydratants-soins-du-corps","10":"product_cat-huile-essentielle","11":"product_cat-homme","12":"product_cat-corps-fr","13":"product_cat-cremes-hydratantes-homme","14":"pa_collection-corps","15":"pa_product-type-hydratants","17":"first","18":"instock","19":"purchasable","20":"product-type-simple"},"bundled_by":["5004","5036"],"bundle_stock_status":"instock","bundle_stock_quantity":111,"bundle_virtual":false,"bundle_layout":"","bundle_add_to_cart_form_location":"","bundle_editable_in_cart":false,"bundle_sold_individually_context":"","bundle_item_grouping":"","bundle_min_size":"","bundle_max_size":"","bundled_items":[],"bundle_sell_ids":[],"acf":[],"taxonomy_info":{"product_cat":[{"value":474,"label":"Corps et Bain"},{"value":534,"label":"Huile Essentielle"},{"value":536,"label":"Homme"},{"value":475,"label":"cr\u00e8mes hydratantes"},{"value":482,"label":"Huile Essentielle"},{"value":559,"label":"Homme"},{"value":587,"label":"Corps"},{"value":590,"label":"cr\u00e8mes hydratantes"}],"pa_collection":[{"value":606,"label":"Corps"}],"pa_product-type":[{"value":623,"label":"hydratants"}]},"featured_image_src_large":["https:\/\/scullys.eu\/wp-content\/uploads\/2022\/12\/Men_Moist_Balm_150g_White-scaled-1-1024x1024.png",1024,1024,true],"author_info":[],"comment_info":"","_links":{"self":[{"href":"https:\/\/scullys.eu\/fr\/wp-json\/wp\/v2\/product\/5282","targetHints":{"allow":["GET"]}}],"collection":[{"href":"https:\/\/scullys.eu\/fr\/wp-json\/wp\/v2\/product"}],"about":[{"href":"https:\/\/scullys.eu\/fr\/wp-json\/wp\/v2\/types\/product"}],"wp:featuredmedia":[{"embeddable":true,"href":"https:\/\/scullys.eu\/fr\/wp-json\/wp\/v2\/media\/5283"}],"wp:attachment":[{"href":"https:\/\/scullys.eu\/fr\/wp-json\/wp\/v2\/media?parent=5282"}],"wp:term":[{"taxonomy":"product_brand","embeddable":true,"href":"https:\/\/scullys.eu\/fr\/wp-json\/wp\/v2\/product_brand?post=5282"},{"taxonomy":"product_cat","embeddable":true,"href":"https:\/\/scullys.eu\/fr\/wp-json\/wp\/v2\/product_cat?post=5282"},{"taxonomy":"product_tag","embeddable":true,"href":"https:\/\/scullys.eu\/fr\/wp-json\/wp\/v2\/product_tag?post=5282"}],"curies":[{"name":"wp","href":"https:\/\/api.w.org\/{rel}","templated":true}]}}