{"id":5281,"date":"2022-12-02T14:05:07","date_gmt":"2022-12-02T13:05:07","guid":{"rendered":"https:\/\/scullys.eu\/shop\/non%20class\u00e9\/baby-teether-scullywags-silicon-natural-wood\/"},"modified":"2024-10-01T00:01:24","modified_gmt":"2024-09-30T22:01:24","slug":"scullywags-silicon-teether-with-wooden-horse","status":"publish","type":"product","link":"https:\/\/scullys.eu\/fr\/bebe\/bebe-bebe\/scullywags-silicon-teether-with-wooden-horse\/","title":{"rendered":"B\u00e9b\u00e9 Anneau de Dentition \u00ab\u00a0Scullywags\u00a0\u00bb &#8211; silicone et bois naturel"},"content":{"rendered":"","protected":false},"excerpt":{"rendered":"<p>Les b\u00e9b\u00e9s qui font leurs dents adorent mordiller des objets, car ils exercent une contre-pression sur leurs gencives douloureuses. Lorsque votre b\u00e9b\u00e9 met tout \u00e0 la bouche, vous voulez que les mat\u00e9riaux utilis\u00e9s soient s\u00fbrs. Notre anneau de dentition Scullywags est fabriqu\u00e9 \u00e0 partir d&rsquo;un bois tr\u00e8s dur et de silicone souple non toxique, et il ne se fend pas et ne se casse pas pendant la mastication.<\/p>\n","protected":false},"featured_media":3717,"template":"","meta":{"_acf_changed":false,"_kad_blocks_custom_css":"","_kad_blocks_head_custom_js":"","_kad_blocks_body_custom_js":"","_kad_blocks_footer_custom_js":""},"product_brand":[],"product_cat":[464,465,570,546,493],"product_tag":[],"class_list":{"0":"post-5281","1":"product","2":"type-product","3":"status-publish","4":"has-post-thumbnail","6":"product_cat-bebe","7":"product_cat-bebe-bebe","8":"product_cat-cadeaux","9":"product_cat-bebe-cadeaux","10":"product_cat-maman-et-bebe-cadeaux","11":"pa_collection-bebe","13":"first","14":"instock","15":"purchasable","16":"product-type-simple"},"bundled_by":["5006","5010"],"bundle_stock_status":"instock","bundle_stock_quantity":100,"bundle_virtual":false,"bundle_layout":"","bundle_add_to_cart_form_location":"","bundle_editable_in_cart":false,"bundle_sold_individually_context":"","bundle_item_grouping":"","bundle_min_size":"","bundle_max_size":"","bundled_items":[],"bundle_sell_ids":[],"acf":[],"taxonomy_info":{"product_cat":[{"value":464,"label":"B\u00e9b\u00e9"},{"value":465,"label":"B\u00e9b\u00e9 B\u00e9b\u00e9"},{"value":570,"label":"Cadeaux"},{"value":546,"label":"b\u00e9b\u00e9"},{"value":493,"label":"Maman et b\u00e9b\u00e9"}],"pa_collection":[{"value":605,"label":"b\u00e9b\u00e9"}]},"featured_image_src_large":["https:\/\/scullys.eu\/wp-content\/uploads\/2022\/12\/baby_teether-2-1024x1024.png",1024,1024,true],"author_info":[],"comment_info":"","_links":{"self":[{"href":"https:\/\/scullys.eu\/fr\/wp-json\/wp\/v2\/product\/5281","targetHints":{"allow":["GET"]}}],"collection":[{"href":"https:\/\/scullys.eu\/fr\/wp-json\/wp\/v2\/product"}],"about":[{"href":"https:\/\/scullys.eu\/fr\/wp-json\/wp\/v2\/types\/product"}],"wp:featuredmedia":[{"embeddable":true,"href":"https:\/\/scullys.eu\/fr\/wp-json\/wp\/v2\/media\/3717"}],"wp:attachment":[{"href":"https:\/\/scullys.eu\/fr\/wp-json\/wp\/v2\/media?parent=5281"}],"wp:term":[{"taxonomy":"product_brand","embeddable":true,"href":"https:\/\/scullys.eu\/fr\/wp-json\/wp\/v2\/product_brand?post=5281"},{"taxonomy":"product_cat","embeddable":true,"href":"https:\/\/scullys.eu\/fr\/wp-json\/wp\/v2\/product_cat?post=5281"},{"taxonomy":"product_tag","embeddable":true,"href":"https:\/\/scullys.eu\/fr\/wp-json\/wp\/v2\/product_tag?post=5281"}],"curies":[{"name":"wp","href":"https:\/\/api.w.org\/{rel}","templated":true}]}}