{"id":5271,"date":"2022-12-02T14:05:07","date_gmt":"2022-12-02T13:05:07","guid":{"rendered":"https:\/\/scullys.eu\/shop\/non%20class\u00e9\/air-light-soy-wax-candle-lavender\/"},"modified":"2024-10-01T00:01:12","modified_gmt":"2024-09-30T22:01:12","slug":"air-light-soy-wax-candle-lavender","status":"publish","type":"product","link":"https:\/\/scullys.eu\/fr\/maison\/lavende-maison\/air-light-soy-wax-candle-lavender\/","title":{"rendered":"Bougie Parfum\u00e9e Air Light \u00e0 la cire de soja &#8211; Huile Essentielle de Lavande"},"content":{"rendered":"","protected":false},"excerpt":{"rendered":"<p>Bougie en cire de soja enti\u00e8rement naturelle, vers\u00e9e \u00e0 la main et infus\u00e9e d&rsquo;huile essentielle de Lavande pour parfumer d\u00e9licatement et cr\u00e9er une ambiance rafra\u00eechissante dans votre maison ou votre bureau. L&rsquo;huile essentielle de lavande est connue pour ses propri\u00e9t\u00e9s nettoyantes, purifiantes et relaxantes, faisant de cette bougie un purificateur d&rsquo;air naturel tout en vous aidant \u00e0 vous d\u00e9tendre.<\/p>\n","protected":false},"featured_media":5272,"template":"","meta":{"_acf_changed":false,"_kad_blocks_custom_css":"","_kad_blocks_head_custom_js":"","_kad_blocks_body_custom_js":"","_kad_blocks_footer_custom_js":""},"product_brand":[],"product_cat":[505,580,584,586,515],"product_tag":[],"class_list":{"0":"post-5271","1":"product","2":"type-product","3":"status-publish","4":"has-post-thumbnail","6":"product_cat-maison","7":"product_cat-lavende-maison","8":"product_cat-bougies-en-cire-de-soja-maison","9":"product_cat-lavende","10":"product_cat-lavender-massage-23-fr","11":"pa_fragrance-lavende","12":"pa_product-type-bougies-en-cire-de-soja","14":"first","15":"instock","16":"purchasable","17":"product-type-simple"},"bundled_by":["5017","5035"],"bundle_stock_status":"instock","bundle_stock_quantity":208,"bundle_virtual":false,"bundle_layout":"","bundle_add_to_cart_form_location":"","bundle_editable_in_cart":false,"bundle_sold_individually_context":"","bundle_item_grouping":"","bundle_min_size":"","bundle_max_size":"","bundled_items":[],"bundle_sell_ids":[],"acf":[],"taxonomy_info":{"product_cat":[{"value":505,"label":"Maison"},{"value":580,"label":"lavende"},{"value":584,"label":"bougies en cire de soja"},{"value":586,"label":"Lavende"},{"value":515,"label":"Lavender massage [disabled]"}],"pa_fragrance":[{"value":622,"label":"lavende"}],"pa_product-type":[{"value":629,"label":"bougies en cire de soja"}]},"featured_image_src_large":["https:\/\/scullys.eu\/wp-content\/uploads\/2022\/12\/Lavender_Airlight_Candle_100gm-scaled-1-1024x1024.png",1024,1024,true],"author_info":[],"comment_info":"","_links":{"self":[{"href":"https:\/\/scullys.eu\/fr\/wp-json\/wp\/v2\/product\/5271","targetHints":{"allow":["GET"]}}],"collection":[{"href":"https:\/\/scullys.eu\/fr\/wp-json\/wp\/v2\/product"}],"about":[{"href":"https:\/\/scullys.eu\/fr\/wp-json\/wp\/v2\/types\/product"}],"wp:featuredmedia":[{"embeddable":true,"href":"https:\/\/scullys.eu\/fr\/wp-json\/wp\/v2\/media\/5272"}],"wp:attachment":[{"href":"https:\/\/scullys.eu\/fr\/wp-json\/wp\/v2\/media?parent=5271"}],"wp:term":[{"taxonomy":"product_brand","embeddable":true,"href":"https:\/\/scullys.eu\/fr\/wp-json\/wp\/v2\/product_brand?post=5271"},{"taxonomy":"product_cat","embeddable":true,"href":"https:\/\/scullys.eu\/fr\/wp-json\/wp\/v2\/product_cat?post=5271"},{"taxonomy":"product_tag","embeddable":true,"href":"https:\/\/scullys.eu\/fr\/wp-json\/wp\/v2\/product_tag?post=5271"}],"curies":[{"name":"wp","href":"https:\/\/api.w.org\/{rel}","templated":true}]}}