{"id":5265,"date":"2022-12-02T14:05:07","date_gmt":"2022-12-02T13:05:07","guid":{"rendered":"https:\/\/scullys.eu\/shop\/non%20class\u00e9\/mens-beard-oil\/"},"modified":"2024-10-01T00:01:11","modified_gmt":"2024-09-30T22:01:11","slug":"mens-beard-oil","status":"publish","type":"product","link":"https:\/\/scullys.eu\/fr\/corps\/huile-essentielle-soins-du-corps\/mens-beard-oil\/","title":{"rendered":"Huile \u00e0 barbe naturel &#8211; 100% M\u00e9lange d&rsquo;Huiles Essentielles"},"content":{"rendered":"","protected":false},"excerpt":{"rendered":"<p>R\u00e9alis\u00e9 avec un m\u00e9lange exceptionnel d&rsquo;huiles naturelles pour favoriser la croissance des poils de barbe, les gardant plus forts et plus sains, sans prurit ! Les huiles d&rsquo;amande et de p\u00e9pins de raisin sont riches en vitamine D et E pour des poils de barbe hydrat\u00e9s, doux et lisses. Les huiles de sauge et de lavande sont connues pour leurs propri\u00e9t\u00e9s nettoyantes et purifiantes. L&rsquo;huile de citron vert est connue pour favoriser la croissance des poils de barbe et leur donner une brillance naturelle. Les huiles de bois de c\u00e8dre, de santal et de lavande compl\u00e8tent le m\u00e9lange avec un parfum tr\u00e8s l\u00e9ger, non envahissant, qui n&rsquo;interf\u00e8re pas avec votre eau de Cologne habituelle.<\/p>\n","protected":false},"featured_media":5266,"template":"","meta":{"_acf_changed":false,"_kad_blocks_custom_css":"","_kad_blocks_head_custom_js":"","_kad_blocks_body_custom_js":"","_kad_blocks_footer_custom_js":""},"product_brand":[],"product_cat":[474,534,536,475,482,559,560,590],"product_tag":[],"class_list":{"0":"post-5265","1":"product","2":"type-product","3":"status-publish","4":"has-post-thumbnail","6":"product_cat-corps","7":"product_cat-huile-essentielle-soins-du-corps","8":"product_cat-homme-corps-bain","9":"product_cat-hydratants-soins-du-corps","10":"product_cat-huile-essentielle","11":"product_cat-homme","12":"product_cat-huile-a-barbe-homme","13":"product_cat-cremes-hydratantes-homme","14":"pa_product-type-huile-a-barbe","16":"first","17":"instock","18":"purchasable","19":"product-type-simple"},"bundled_by":[],"bundle_stock_status":"instock","bundle_stock_quantity":47,"bundle_virtual":false,"bundle_layout":"","bundle_add_to_cart_form_location":"","bundle_editable_in_cart":false,"bundle_sold_individually_context":"","bundle_item_grouping":"","bundle_min_size":"","bundle_max_size":"","bundled_items":[],"bundle_sell_ids":[],"acf":[],"taxonomy_info":{"product_cat":[{"value":474,"label":"Corps et Bain"},{"value":534,"label":"Huile Essentielle"},{"value":536,"label":"Homme"},{"value":475,"label":"cr\u00e8mes hydratantes"},{"value":482,"label":"Huile Essentielle"},{"value":559,"label":"Homme"},{"value":560,"label":"huile \u00e0 barbe"},{"value":590,"label":"cr\u00e8mes hydratantes"}],"pa_product-type":[{"value":635,"label":"huile \u00e0 barbe"}]},"featured_image_src_large":["https:\/\/scullys.eu\/wp-content\/uploads\/2022\/12\/Men_Beard_Oil_60ml_White-scaled-1-1024x1024.png",1024,1024,true],"author_info":[],"comment_info":"","_links":{"self":[{"href":"https:\/\/scullys.eu\/fr\/wp-json\/wp\/v2\/product\/5265","targetHints":{"allow":["GET"]}}],"collection":[{"href":"https:\/\/scullys.eu\/fr\/wp-json\/wp\/v2\/product"}],"about":[{"href":"https:\/\/scullys.eu\/fr\/wp-json\/wp\/v2\/types\/product"}],"wp:featuredmedia":[{"embeddable":true,"href":"https:\/\/scullys.eu\/fr\/wp-json\/wp\/v2\/media\/5266"}],"wp:attachment":[{"href":"https:\/\/scullys.eu\/fr\/wp-json\/wp\/v2\/media?parent=5265"}],"wp:term":[{"taxonomy":"product_brand","embeddable":true,"href":"https:\/\/scullys.eu\/fr\/wp-json\/wp\/v2\/product_brand?post=5265"},{"taxonomy":"product_cat","embeddable":true,"href":"https:\/\/scullys.eu\/fr\/wp-json\/wp\/v2\/product_cat?post=5265"},{"taxonomy":"product_tag","embeddable":true,"href":"https:\/\/scullys.eu\/fr\/wp-json\/wp\/v2\/product_tag?post=5265"}],"curies":[{"name":"wp","href":"https:\/\/api.w.org\/{rel}","templated":true}]}}