{"id":5260,"date":"2022-12-02T14:05:07","date_gmt":"2022-12-02T13:05:07","guid":{"rendered":"https:\/\/scullys.eu\/shop\/non%20class\u00e9\/mens-soap-with-soft-scrub-bay-tree-spice\/"},"modified":"2024-10-01T00:01:11","modified_gmt":"2024-09-30T22:01:11","slug":"mens-soap-with-soft-scrub-bay-tree-spice","status":"publish","type":"product","link":"https:\/\/scullys.eu\/fr\/soins-des-mains\/homme-soins-des-mains\/mens-soap-with-soft-scrub-bay-tree-spice\/","title":{"rendered":"Savon exfoliant doux pour homme &#8211; Laurier et \u00c9pices"},"content":{"rendered":"","protected":false},"excerpt":{"rendered":"<p>Gr\u00e2ce \u00e0 l&rsquo;ajout de coquilles de macadamia finement broy\u00e9es, ce savon nettoie et exfolie naturellement la peau en \u00e9liminant la salet\u00e9 et les taches. A base de glyc\u00e9rine pour ne pas alt\u00e9rer le PH naturel de la peau.<\/p>\n","protected":false},"featured_media":5261,"template":"","meta":{"_acf_changed":false,"_kad_blocks_custom_css":"","_kad_blocks_head_custom_js":"","_kad_blocks_body_custom_js":"","_kad_blocks_footer_custom_js":""},"product_brand":[],"product_cat":[547,548,502,503,559,589,593,600],"product_tag":[],"class_list":{"0":"post-5260","1":"product","2":"type-product","3":"status-publish","4":"has-post-thumbnail","6":"product_cat-soins-des-mains","7":"product_cat-homme-soins-des-mains","8":"product_cat-scrub-hand-care-fr","9":"product_cat-pain-de-savon-soins-des-mains","10":"product_cat-homme","11":"product_cat-mains","12":"product_cat-pain-de-savon-homme","13":"product_cat-savons","14":"pa_collection-mains","15":"pa_product-type-pain-de-savon","17":"first","18":"instock","19":"purchasable","20":"product-type-simple"},"bundled_by":["5004","5036"],"bundle_stock_status":"instock","bundle_stock_quantity":221,"bundle_virtual":false,"bundle_layout":"","bundle_add_to_cart_form_location":"","bundle_editable_in_cart":false,"bundle_sold_individually_context":"","bundle_item_grouping":"","bundle_min_size":"","bundle_max_size":"","bundled_items":[],"bundle_sell_ids":[],"acf":[],"taxonomy_info":{"product_cat":[{"value":547,"label":"Mains"},{"value":548,"label":"Homme"},{"value":502,"label":"scrub"},{"value":503,"label":"pain de savon"},{"value":559,"label":"Homme"},{"value":589,"label":"Mains"},{"value":593,"label":"pain de savon"},{"value":600,"label":"Savons"}],"pa_collection":[{"value":609,"label":"Mains"}],"pa_product-type":[{"value":634,"label":"pain de savon"}]},"featured_image_src_large":["https:\/\/scullys.eu\/wp-content\/uploads\/2022\/12\/Men_Baytree_Soap_150gm_White-scaled-2-1024x1024.png",1024,1024,true],"author_info":[],"comment_info":"","_links":{"self":[{"href":"https:\/\/scullys.eu\/fr\/wp-json\/wp\/v2\/product\/5260","targetHints":{"allow":["GET"]}}],"collection":[{"href":"https:\/\/scullys.eu\/fr\/wp-json\/wp\/v2\/product"}],"about":[{"href":"https:\/\/scullys.eu\/fr\/wp-json\/wp\/v2\/types\/product"}],"wp:featuredmedia":[{"embeddable":true,"href":"https:\/\/scullys.eu\/fr\/wp-json\/wp\/v2\/media\/5261"}],"wp:attachment":[{"href":"https:\/\/scullys.eu\/fr\/wp-json\/wp\/v2\/media?parent=5260"}],"wp:term":[{"taxonomy":"product_brand","embeddable":true,"href":"https:\/\/scullys.eu\/fr\/wp-json\/wp\/v2\/product_brand?post=5260"},{"taxonomy":"product_cat","embeddable":true,"href":"https:\/\/scullys.eu\/fr\/wp-json\/wp\/v2\/product_cat?post=5260"},{"taxonomy":"product_tag","embeddable":true,"href":"https:\/\/scullys.eu\/fr\/wp-json\/wp\/v2\/product_tag?post=5260"}],"curies":[{"name":"wp","href":"https:\/\/api.w.org\/{rel}","templated":true}]}}