{"id":5250,"date":"2022-12-02T14:04:56","date_gmt":"2022-12-02T13:04:56","guid":{"rendered":"https:\/\/scullys.eu\/shop\/non%20class\u00e9\/baby-massage-oil\/"},"modified":"2024-10-01T00:01:08","modified_gmt":"2024-09-30T22:01:08","slug":"baby-massage-oil","status":"publish","type":"product","link":"https:\/\/scullys.eu\/fr\/bebe\/bebe-bebe\/baby-massage-oil\/","title":{"rendered":"B\u00e9b\u00e9 Huile de Massage &#8211; M\u00e9lange Extraordinaire Enti\u00e8rement Naturel d&rsquo;Huiles Essentielles d&rsquo;Amande, de Noyau d&rsquo;Abricot et de Camomille."},"content":{"rendered":"","protected":false},"excerpt":{"rendered":"<p>Le contact physique renforce la proximit\u00e9 entre le b\u00e9b\u00e9 et le parent, et un massage doux peut contribuer \u00e0 apaiser et \u00e0 d\u00e9tendre votre b\u00e9b\u00e9. L&rsquo;huile de massage pour b\u00e9b\u00e9s Scullys, \u00e0 base d&rsquo;huiles d&rsquo;amande et de noyau d&rsquo;abricot et d&rsquo;huile essentielle de camomille, aide \u00e0 nourrir la peau de votre b\u00e9b\u00e9 tout en renfor\u00e7ant le lien entre vous. Pour d\u00e9couvrir toutes les propri\u00e9t\u00e9s exceptionnelles et les b\u00e9n\u00e9fices pour le b\u00e9b\u00e9 des huiles naturelles utilis\u00e9es dans ce produit, visitez notre page Les Ingr\u00e9dients en \u00c9vidence (voir lien sur la page d&rsquo;accueil).<\/p>\n","protected":false},"featured_media":5251,"template":"","meta":{"_acf_changed":false,"_kad_blocks_custom_css":"","_kad_blocks_head_custom_js":"","_kad_blocks_body_custom_js":"","_kad_blocks_footer_custom_js":""},"product_brand":[],"product_cat":[464,465],"product_tag":[],"class_list":{"0":"post-5250","1":"product","2":"type-product","3":"status-publish","4":"has-post-thumbnail","6":"product_cat-bebe","7":"product_cat-bebe-bebe","8":"pa_collection-bebe","10":"first","11":"instock","12":"purchasable","13":"product-type-simple"},"bundled_by":["5006","5010"],"bundle_stock_status":"instock","bundle_stock_quantity":63,"bundle_virtual":false,"bundle_layout":"","bundle_add_to_cart_form_location":"","bundle_editable_in_cart":false,"bundle_sold_individually_context":"","bundle_item_grouping":"","bundle_min_size":"","bundle_max_size":"","bundled_items":[],"bundle_sell_ids":[],"acf":[],"taxonomy_info":{"product_cat":[{"value":464,"label":"B\u00e9b\u00e9"},{"value":465,"label":"B\u00e9b\u00e9 B\u00e9b\u00e9"}],"pa_collection":[{"value":605,"label":"b\u00e9b\u00e9"}]},"featured_image_src_large":["https:\/\/scullys.eu\/wp-content\/uploads\/2022\/12\/Baby_Massage_Oil_120ml_2-1024x1024.png",1024,1024,true],"author_info":[],"comment_info":"","_links":{"self":[{"href":"https:\/\/scullys.eu\/fr\/wp-json\/wp\/v2\/product\/5250","targetHints":{"allow":["GET"]}}],"collection":[{"href":"https:\/\/scullys.eu\/fr\/wp-json\/wp\/v2\/product"}],"about":[{"href":"https:\/\/scullys.eu\/fr\/wp-json\/wp\/v2\/types\/product"}],"wp:featuredmedia":[{"embeddable":true,"href":"https:\/\/scullys.eu\/fr\/wp-json\/wp\/v2\/media\/5251"}],"wp:attachment":[{"href":"https:\/\/scullys.eu\/fr\/wp-json\/wp\/v2\/media?parent=5250"}],"wp:term":[{"taxonomy":"product_brand","embeddable":true,"href":"https:\/\/scullys.eu\/fr\/wp-json\/wp\/v2\/product_brand?post=5250"},{"taxonomy":"product_cat","embeddable":true,"href":"https:\/\/scullys.eu\/fr\/wp-json\/wp\/v2\/product_cat?post=5250"},{"taxonomy":"product_tag","embeddable":true,"href":"https:\/\/scullys.eu\/fr\/wp-json\/wp\/v2\/product_tag?post=5250"}],"curies":[{"name":"wp","href":"https:\/\/api.w.org\/{rel}","templated":true}]}}