{"id":5238,"date":"2022-12-02T14:05:07","date_gmt":"2022-12-02T13:05:07","guid":{"rendered":"https:\/\/scullys.eu\/shop\/non%20class\u00e9\/baby-soap\/"},"modified":"2024-10-01T00:01:09","modified_gmt":"2024-09-30T22:01:09","slug":"baby-soap","status":"publish","type":"product","link":"https:\/\/scullys.eu\/fr\/bebe\/bebe-bebe\/baby-soap\/","title":{"rendered":"B\u00e9b\u00e9 Savon Naturel Extra Doux &#8211; Avec Lait de Ch\u00e8vre, Beurre de Karit\u00e9, Huile d&rsquo;Avocat et Extrait de Camomille."},"content":{"rendered":"","protected":false},"excerpt":{"rendered":"<p>Cr\u00e9\u00e9 sp\u00e9cialement pour la peau d\u00e9licate et sensible du b\u00e9b\u00e9, ce savon nettoyant naturel est fabriqu\u00e9 \u00e0 base de lait de ch\u00e8vre et d&rsquo;huile d&rsquo;avocat et enrichi d&rsquo;un extrait naturel de camomille, parfait pour un usage quotidien fr\u00e9quent. A base de glyc\u00e9rine et de beurre de karit\u00e9, n&rsquo;alt\u00e8re pas le PH naturel de la peau du b\u00e9b\u00e9. Avec l&rsquo;ajout de Cocoate de Sodium et d&rsquo;Olivate de Sodium pour un nettoyage tout naturel et doux.<\/p>\n","protected":false},"featured_media":5239,"template":"","meta":{"_acf_changed":false,"_kad_blocks_custom_css":"","_kad_blocks_head_custom_js":"","_kad_blocks_body_custom_js":"","_kad_blocks_footer_custom_js":""},"product_brand":[],"product_cat":[464,465],"product_tag":[],"class_list":{"0":"post-5238","1":"product","2":"type-product","3":"status-publish","4":"has-post-thumbnail","6":"product_cat-bebe","7":"product_cat-bebe-bebe","8":"pa_collection-bebe","10":"first","11":"instock","12":"purchasable","13":"product-type-simple"},"bundled_by":["5010"],"bundle_stock_status":"instock","bundle_stock_quantity":199,"bundle_virtual":false,"bundle_layout":"","bundle_add_to_cart_form_location":"","bundle_editable_in_cart":false,"bundle_sold_individually_context":"","bundle_item_grouping":"","bundle_min_size":"","bundle_max_size":"","bundled_items":[],"bundle_sell_ids":[],"acf":[],"taxonomy_info":{"product_cat":[{"value":464,"label":"B\u00e9b\u00e9"},{"value":465,"label":"B\u00e9b\u00e9 B\u00e9b\u00e9"}],"pa_collection":[{"value":605,"label":"b\u00e9b\u00e9"}]},"featured_image_src_large":["https:\/\/scullys.eu\/wp-content\/uploads\/2022\/12\/Baby_Soap_Box_75gm-scaled-1-1024x1024.png",1024,1024,true],"author_info":[],"comment_info":"","_links":{"self":[{"href":"https:\/\/scullys.eu\/fr\/wp-json\/wp\/v2\/product\/5238","targetHints":{"allow":["GET"]}}],"collection":[{"href":"https:\/\/scullys.eu\/fr\/wp-json\/wp\/v2\/product"}],"about":[{"href":"https:\/\/scullys.eu\/fr\/wp-json\/wp\/v2\/types\/product"}],"wp:featuredmedia":[{"embeddable":true,"href":"https:\/\/scullys.eu\/fr\/wp-json\/wp\/v2\/media\/5239"}],"wp:attachment":[{"href":"https:\/\/scullys.eu\/fr\/wp-json\/wp\/v2\/media?parent=5238"}],"wp:term":[{"taxonomy":"product_brand","embeddable":true,"href":"https:\/\/scullys.eu\/fr\/wp-json\/wp\/v2\/product_brand?post=5238"},{"taxonomy":"product_cat","embeddable":true,"href":"https:\/\/scullys.eu\/fr\/wp-json\/wp\/v2\/product_cat?post=5238"},{"taxonomy":"product_tag","embeddable":true,"href":"https:\/\/scullys.eu\/fr\/wp-json\/wp\/v2\/product_tag?post=5238"}],"curies":[{"name":"wp","href":"https:\/\/api.w.org\/{rel}","templated":true}]}}