{"id":5231,"date":"2022-12-02T14:05:07","date_gmt":"2022-12-02T13:05:07","guid":{"rendered":"https:\/\/scullys.eu\/shop\/non%20class\u00e9\/baby-botty-balm\/"},"modified":"2024-10-01T00:01:09","modified_gmt":"2024-09-30T22:01:09","slug":"baby-botty-balm","status":"publish","type":"product","link":"https:\/\/scullys.eu\/fr\/bebe\/bebe-bebe\/baby-botty-balm\/","title":{"rendered":"B\u00e9b\u00e9 Baume Apaisant &#8211; Ingr\u00e9dients 100% Naturels avec Beurre de Karit\u00e9 et Huiles Essentielles d&rsquo;Amande, d&rsquo;Abricot et de Camomille."},"content":{"rendered":"","protected":false},"excerpt":{"rendered":"<p>Un baume doux et naturel \u00e0 base de beurre de karit\u00e9 et de cire de carnauba, enrichi d&rsquo;huiles naturelles d&rsquo;amande, d&rsquo;abricot et de camomille qui aident \u00e0 apaiser et \u00e0 prot\u00e9ger les fesses de b\u00e9b\u00e9 contre l&rsquo;\u00e9ryth\u00e8me fessier. Parfait \u00e9galement pour traiter l&rsquo;ecz\u00e9ma et d&rsquo;autres affections cutan\u00e9es. Pour d\u00e9couvrir toutes les propri\u00e9t\u00e9s exceptionnelles et les b\u00e9n\u00e9fices pour le b\u00e9b\u00e9 des huiles naturelles utilis\u00e9es dans ce produit, visitez notre page Les Ingr\u00e9dients en \u00c9vidence (voir lien sur la page d&rsquo;accueil).<\/p>\n","protected":false},"featured_media":5232,"template":"","meta":{"_acf_changed":false,"_kad_blocks_custom_css":"","_kad_blocks_head_custom_js":"","_kad_blocks_body_custom_js":"","_kad_blocks_footer_custom_js":""},"product_brand":[],"product_cat":[464,465],"product_tag":[],"class_list":{"0":"post-5231","1":"product","2":"type-product","3":"status-publish","4":"has-post-thumbnail","6":"product_cat-bebe","7":"product_cat-bebe-bebe","8":"pa_collection-bebe","10":"first","11":"instock","12":"purchasable","13":"product-type-simple"},"bundled_by":["5006","5010"],"bundle_stock_status":"instock","bundle_stock_quantity":181,"bundle_virtual":false,"bundle_layout":"","bundle_add_to_cart_form_location":"","bundle_editable_in_cart":false,"bundle_sold_individually_context":"","bundle_item_grouping":"","bundle_min_size":"","bundle_max_size":"","bundled_items":[],"bundle_sell_ids":[],"acf":[],"taxonomy_info":{"product_cat":[{"value":464,"label":"B\u00e9b\u00e9"},{"value":465,"label":"B\u00e9b\u00e9 B\u00e9b\u00e9"}],"pa_collection":[{"value":605,"label":"b\u00e9b\u00e9"}]},"featured_image_src_large":["https:\/\/scullys.eu\/wp-content\/uploads\/2022\/12\/Baby_Botty_Balm_80gm-1024x1024.png",1024,1024,true],"author_info":[],"comment_info":"","_links":{"self":[{"href":"https:\/\/scullys.eu\/fr\/wp-json\/wp\/v2\/product\/5231","targetHints":{"allow":["GET"]}}],"collection":[{"href":"https:\/\/scullys.eu\/fr\/wp-json\/wp\/v2\/product"}],"about":[{"href":"https:\/\/scullys.eu\/fr\/wp-json\/wp\/v2\/types\/product"}],"wp:featuredmedia":[{"embeddable":true,"href":"https:\/\/scullys.eu\/fr\/wp-json\/wp\/v2\/media\/5232"}],"wp:attachment":[{"href":"https:\/\/scullys.eu\/fr\/wp-json\/wp\/v2\/media?parent=5231"}],"wp:term":[{"taxonomy":"product_brand","embeddable":true,"href":"https:\/\/scullys.eu\/fr\/wp-json\/wp\/v2\/product_brand?post=5231"},{"taxonomy":"product_cat","embeddable":true,"href":"https:\/\/scullys.eu\/fr\/wp-json\/wp\/v2\/product_cat?post=5231"},{"taxonomy":"product_tag","embeddable":true,"href":"https:\/\/scullys.eu\/fr\/wp-json\/wp\/v2\/product_tag?post=5231"}],"curies":[{"name":"wp","href":"https:\/\/api.w.org\/{rel}","templated":true}]}}