{"id":5156,"date":"2022-12-02T14:05:17","date_gmt":"2022-12-02T13:05:17","guid":{"rendered":"https:\/\/scullys.eu\/shop\/non%20class\u00e9\/soap-box-tray-with-recycled-bamboo-and-plastic\/"},"modified":"2024-10-01T00:01:28","modified_gmt":"2024-09-30T22:01:28","slug":"soap-box-tray-with-recycled-bamboo-and-metal-2","status":"publish","type":"product","link":"https:\/\/scullys.eu\/fr\/pivoine-rouge\/pain-de-savon-blush-peony\/soap-box-tray-with-recycled-bamboo-and-metal-2\/","title":{"rendered":"Bo\u00eete \u00e0 Savon avec Goutti\u00e8re  en Fibres de Bambou 100% Recycl\u00e9es"},"content":{"rendered":"","protected":false},"excerpt":{"rendered":"<p>Cette sp\u00e9ciale bo\u00eete \u00e0 savon avec goutti\u00e8re a \u00e9t\u00e9 d\u00e9velopp\u00e9e par SCULLYS en utilisant uniquement des fibres de bambou 100% recycl\u00e9es et enti\u00e8rement biod\u00e9gradables.<br \/>\nUn pas en avant dans le d\u00e9veloppement de produits plus durables et plus respectueux de l&rsquo;environnement !<br \/>\nParfait pour conserver vos barres de savon entre les utilisations ou en voyage, et pour s\u00e9parer votre savon de l&rsquo;eau qui s&rsquo;\u00e9coule apr\u00e8s utilisation. Cet bo\u00eete pratique contient nos savons hydratants de 150g ainsi que nos savons \u00e0 la glyc\u00e9rine de 100g. Parfait comme cadeau avec tous les savons Scullys.<\/p>\n","protected":false},"featured_media":5157,"template":"","meta":{"_acf_changed":false,"_kad_blocks_custom_css":"","_kad_blocks_head_custom_js":"","_kad_blocks_body_custom_js":"","_kad_blocks_footer_custom_js":""},"product_brand":[],"product_cat":[471,569,489,503,505,583,511,593,598,599,600],"product_tag":[],"class_list":{"0":"post-5156","1":"product","2":"type-product","3":"status-publish","4":"has-post-thumbnail","6":"product_cat-pain-de-savon-blush-peony","7":"product_cat-pain-de-savon-gardenia","8":"product_cat-cadeaux-pour-la-maison","9":"product_cat-pain-de-savon-soins-des-mains","10":"product_cat-maison","11":"product_cat-porte-savon-maison","12":"product_cat-pain-de-savon-a-la-lavande","13":"product_cat-pain-de-savon-homme","14":"product_cat-savon-a-la-rose","15":"product_cat-porte-savon","16":"product_cat-savons","17":"pa_product-type-soap-holder-fr","19":"first","20":"instock","21":"purchasable","22":"product-type-simple"},"bundled_by":[],"bundle_stock_status":"instock","bundle_stock_quantity":45,"bundle_virtual":false,"bundle_layout":"","bundle_add_to_cart_form_location":"","bundle_editable_in_cart":false,"bundle_sold_individually_context":"","bundle_item_grouping":"","bundle_min_size":"","bundle_max_size":"","bundled_items":[],"bundle_sell_ids":[],"acf":[],"taxonomy_info":{"product_cat":[{"value":471,"label":"Savon Blush Peony"},{"value":569,"label":"Savon Gardenia"},{"value":489,"label":"Cadeaux pour la maison"},{"value":503,"label":"pain de savon"},{"value":505,"label":"Maison"},{"value":583,"label":"porte-savon"},{"value":511,"label":"Pain de savon \u00e0 la lavande"},{"value":593,"label":"pain de savon"},{"value":598,"label":"Savon \u00e0 la rose"},{"value":599,"label":"Porte-savon"},{"value":600,"label":"Savons"}],"pa_product-type":[{"value":633,"label":"soap holder"}]},"featured_image_src_large":["https:\/\/scullys.eu\/wp-content\/uploads\/2022\/12\/soap_case-scaled-1-1024x1024.png",1024,1024,true],"author_info":[],"comment_info":"","_links":{"self":[{"href":"https:\/\/scullys.eu\/fr\/wp-json\/wp\/v2\/product\/5156","targetHints":{"allow":["GET"]}}],"collection":[{"href":"https:\/\/scullys.eu\/fr\/wp-json\/wp\/v2\/product"}],"about":[{"href":"https:\/\/scullys.eu\/fr\/wp-json\/wp\/v2\/types\/product"}],"wp:featuredmedia":[{"embeddable":true,"href":"https:\/\/scullys.eu\/fr\/wp-json\/wp\/v2\/media\/5157"}],"wp:attachment":[{"href":"https:\/\/scullys.eu\/fr\/wp-json\/wp\/v2\/media?parent=5156"}],"wp:term":[{"taxonomy":"product_brand","embeddable":true,"href":"https:\/\/scullys.eu\/fr\/wp-json\/wp\/v2\/product_brand?post=5156"},{"taxonomy":"product_cat","embeddable":true,"href":"https:\/\/scullys.eu\/fr\/wp-json\/wp\/v2\/product_cat?post=5156"},{"taxonomy":"product_tag","embeddable":true,"href":"https:\/\/scullys.eu\/fr\/wp-json\/wp\/v2\/product_tag?post=5156"}],"curies":[{"name":"wp","href":"https:\/\/api.w.org\/{rel}","templated":true}]}}