{"id":5148,"date":"2022-12-02T14:05:17","date_gmt":"2022-12-02T13:05:17","guid":{"rendered":"https:\/\/scullys.eu\/shop\/non%20class\u00e9\/linen-perfume-spray-refill-bottle-lavender\/"},"modified":"2024-10-01T00:01:28","modified_gmt":"2024-09-30T22:01:28","slug":"linen-perfume-spray-refill-bottle-lavender","status":"publish","type":"product","link":"https:\/\/scullys.eu\/fr\/maison\/blanchisserie-maison\/linen-perfume-spray-refill-bottle-lavender\/","title":{"rendered":"Recharge pour Vaporisateur pour Linge &#8211; Huile Essentielle de Lavande"},"content":{"rendered":"","protected":false},"excerpt":{"rendered":"<p>Notre spray pour le linge est id\u00e9al pour rafra\u00eechir le linge, parfumer vos draps et vous aider \u00e0 passer une bonne nuit de sommeil. Avec de l&rsquo;huile de lavande qui est une huile essentielle relaxante, calmante et purifiante. L&rsquo;huile essentielle de  lavande est un d\u00e9sinfectant naturel, ce qui fait de ce spray pour le linge un purificateur naturel des tissus.<\/p>\n","protected":false},"featured_media":5149,"template":"","meta":{"_acf_changed":false,"_kad_blocks_custom_css":"","_kad_blocks_head_custom_js":"","_kad_blocks_body_custom_js":"","_kad_blocks_footer_custom_js":""},"product_brand":[],"product_cat":[505,579,580,586,515],"product_tag":[],"class_list":{"0":"post-5148","1":"product","2":"type-product","3":"status-publish","4":"has-post-thumbnail","6":"product_cat-maison","7":"product_cat-blanchisserie-maison","8":"product_cat-lavende-maison","9":"product_cat-lavende","10":"product_cat-lavender-massage-23-fr","11":"pa_fragrance-lavende","12":"pa_product-type-blanchisserie","14":"first","15":"instock","16":"purchasable","17":"product-type-simple"},"bundled_by":["5035"],"bundle_stock_status":"instock","bundle_stock_quantity":100,"bundle_virtual":false,"bundle_layout":"","bundle_add_to_cart_form_location":"","bundle_editable_in_cart":false,"bundle_sold_individually_context":"","bundle_item_grouping":"","bundle_min_size":"","bundle_max_size":"","bundled_items":[],"bundle_sell_ids":[],"acf":[],"taxonomy_info":{"product_cat":[{"value":505,"label":"Maison"},{"value":579,"label":"blanchisserie"},{"value":580,"label":"lavende"},{"value":586,"label":"Lavende"},{"value":515,"label":"Lavender massage [disabled]"}],"pa_fragrance":[{"value":622,"label":"lavende"}],"pa_product-type":[{"value":632,"label":"blanchisserie"}]},"featured_image_src_large":["https:\/\/scullys.eu\/wp-content\/uploads\/2022\/12\/Linen_Water_refill_500ml-scaled-1-1024x1024.png",1024,1024,true],"author_info":[],"comment_info":"","_links":{"self":[{"href":"https:\/\/scullys.eu\/fr\/wp-json\/wp\/v2\/product\/5148","targetHints":{"allow":["GET"]}}],"collection":[{"href":"https:\/\/scullys.eu\/fr\/wp-json\/wp\/v2\/product"}],"about":[{"href":"https:\/\/scullys.eu\/fr\/wp-json\/wp\/v2\/types\/product"}],"wp:featuredmedia":[{"embeddable":true,"href":"https:\/\/scullys.eu\/fr\/wp-json\/wp\/v2\/media\/5149"}],"wp:attachment":[{"href":"https:\/\/scullys.eu\/fr\/wp-json\/wp\/v2\/media?parent=5148"}],"wp:term":[{"taxonomy":"product_brand","embeddable":true,"href":"https:\/\/scullys.eu\/fr\/wp-json\/wp\/v2\/product_brand?post=5148"},{"taxonomy":"product_cat","embeddable":true,"href":"https:\/\/scullys.eu\/fr\/wp-json\/wp\/v2\/product_cat?post=5148"},{"taxonomy":"product_tag","embeddable":true,"href":"https:\/\/scullys.eu\/fr\/wp-json\/wp\/v2\/product_tag?post=5148"}],"curies":[{"name":"wp","href":"https:\/\/api.w.org\/{rel}","templated":true}]}}