{"id":5121,"date":"2022-12-02T14:05:17","date_gmt":"2022-12-02T13:05:17","guid":{"rendered":"https:\/\/scullys.eu\/shop\/non%20class\u00e9\/air-light-soy-wax-candle-white-coconut-musk-rose\/"},"modified":"2024-10-01T00:01:07","modified_gmt":"2024-09-30T22:01:07","slug":"air-light-soy-wax-candle-white-coconut-musk-rose","status":"publish","type":"product","link":"https:\/\/scullys.eu\/fr\/maison\/rose-maison\/air-light-soy-wax-candle-white-coconut-musk-rose\/","title":{"rendered":"Bougie Parfum\u00e9e Air Light \u00e0 la cire de soja &#8211; Huiles Essentielles de Noix de coco blanche et Rose musqu\u00e9e"},"content":{"rendered":"","protected":false},"excerpt":{"rendered":"<p>Bougie en cire de soja enti\u00e8rement naturelle, vers\u00e9e \u00e0 la main et infus\u00e9e d&rsquo;huiles essentielles pour parfumer d\u00e9licatement et cr\u00e9er une ambiance rafra\u00eechissante dans votre maison ou votre bureau.<\/p>\n","protected":false},"featured_media":5122,"template":"","meta":{"_acf_changed":false,"_kad_blocks_custom_css":"","_kad_blocks_head_custom_js":"","_kad_blocks_body_custom_js":"","_kad_blocks_footer_custom_js":""},"product_brand":[],"product_cat":[505,582,584,530],"product_tag":[],"class_list":{"0":"post-5121","1":"product","2":"type-product","3":"status-publish","4":"has-post-thumbnail","6":"product_cat-maison","7":"product_cat-rose-maison","8":"product_cat-bougies-en-cire-de-soja-maison","9":"product_cat-rose-fr","10":"pa_fragrance-rose-fr","11":"pa_product-type-bougies-en-cire-de-soja","13":"first","14":"instock","15":"purchasable","16":"product-type-simple"},"bundled_by":[],"bundle_stock_status":"instock","bundle_stock_quantity":222,"bundle_virtual":false,"bundle_layout":"","bundle_add_to_cart_form_location":"","bundle_editable_in_cart":false,"bundle_sold_individually_context":"","bundle_item_grouping":"","bundle_min_size":"","bundle_max_size":"","bundled_items":[],"bundle_sell_ids":[],"acf":[],"taxonomy_info":{"product_cat":[{"value":505,"label":"Maison"},{"value":582,"label":"rose"},{"value":584,"label":"bougies en cire de soja"},{"value":530,"label":"Rose"}],"pa_fragrance":[{"value":628,"label":"rose"}],"pa_product-type":[{"value":629,"label":"bougies en cire de soja"}]},"featured_image_src_large":["https:\/\/scullys.eu\/wp-content\/uploads\/2022\/12\/White_Coconut_Musk_Roses_Candle-scaled-1-1024x1024.png",1024,1024,true],"author_info":[],"comment_info":"","_links":{"self":[{"href":"https:\/\/scullys.eu\/fr\/wp-json\/wp\/v2\/product\/5121","targetHints":{"allow":["GET"]}}],"collection":[{"href":"https:\/\/scullys.eu\/fr\/wp-json\/wp\/v2\/product"}],"about":[{"href":"https:\/\/scullys.eu\/fr\/wp-json\/wp\/v2\/types\/product"}],"wp:featuredmedia":[{"embeddable":true,"href":"https:\/\/scullys.eu\/fr\/wp-json\/wp\/v2\/media\/5122"}],"wp:attachment":[{"href":"https:\/\/scullys.eu\/fr\/wp-json\/wp\/v2\/media?parent=5121"}],"wp:term":[{"taxonomy":"product_brand","embeddable":true,"href":"https:\/\/scullys.eu\/fr\/wp-json\/wp\/v2\/product_brand?post=5121"},{"taxonomy":"product_cat","embeddable":true,"href":"https:\/\/scullys.eu\/fr\/wp-json\/wp\/v2\/product_cat?post=5121"},{"taxonomy":"product_tag","embeddable":true,"href":"https:\/\/scullys.eu\/fr\/wp-json\/wp\/v2\/product_tag?post=5121"}],"curies":[{"name":"wp","href":"https:\/\/api.w.org\/{rel}","templated":true}]}}