{"id":5113,"date":"2022-12-02T14:05:17","date_gmt":"2022-12-02T13:05:17","guid":{"rendered":"https:\/\/scullys.eu\/shop\/non%20class\u00e9\/drawer-sachets-bulgarian-rose\/"},"modified":"2024-10-01T00:01:06","modified_gmt":"2024-09-30T22:01:06","slug":"drawer-sachets-bulgarian-rose","status":"publish","type":"product","link":"https:\/\/scullys.eu\/fr\/maison\/blush-pivoine-maison\/drawer-sachets-bulgarian-rose\/","title":{"rendered":"Sachets de tiroir &#8211; Rose de Bulgarie"},"content":{"rendered":"","protected":false},"excerpt":{"rendered":"<p>Sachet d\u00e9licatement parfum\u00e9 dans un emballage double.<br \/>\nLes roses de la meilleure qualit\u00e9 pour extraire l&rsquo;huile de rose proviennent de la vall\u00e9e des roses en Bulgarie, Rosa Damascena Bulgare, en raison des conditions parfaites du sol et du climat de la r\u00e9gion. Chez Scullys, nous avons d\u00e9velopp\u00e9 notre propre parfum exclusif de rose de Bulgarie.<\/p>\n","protected":false},"featured_media":5114,"template":"","meta":{"_acf_changed":false,"_kad_blocks_custom_css":"","_kad_blocks_head_custom_js":"","_kad_blocks_body_custom_js":"","_kad_blocks_footer_custom_js":""},"product_brand":[],"product_cat":[505,577,581,530],"product_tag":[],"class_list":{"0":"post-5113","1":"product","2":"type-product","3":"status-publish","4":"has-post-thumbnail","6":"product_cat-maison","7":"product_cat-blush-pivoine-maison","8":"product_cat-vaporisateurs-dambiance-et-parfums-maison","9":"product_cat-rose-fr","10":"pa_fragrance-rose-bulgare","11":"pa_product-type-vaporisateurs-dambiance-et-parfums","13":"first","14":"outofstock","15":"purchasable","16":"product-type-simple"},"bundled_by":[],"bundle_stock_status":"outofstock","bundle_stock_quantity":0,"bundle_virtual":false,"bundle_layout":"","bundle_add_to_cart_form_location":"","bundle_editable_in_cart":false,"bundle_sold_individually_context":"","bundle_item_grouping":"","bundle_min_size":"","bundle_max_size":"","bundled_items":[],"bundle_sell_ids":[],"acf":[],"taxonomy_info":{"product_cat":[{"value":505,"label":"Maison"},{"value":577,"label":"blush pivoine"},{"value":581,"label":"vaporisateurs d&#039;ambiance et parfums"},{"value":530,"label":"Rose"}],"pa_fragrance":[{"value":627,"label":"rose bulgare"}],"pa_product-type":[{"value":626,"label":"vaporisateurs d&#039;ambiance et parfums"}]},"featured_image_src_large":["https:\/\/scullys.eu\/wp-content\/uploads\/2022\/12\/Bulgarian_Rose_perfume_sachet_WB-scaled-1-1024x1024.png",1024,1024,true],"author_info":[],"comment_info":"","_links":{"self":[{"href":"https:\/\/scullys.eu\/fr\/wp-json\/wp\/v2\/product\/5113","targetHints":{"allow":["GET"]}}],"collection":[{"href":"https:\/\/scullys.eu\/fr\/wp-json\/wp\/v2\/product"}],"about":[{"href":"https:\/\/scullys.eu\/fr\/wp-json\/wp\/v2\/types\/product"}],"wp:featuredmedia":[{"embeddable":true,"href":"https:\/\/scullys.eu\/fr\/wp-json\/wp\/v2\/media\/5114"}],"wp:attachment":[{"href":"https:\/\/scullys.eu\/fr\/wp-json\/wp\/v2\/media?parent=5113"}],"wp:term":[{"taxonomy":"product_brand","embeddable":true,"href":"https:\/\/scullys.eu\/fr\/wp-json\/wp\/v2\/product_brand?post=5113"},{"taxonomy":"product_cat","embeddable":true,"href":"https:\/\/scullys.eu\/fr\/wp-json\/wp\/v2\/product_cat?post=5113"},{"taxonomy":"product_tag","embeddable":true,"href":"https:\/\/scullys.eu\/fr\/wp-json\/wp\/v2\/product_tag?post=5113"}],"curies":[{"name":"wp","href":"https:\/\/api.w.org\/{rel}","templated":true}]}}