{"id":5103,"date":"2022-12-02T14:05:17","date_gmt":"2022-12-02T13:05:17","guid":{"rendered":"https:\/\/scullys.eu\/shop\/non%20class\u00e9\/room-perfume-spray-lavender\/"},"modified":"2024-10-01T00:01:06","modified_gmt":"2024-09-30T22:01:06","slug":"room-perfume-spray-lavender","status":"publish","type":"product","link":"https:\/\/scullys.eu\/fr\/maison\/lavende-maison\/room-perfume-spray-lavender\/","title":{"rendered":"Spray pour Tissues d&rsquo;Ambiance &#8211; Huile Essentielle de Lavande"},"content":{"rendered":"","protected":false},"excerpt":{"rendered":"<p>Une fa\u00e7on naturelle de cr\u00e9er une ambiance rafra\u00eechissante dans vos espaces domestiques et de travail. Notre spray d&rsquo;ambiance est r\u00e9alis\u00e9 \u00e0 partir de fleurs de lavande fra\u00eechement cueillies et distill\u00e9es \u00e0 la vapeur. Il peut \u00eatre vaporis\u00e9 sans danger sur les tissus de votre chambre, tels que les rideaux, les coussins et les abat-jour, pour cr\u00e9er un parfum agr\u00e9able et apaisant. L&rsquo;huile essentielle de lavande est un d\u00e9sinfectant naturel, ce qui fait de ce spray d&rsquo;ambiance un purificateur d&rsquo;air naturel. <\/p>\n","protected":false},"featured_media":5104,"template":"","meta":{"_acf_changed":false,"_kad_blocks_custom_css":"","_kad_blocks_head_custom_js":"","_kad_blocks_body_custom_js":"","_kad_blocks_footer_custom_js":""},"product_brand":[],"product_cat":[505,580,581,586,515],"product_tag":[],"class_list":{"0":"post-5103","1":"product","2":"type-product","3":"status-publish","4":"has-post-thumbnail","6":"product_cat-maison","7":"product_cat-lavende-maison","8":"product_cat-vaporisateurs-dambiance-et-parfums-maison","9":"product_cat-lavende","10":"product_cat-lavender-massage-23-fr","11":"pa_fragrance-lavende","12":"pa_product-type-vaporisateurs-dambiance-et-parfums","14":"first","15":"instock","16":"purchasable","17":"product-type-simple"},"bundled_by":["5035"],"bundle_stock_status":"instock","bundle_stock_quantity":238,"bundle_virtual":false,"bundle_layout":"","bundle_add_to_cart_form_location":"","bundle_editable_in_cart":false,"bundle_sold_individually_context":"","bundle_item_grouping":"","bundle_min_size":"","bundle_max_size":"","bundled_items":[],"bundle_sell_ids":[],"acf":[],"taxonomy_info":{"product_cat":[{"value":505,"label":"Maison"},{"value":580,"label":"lavende"},{"value":581,"label":"vaporisateurs d&#039;ambiance et parfums"},{"value":586,"label":"Lavende"},{"value":515,"label":"Lavender massage [disabled]"}],"pa_fragrance":[{"value":622,"label":"lavende"}],"pa_product-type":[{"value":626,"label":"vaporisateurs d&#039;ambiance et parfums"}]},"featured_image_src_large":["https:\/\/scullys.eu\/wp-content\/uploads\/2022\/12\/Lavender_Room_Spary-1024x1024.png",1024,1024,true],"author_info":[],"comment_info":"","_links":{"self":[{"href":"https:\/\/scullys.eu\/fr\/wp-json\/wp\/v2\/product\/5103","targetHints":{"allow":["GET"]}}],"collection":[{"href":"https:\/\/scullys.eu\/fr\/wp-json\/wp\/v2\/product"}],"about":[{"href":"https:\/\/scullys.eu\/fr\/wp-json\/wp\/v2\/types\/product"}],"wp:featuredmedia":[{"embeddable":true,"href":"https:\/\/scullys.eu\/fr\/wp-json\/wp\/v2\/media\/5104"}],"wp:attachment":[{"href":"https:\/\/scullys.eu\/fr\/wp-json\/wp\/v2\/media?parent=5103"}],"wp:term":[{"taxonomy":"product_brand","embeddable":true,"href":"https:\/\/scullys.eu\/fr\/wp-json\/wp\/v2\/product_brand?post=5103"},{"taxonomy":"product_cat","embeddable":true,"href":"https:\/\/scullys.eu\/fr\/wp-json\/wp\/v2\/product_cat?post=5103"},{"taxonomy":"product_tag","embeddable":true,"href":"https:\/\/scullys.eu\/fr\/wp-json\/wp\/v2\/product_tag?post=5103"}],"curies":[{"name":"wp","href":"https:\/\/api.w.org\/{rel}","templated":true}]}}