{"id":5082,"date":"2022-12-30T10:12:21","date_gmt":"2022-12-30T09:12:21","guid":{"rendered":"https:\/\/scullys.eu\/shop\/non%20class\u00e9\/baby-care-3d-pack\/"},"modified":"2024-10-01T00:01:29","modified_gmt":"2024-09-30T22:01:29","slug":"baby-care-3d-pack","status":"publish","type":"product","link":"https:\/\/scullys.eu\/fr\/bebe\/bebe-bebe\/baby-care-3d-pack\/","title":{"rendered":"Soins pour B\u00e9b\u00e9 &#8211; coffret 3D"},"content":{"rendered":"","protected":false},"excerpt":{"rendered":"<p class=\"p1\">Cadeau joliment pr\u00e9sent\u00e9 pour toutes futures m\u00e8res ou nouveau-n\u00e9. Ce coffret cadeau sp\u00e9cial comprend 100 ml de lotion pour le corps pour b\u00e9b\u00e9, 80g de Botty Balm, 75 g de savon pour b\u00e9b\u00e9 et un anneau de dentition en silicone avec un cheval en bois.<\/p>\n<p class=\"p1\">Avec une fonction 3D au dos du coffret cadeau pr\u00e9sentant l&rsquo;histoire de Leo le Lion de notre propre Alice<\/p>\n<p><img loading=\"lazy\" decoding=\"async\" class=\"alignnone wp-image-3559 \" src=\"https:\/\/scullys.eu\/wp-content\/uploads\/2022\/12\/WhatsApp-Image-2023-01-05-at-14.27.47-1-250x250.jpeg\" alt=\"\" width=\"178\" height=\"178\" srcset=\"https:\/\/scullys.eu\/wp-content\/uploads\/2022\/12\/WhatsApp-Image-2023-01-05-at-14.27.47-1-250x250.jpeg 250w, https:\/\/scullys.eu\/wp-content\/uploads\/2022\/12\/WhatsApp-Image-2023-01-05-at-14.27.47-1-100x100.jpeg 100w\" sizes=\"auto, (max-width: 178px) 100vw, 178px\" \/> <img loading=\"lazy\" decoding=\"async\" class=\"alignnone wp-image-3562 \" src=\"https:\/\/scullys.eu\/wp-content\/uploads\/2022\/12\/WhatsApp-Image-2023-01-05-at-14.27.47-250x250.jpeg\" alt=\"\" width=\"177\" height=\"177\" srcset=\"https:\/\/scullys.eu\/wp-content\/uploads\/2022\/12\/WhatsApp-Image-2023-01-05-at-14.27.47-250x250.jpeg 250w, https:\/\/scullys.eu\/wp-content\/uploads\/2022\/12\/WhatsApp-Image-2023-01-05-at-14.27.47-100x100.jpeg 100w\" sizes=\"auto, (max-width: 177px) 100vw, 177px\" \/><\/p>\n<p>Ce coffret cadeau contient :<\/p>\n<p class=\"p1\"><span class=\"s1\"><a href=\"https:\/\/scullys.eu\/shop\/baby\/baby-baby\/baby-body-lotion\/\">Baby Body Lotion \u2013 100ml<\/a><br \/>\n<\/span><span class=\"s1\"><a href=\"https:\/\/scullys.eu\/shop\/baby\/baby-baby\/baby-botty-balm\/\">Baby Botty Balm \u2013 80g<\/a><br \/>\n<\/span><span class=\"s1\"><a href=\"https:\/\/scullys.eu\/shop\/baby\/baby-baby\/baby-soap\/\">Baby Soap \u2013 75g<\/a><br \/>\n<\/span><a href=\"https:\/\/scullys.eu\/shop\/baby\/baby-baby\/scullywags-silicon-teether-with-wooden-horse\/\"><span class=\"s1\">Scullywags Teether<\/span><\/a><!--more--><\/p>\n","protected":false},"featured_media":3129,"template":"","meta":{"_acf_changed":false,"_kad_blocks_custom_css":"","_kad_blocks_head_custom_js":"","_kad_blocks_body_custom_js":"","_kad_blocks_footer_custom_js":""},"product_brand":[],"product_cat":[464,465,570,546,493],"product_tag":[],"class_list":{"0":"post-5082","1":"product","2":"type-product","3":"status-publish","4":"has-post-thumbnail","6":"product_cat-bebe","7":"product_cat-bebe-bebe","8":"product_cat-cadeaux","9":"product_cat-bebe-cadeaux","10":"product_cat-maman-et-bebe-cadeaux","12":"first","13":"instock","14":"taxable","15":"shipping-taxable","16":"purchasable","17":"product-type-simple"},"bundled_by":[],"bundle_stock_status":"instock","bundle_stock_quantity":null,"bundle_virtual":false,"bundle_layout":"","bundle_add_to_cart_form_location":"","bundle_editable_in_cart":false,"bundle_sold_individually_context":"","bundle_item_grouping":"","bundle_min_size":"","bundle_max_size":"","bundled_items":[],"bundle_sell_ids":[],"acf":[],"taxonomy_info":{"product_cat":[{"value":464,"label":"B\u00e9b\u00e9"},{"value":465,"label":"B\u00e9b\u00e9 B\u00e9b\u00e9"},{"value":570,"label":"Cadeaux"},{"value":546,"label":"b\u00e9b\u00e9"},{"value":493,"label":"Maman et b\u00e9b\u00e9"}]},"featured_image_src_large":["https:\/\/scullys.eu\/wp-content\/uploads\/2022\/12\/babypack2020_Front-scaled-1-1024x1024.png",1024,1024,true],"author_info":[],"comment_info":"","_links":{"self":[{"href":"https:\/\/scullys.eu\/fr\/wp-json\/wp\/v2\/product\/5082","targetHints":{"allow":["GET"]}}],"collection":[{"href":"https:\/\/scullys.eu\/fr\/wp-json\/wp\/v2\/product"}],"about":[{"href":"https:\/\/scullys.eu\/fr\/wp-json\/wp\/v2\/types\/product"}],"wp:featuredmedia":[{"embeddable":true,"href":"https:\/\/scullys.eu\/fr\/wp-json\/wp\/v2\/media\/3129"}],"wp:attachment":[{"href":"https:\/\/scullys.eu\/fr\/wp-json\/wp\/v2\/media?parent=5082"}],"wp:term":[{"taxonomy":"product_brand","embeddable":true,"href":"https:\/\/scullys.eu\/fr\/wp-json\/wp\/v2\/product_brand?post=5082"},{"taxonomy":"product_cat","embeddable":true,"href":"https:\/\/scullys.eu\/fr\/wp-json\/wp\/v2\/product_cat?post=5082"},{"taxonomy":"product_tag","embeddable":true,"href":"https:\/\/scullys.eu\/fr\/wp-json\/wp\/v2\/product_tag?post=5082"}],"curies":[{"name":"wp","href":"https:\/\/api.w.org\/{rel}","templated":true}]}}