{"id":5057,"date":"2022-12-02T14:04:56","date_gmt":"2022-12-02T13:04:56","guid":{"rendered":"https:\/\/scullys.eu\/shop\/non%20class\u00e9\/gardeners-hand-cream-lavender\/"},"modified":"2024-10-01T00:01:22","modified_gmt":"2024-09-30T22:01:22","slug":"gardeners-hand-cream-lavender","status":"publish","type":"product","link":"https:\/\/scullys.eu\/fr\/soins-des-mains\/du-jardinier-soins-des-mains\/gardeners-hand-cream-lavender\/","title":{"rendered":"Cr\u00e8me pour les Mains Gardener&rsquo;s &#8211; Avec Huile Essentielle de Lavande et Vitamine E"},"content":{"rendered":"","protected":false},"excerpt":{"rendered":"<p>Cr\u00e8me apaisante, protectrice et soignante, riche en vitamine E et en huile essentielle de lavande. Sans parab\u00e8nes, cette cr\u00e8me non grasse et \u00e0 absorption rapide est parfaite pour tous les types de peau. \u00c0 base de glyc\u00e9rine, il n&rsquo;alt\u00e8re pas le PH naturel de la peau.<\/p>\n","protected":false},"featured_media":5058,"template":"","meta":{"_acf_changed":false,"_kad_blocks_custom_css":"","_kad_blocks_head_custom_js":"","_kad_blocks_body_custom_js":"","_kad_blocks_footer_custom_js":""},"product_brand":[],"product_cat":[547,555,498,548,499,501,586,515,508,528,529],"product_tag":[],"class_list":{"0":"post-5057","1":"product","2":"type-product","3":"status-publish","4":"has-post-thumbnail","6":"product_cat-soins-des-mains","7":"product_cat-du-jardinier-soins-des-mains","8":"product_cat-lavende-soins-des-mains","9":"product_cat-homme-soins-des-mains","10":"product_cat-cremes-hydratantes-soins-des-mains","11":"product_cat-en-plein-air-soins-des-mains","12":"product_cat-lavende","13":"product_cat-lavender-massage-23-fr","14":"product_cat-hydratants-a-la-lavande","15":"product_cat-plein-air","16":"product_cat-lavende-plein-air","17":"pa_collection-du-jardinier","18":"pa_fragrance-lavende","19":"pa_product-type-hydratants","21":"first","22":"instock","23":"purchasable","24":"product-type-simple"},"bundled_by":[],"bundle_stock_status":"instock","bundle_stock_quantity":144,"bundle_virtual":false,"bundle_layout":"","bundle_add_to_cart_form_location":"","bundle_editable_in_cart":false,"bundle_sold_individually_context":"","bundle_item_grouping":"","bundle_min_size":"","bundle_max_size":"","bundled_items":[],"bundle_sell_ids":[],"acf":[],"taxonomy_info":{"product_cat":[{"value":547,"label":"Mains"},{"value":555,"label":"du jardinier"},{"value":498,"label":"lavande"},{"value":548,"label":"Homme"},{"value":499,"label":"cr\u00e8mes hydratantes"},{"value":501,"label":"en plein air"},{"value":586,"label":"Lavende"},{"value":515,"label":"Lavender massage [disabled]"},{"value":508,"label":"Hydratants \u00e0 la lavande"},{"value":528,"label":"En plein air"},{"value":529,"label":"lavende"}],"pa_collection":[{"value":608,"label":"du jardinier"}],"pa_fragrance":[{"value":622,"label":"lavende"}],"pa_product-type":[{"value":623,"label":"hydratants"}]},"featured_image_src_large":["https:\/\/scullys.eu\/wp-content\/uploads\/2022\/12\/130g_gardeners_hand_cream_pet_alum1-scaled-1-1024x1024.png",1024,1024,true],"author_info":[],"comment_info":"","_links":{"self":[{"href":"https:\/\/scullys.eu\/fr\/wp-json\/wp\/v2\/product\/5057","targetHints":{"allow":["GET"]}}],"collection":[{"href":"https:\/\/scullys.eu\/fr\/wp-json\/wp\/v2\/product"}],"about":[{"href":"https:\/\/scullys.eu\/fr\/wp-json\/wp\/v2\/types\/product"}],"wp:featuredmedia":[{"embeddable":true,"href":"https:\/\/scullys.eu\/fr\/wp-json\/wp\/v2\/media\/5058"}],"wp:attachment":[{"href":"https:\/\/scullys.eu\/fr\/wp-json\/wp\/v2\/media?parent=5057"}],"wp:term":[{"taxonomy":"product_brand","embeddable":true,"href":"https:\/\/scullys.eu\/fr\/wp-json\/wp\/v2\/product_brand?post=5057"},{"taxonomy":"product_cat","embeddable":true,"href":"https:\/\/scullys.eu\/fr\/wp-json\/wp\/v2\/product_cat?post=5057"},{"taxonomy":"product_tag","embeddable":true,"href":"https:\/\/scullys.eu\/fr\/wp-json\/wp\/v2\/product_tag?post=5057"}],"curies":[{"name":"wp","href":"https:\/\/api.w.org\/{rel}","templated":true}]}}